{"id":9238,"date":"2020-05-11T22:04:24","date_gmt":"2020-05-12T02:04:24","guid":{"rendered":"https:\/\/decepenlinea.uprm.edu\/?post_type=product&#038;p=9238"},"modified":"2022-01-25T18:26:57","modified_gmt":"2022-01-25T22:26:57","slug":"excel-completo-basico-intermedio-y-avanzado-para-empresas-2","status":"publish","type":"product","link":"https:\/\/decepenlinea.uprm.edu\/index.php\/product\/excel-completo-basico-intermedio-y-avanzado-para-empresas-2\/","title":{"rendered":"Excel Completo (B\u00e1sico, Intermedio y Avanzado para Empresas)"},"content":{"rendered":"<\/p>\n<p>El curso de Excel Intermedio permite el conocimiento<br \/>\nintermedio de la herramienta Excel, ense\u00f1ando las operaciones: f\u00f3rmulas, funciones<br \/>\ny gr\u00e1ficos, en el manejo de informaci\u00f3n y las tareas del programa para su<br \/>\naplicaci\u00f3n en entornos laborales y acad\u00e9micos.<\/p>\n<p><\/p>\n","protected":false},"excerpt":{"rendered":"<p>El curso de Excel Intermedio permite el conocimiento intermedio de la herramienta Excel, ense\u00f1ando las operaciones: f\u00f3rmulas, funciones y gr\u00e1ficos, en el manejo de informaci\u00f3n y las tareas del programa &#8230;<\/p>\n","protected":false},"featured_media":0,"comment_status":"closed","ping_status":"closed","template":"","meta":{"_links_to":"","_links_to_target":""},"product_brand":[],"product_cat":[17],"product_tag":[],"class_list":{"0":"post-9238","1":"product","2":"type-product","3":"status-publish","5":"product_cat-uncategorized","7":"first","8":"outofstock","9":"sale","10":"shipping-taxable","11":"purchasable","12":"product-type-simple"},"_links":{"self":[{"href":"https:\/\/decepenlinea.uprm.edu\/index.php\/wp-json\/wp\/v2\/product\/9238","targetHints":{"allow":["GET"]}}],"collection":[{"href":"https:\/\/decepenlinea.uprm.edu\/index.php\/wp-json\/wp\/v2\/product"}],"about":[{"href":"https:\/\/decepenlinea.uprm.edu\/index.php\/wp-json\/wp\/v2\/types\/product"}],"replies":[{"embeddable":true,"href":"https:\/\/decepenlinea.uprm.edu\/index.php\/wp-json\/wp\/v2\/comments?post=9238"}],"wp:attachment":[{"href":"https:\/\/decepenlinea.uprm.edu\/index.php\/wp-json\/wp\/v2\/media?parent=9238"}],"wp:term":[{"taxonomy":"product_brand","embeddable":true,"href":"https:\/\/decepenlinea.uprm.edu\/index.php\/wp-json\/wp\/v2\/product_brand?post=9238"},{"taxonomy":"product_cat","embeddable":true,"href":"https:\/\/decepenlinea.uprm.edu\/index.php\/wp-json\/wp\/v2\/product_cat?post=9238"},{"taxonomy":"product_tag","embeddable":true,"href":"https:\/\/decepenlinea.uprm.edu\/index.php\/wp-json\/wp\/v2\/product_tag?post=9238"}],"curies":[{"name":"wp","href":"https:\/\/api.w.org\/{rel}","templated":true}]}}