{"id":8407,"date":"2020-05-01T13:26:50","date_gmt":"2020-05-01T17:26:50","guid":{"rendered":"https:\/\/decepenlinea.uprm.edu\/?post_type=product&#038;p=8407"},"modified":"2020-07-15T14:12:54","modified_gmt":"2020-07-15T18:12:54","slug":"certificacion-de-educador-virtual-109-37","status":"publish","type":"product","link":"https:\/\/decepenlinea.uprm.edu\/index.php\/product\/certificacion-de-educador-virtual-109-37\/","title":{"rendered":"Certificaci\u00f3n de Educador Virtual (136.25)"},"content":{"rendered":"<p>La Certificaci\u00f3n de Educador Virtual se ha convertido en la credencial m\u00e1s reconocida en el campo de la educaci\u00f3n a distancia en Puerto Rico. Tanto recintos de la Universidad de Puerto Rico como universidades privadas, exigen a sus docentes esta certificaci\u00f3n por ser la m\u00e1s completa y por motivar un cambio real y efectivo en las pr\u00e1cticas educativas en esta modalidad y en la presencial. Esta certificaci\u00f3n profesional capacita a los docentes con los conocimientos y destrezas para establecer una metodolog\u00eda de la ense\u00f1anza a distancia que resulte efectiva para los estudiantes. Tambi\u00e9n desarrolla las destrezas para la creaci\u00f3n de materiales educativos digitales y en el uso del sistema de gerencia de aprendizaje.<\/p>\n<p>La certificaci\u00f3n se compone de una secuencia de tres cursos cortos con una equivalencia a 60 horas contactos.<\/p>\n<p>Cursos que forman parte de la certificaci\u00f3n:<\/p>\n<ol>\n<li><a href=\"https:\/\/decepenlinea.uprm.edu\/index.php\/product\/creacion-de-cursos-en-linea-con-un-modelo-orientado-al-cerebro-s2-2019-2020\/\">Creaci\u00f3n de cursos en l\u00ednea con un modelo orientado al cerebro<\/a> &#8211; Moderado: Profesor: Dr. Jos\u00e9 R. Ferrer<\/li>\n<li><a href=\"https:\/\/decepenlinea.uprm.edu\/index.php\/product\/diseno-y-creacion-de-materiales-educativos-para-cursos-en-linea-s2-2019-2020\/\">Dise\u00f1o y creaci\u00f3n de materiales educativos para cursos en l\u00ednea<\/a> &#8211; Moderado: Profesor: Dr. Jos\u00e9 R. Ferrer<\/li>\n<li><a href=\"https:\/\/decepenlinea.uprm.edu\/index.php\/product\/practica-moodle-3-x\/\">Pr\u00e1ctica en el funcionamiento de Moodle 3.x<\/a> &#8211; Moderado: Profesor: Dr. Jos\u00e9 R. Ferrer<\/li>\n<\/ol>\n<p>Se ofrece un certificado por cada curso completado con la puntuaci\u00f3n m\u00ednima de ejecuci\u00f3n y un certificado de especialidad una vez complete los 3 cursos de manera satisfactoria. Ofrecemos equivalencia para el curso del Sistema de Gesti\u00f3n de Aprendizaje que utilice su instituci\u00f3n.<\/p>\n<p>En esta \u00e1rea estar\u00eda pagando por los 3 cursos en bloque. En los cursos moderados debe esperar la fecha de comienzo de cada uno. Para una descripci\u00f3n m\u00e1s detallada de cada curso puede visitar cada producto de manera individual. Una vez pases por el proceso de pago tendr\u00e1s acceso al Sistema de Gerencia de Aprendizaje de la clase, pero no tendr\u00e1s acceso al contenido hasta la fecha de comienzo del curso.<\/p>\n<div title=\"October 15, 2019 at 3:18:49 PM UTC-4\" data-tooltip=\"October 15, 2019 at 3:18:49 PM UTC-4\">\n<p><strong>*El certificado del curso se enviar\u00e1 digital por correo electr\u00f3nico.<\/strong><\/p>\n<\/div>\n","protected":false},"excerpt":{"rendered":"<p><strong>Horas Contacto: <\/strong>60<\/p>\n","protected":false},"featured_media":0,"comment_status":"closed","ping_status":"closed","template":"","meta":{"_links_to":"","_links_to_target":""},"product_brand":[],"product_cat":[254],"product_tag":[],"class_list":{"0":"post-8407","1":"product","2":"type-product","3":"status-publish","5":"product_cat-upr-mayaguez","7":"first","8":"outofstock","9":"downloadable","10":"virtual","11":"sold-individually","12":"purchasable","13":"product-type-simple"},"_links":{"self":[{"href":"https:\/\/decepenlinea.uprm.edu\/index.php\/wp-json\/wp\/v2\/product\/8407","targetHints":{"allow":["GET"]}}],"collection":[{"href":"https:\/\/decepenlinea.uprm.edu\/index.php\/wp-json\/wp\/v2\/product"}],"about":[{"href":"https:\/\/decepenlinea.uprm.edu\/index.php\/wp-json\/wp\/v2\/types\/product"}],"replies":[{"embeddable":true,"href":"https:\/\/decepenlinea.uprm.edu\/index.php\/wp-json\/wp\/v2\/comments?post=8407"}],"wp:attachment":[{"href":"https:\/\/decepenlinea.uprm.edu\/index.php\/wp-json\/wp\/v2\/media?parent=8407"}],"wp:term":[{"taxonomy":"product_brand","embeddable":true,"href":"https:\/\/decepenlinea.uprm.edu\/index.php\/wp-json\/wp\/v2\/product_brand?post=8407"},{"taxonomy":"product_cat","embeddable":true,"href":"https:\/\/decepenlinea.uprm.edu\/index.php\/wp-json\/wp\/v2\/product_cat?post=8407"},{"taxonomy":"product_tag","embeddable":true,"href":"https:\/\/decepenlinea.uprm.edu\/index.php\/wp-json\/wp\/v2\/product_tag?post=8407"}],"curies":[{"name":"wp","href":"https:\/\/api.w.org\/{rel}","templated":true}]}}