{"id":8393,"date":"2020-05-01T09:56:20","date_gmt":"2020-05-01T13:56:20","guid":{"rendered":"https:\/\/decepenlinea.uprm.edu\/?post_type=product&#038;p=8393"},"modified":"2022-01-25T18:26:54","modified_gmt":"2022-01-25T22:26:54","slug":"ser-mas-creativo","status":"publish","type":"product","link":"https:\/\/decepenlinea.uprm.edu\/index.php\/product\/ser-mas-creativo\/","title":{"rendered":"Ser m\u00e1s creativo"},"content":{"rendered":"<p>En este curso se comparten los conocimientos pr\u00e1cticos y estrategias que te pueden ayudar en el proceso de resolver  problemas de forma creativa. La creatividad es una destreza fascinante que se manifiesta de diferentes formas en cada persona, ya sea para una, varias o muchas disciplinas del saber o el saber hacer. Hay una lucha interna entre lo que entendemos queremos lograr y lo que de verdad hacemos. De esta manera, primero abrazando la idea de que eres lo que haces y no lo que dices o quieres ser, puedes comenzar a desarrollar comportamientos espec\u00edficos que te gu\u00eden en el proceso creativo. En el curso se presentan conceptos, destrezas, tambi\u00e9n actitudes y por supuesto t\u00e9cnicas, estrategias y procedimientos que puedes llevar a cabo para \u201cSer m\u00e1s creativo\u201d. Sin importar si eres ni\u00f1o o ni\u00f1a, hombre o mujer, o de avanzada edad, sin importar tu pa\u00eds de origen, si eres estudiante, sin importar tu condici\u00f3n social, econ\u00f3mica o tu profesi\u00f3n, puedes aprender a \u201cSer m\u00e1s creativo\u201d. <\/p>\n<p>Este es un micro curso autodirigido por m\u00f3dulos, que te ofrece una credencial con certificado de equivalencia a 8 horas contacto donde se demuestra el aprendizaje mediante pruebas objetivas y la tarea de aplicaci\u00f3n final. Podr\u00e1s estudiar a tu propio paso y una vez tengas acceso no hay fechas con las cuales cumplir para las tareas. Solo debes completar el curso antes de concluir el semestre. Al completar el curso, se te otorgar\u00e1 el certificado en formato digital. Una vez pases por el proceso de pago tendr\u00e1s acceso al Sistema de Gerencia de Aprendizaje de la clase, pero no tendr\u00e1s acceso al contenido hasta la fecha de comienzo del curso.<\/p>\n","protected":false},"excerpt":{"rendered":"<p><strong>Instructor:<\/strong> CREAD<\/p>\n<p><strong>Horario:<\/strong> Curso en l\u00ednea &#8211; AUTODIRIGIDO<\/p>\n<p><b>Matricula:<\/b> Hasta el 10 de julio de 2020<\/p>\n<p><b>Acceso al curso:<\/b> Hasta el 31 de julio de 2020<\/p>\n<p><strong>Equivalencia de horas contacto:<\/strong>\u00a08<\/p>\n<p><strong>Espacios:<\/strong>\u00a015<\/p>\n","protected":false},"featured_media":3723,"comment_status":"closed","ping_status":"closed","template":"","meta":{"_links_to":"","_links_to_target":""},"product_brand":[],"product_cat":[17],"product_tag":[],"class_list":{"0":"post-8393","1":"product","2":"type-product","3":"status-publish","4":"has-post-thumbnail","6":"product_cat-uncategorized","8":"first","9":"outofstock","10":"sale","11":"downloadable","12":"virtual","13":"purchasable","14":"product-type-simple"},"_links":{"self":[{"href":"https:\/\/decepenlinea.uprm.edu\/index.php\/wp-json\/wp\/v2\/product\/8393","targetHints":{"allow":["GET"]}}],"collection":[{"href":"https:\/\/decepenlinea.uprm.edu\/index.php\/wp-json\/wp\/v2\/product"}],"about":[{"href":"https:\/\/decepenlinea.uprm.edu\/index.php\/wp-json\/wp\/v2\/types\/product"}],"replies":[{"embeddable":true,"href":"https:\/\/decepenlinea.uprm.edu\/index.php\/wp-json\/wp\/v2\/comments?post=8393"}],"wp:featuredmedia":[{"embeddable":true,"href":"https:\/\/decepenlinea.uprm.edu\/index.php\/wp-json\/wp\/v2\/media\/3723"}],"wp:attachment":[{"href":"https:\/\/decepenlinea.uprm.edu\/index.php\/wp-json\/wp\/v2\/media?parent=8393"}],"wp:term":[{"taxonomy":"product_brand","embeddable":true,"href":"https:\/\/decepenlinea.uprm.edu\/index.php\/wp-json\/wp\/v2\/product_brand?post=8393"},{"taxonomy":"product_cat","embeddable":true,"href":"https:\/\/decepenlinea.uprm.edu\/index.php\/wp-json\/wp\/v2\/product_cat?post=8393"},{"taxonomy":"product_tag","embeddable":true,"href":"https:\/\/decepenlinea.uprm.edu\/index.php\/wp-json\/wp\/v2\/product_tag?post=8393"}],"curies":[{"name":"wp","href":"https:\/\/api.w.org\/{rel}","templated":true}]}}