{"id":8335,"date":"2020-04-29T17:54:35","date_gmt":"2020-04-29T21:54:35","guid":{"rendered":"https:\/\/decepenlinea.uprm.edu\/?post_type=product&#038;p=8335"},"modified":"2022-01-25T18:26:54","modified_gmt":"2022-01-25T22:26:54","slug":"introduccion-a-los-ingresos-pasivos","status":"publish","type":"product","link":"https:\/\/decepenlinea.uprm.edu\/index.php\/product\/introduccion-a-los-ingresos-pasivos\/","title":{"rendered":"Introducci\u00f3n a los Ingresos Pasivos"},"content":{"rendered":"<p>En este curso se presenta la definici\u00f3n de esta pr\u00e1ctica econ\u00f3mica. Se explican los conceptos b\u00e1sicos en la que se sustenta. Luego se presentan ideas que pueden ser utilizadas por las personas para generar ingresos de manera pasiva, con ninguna o poca inversi\u00f3n, sin tener que abandonar su trabajo o sin tener que trabajar en un horario fijo. Tambi\u00e9n se discuten las ventajas y desventajas b\u00e1sicas de cada una de las ideas presentadas. Durante el curso se identifican los conocimientos y herramientas que necesita una persona para poder comenzar a generar ingresos pasivos. Una vez tengas acceso no hay fechas con las cuales cumplir. Podr\u00e1s aprender a tu propio paso. Pero una vez termines se te otorgar\u00e1 el certificado en formato digital.<\/p>\n","protected":false},"excerpt":{"rendered":"<p><strong>Instructor:<\/strong> CREAD<\/p>\n<p><strong>Horario:<\/strong> Curso en l\u00ednea &#8211; AUTODIRIGIDO<\/p>\n<p><b>Matricula:<\/b> Hasta el 10 de julio de 2020<\/p>\n<p><b>Acceso al curso:<\/b> Hasta el 31 de julio de 2020<\/p>\n<p><strong>Equivalencia de horas contacto:<\/strong> 7<\/p>\n<p><strong>Espacios:<\/strong> 15<\/p>\n","protected":false},"featured_media":3721,"comment_status":"closed","ping_status":"closed","template":"","meta":{"_links_to":"","_links_to_target":""},"product_brand":[],"product_cat":[17],"product_tag":[],"class_list":{"0":"post-8335","1":"product","2":"type-product","3":"status-publish","4":"has-post-thumbnail","6":"product_cat-uncategorized","8":"first","9":"outofstock","10":"downloadable","11":"virtual","12":"purchasable","13":"product-type-simple"},"_links":{"self":[{"href":"https:\/\/decepenlinea.uprm.edu\/index.php\/wp-json\/wp\/v2\/product\/8335","targetHints":{"allow":["GET"]}}],"collection":[{"href":"https:\/\/decepenlinea.uprm.edu\/index.php\/wp-json\/wp\/v2\/product"}],"about":[{"href":"https:\/\/decepenlinea.uprm.edu\/index.php\/wp-json\/wp\/v2\/types\/product"}],"replies":[{"embeddable":true,"href":"https:\/\/decepenlinea.uprm.edu\/index.php\/wp-json\/wp\/v2\/comments?post=8335"}],"wp:featuredmedia":[{"embeddable":true,"href":"https:\/\/decepenlinea.uprm.edu\/index.php\/wp-json\/wp\/v2\/media\/3721"}],"wp:attachment":[{"href":"https:\/\/decepenlinea.uprm.edu\/index.php\/wp-json\/wp\/v2\/media?parent=8335"}],"wp:term":[{"taxonomy":"product_brand","embeddable":true,"href":"https:\/\/decepenlinea.uprm.edu\/index.php\/wp-json\/wp\/v2\/product_brand?post=8335"},{"taxonomy":"product_cat","embeddable":true,"href":"https:\/\/decepenlinea.uprm.edu\/index.php\/wp-json\/wp\/v2\/product_cat?post=8335"},{"taxonomy":"product_tag","embeddable":true,"href":"https:\/\/decepenlinea.uprm.edu\/index.php\/wp-json\/wp\/v2\/product_tag?post=8335"}],"curies":[{"name":"wp","href":"https:\/\/api.w.org\/{rel}","templated":true}]}}