{"id":7528,"date":"2020-03-19T17:24:56","date_gmt":"2020-03-19T21:24:56","guid":{"rendered":"https:\/\/decepenlinea.uprm.edu\/?post_type=product&#038;p=7528"},"modified":"2020-03-19T17:36:05","modified_gmt":"2020-03-19T21:36:05","slug":"repaso-de-la-prueba-de-nivel-avanzado-pna-de-precalculo","status":"publish","type":"product","link":"https:\/\/decepenlinea.uprm.edu\/index.php\/product\/repaso-de-la-prueba-de-nivel-avanzado-pna-de-precalculo\/","title":{"rendered":"Repaso de la Prueba de Nivel Avanzado (PNA) de Prec\u00e1lculo"},"content":{"rendered":"<p>Enlace para pago de repaso: <a href=\"https:\/\/enriched-minds.thinkific.com\/courses\/prueba-de-precalculo?ref=0b7c09\" rel=\"noopener noreferrer\" target=\"_blank\">https:\/\/enriched-minds.thinkific.com\/courses\/prueba-de-precalculo?ref=0b7c09<\/a><\/p>\n<p>En este espacio el estudiante podr\u00e1 reservar su espacio para obtener y acceder al repaso que le ayudar\u00e1 a alcanzar una puntuaci\u00f3n perfecta en la prueba de nivel avanzado (PNA) de Prec\u00e1lculo. Una vez realices tu pago, el estudiante podr\u00e1 acceder al repaso desde cualquier lugar que te encuentres, a cualquier hora por 93 d\u00edas utilizando el dispositivo electr\u00f3nico que desee.  <\/p>\n<p>Obtendr\u00e1s pruebas diagn\u00f3sticas, sobre 54 lecciones, explicaciones de conceptos en videos o por escrito y de a\u00fan tener cualquier duda puede comunicarse por medio de la plataforma y un instructor le estar\u00e1 aclarando la misma personalmente. Adicional, recibir\u00e1 una gu\u00eda de estudio la cual establece todo proceso, t\u00e9rminos y propiedades que debe saber para el d\u00eda del examen. El estudiante puede descargar la gu\u00eda de estudio.<\/p>\n","protected":false},"excerpt":{"rendered":"<p>Enlace para pago de repaso: https:\/\/enriched-minds.thinkific.com\/courses\/prueba-de-precalculo?ref=0b7c09 En este espacio el estudiante podr\u00e1 reservar su espacio para obtener y acceder al repaso que le ayudar\u00e1 a alcanzar una puntuaci\u00f3n perfecta en &#8230;<\/p>\n","protected":false},"featured_media":3745,"comment_status":"closed","ping_status":"closed","template":"","meta":{"_links_to":"","_links_to_target":""},"product_brand":[],"product_cat":[254],"product_tag":[],"class_list":{"0":"post-7528","1":"product","2":"type-product","3":"status-publish","4":"has-post-thumbnail","6":"product_cat-upr-mayaguez","8":"first","9":"instock","10":"shipping-taxable","11":"product-type-external"},"_links":{"self":[{"href":"https:\/\/decepenlinea.uprm.edu\/index.php\/wp-json\/wp\/v2\/product\/7528","targetHints":{"allow":["GET"]}}],"collection":[{"href":"https:\/\/decepenlinea.uprm.edu\/index.php\/wp-json\/wp\/v2\/product"}],"about":[{"href":"https:\/\/decepenlinea.uprm.edu\/index.php\/wp-json\/wp\/v2\/types\/product"}],"replies":[{"embeddable":true,"href":"https:\/\/decepenlinea.uprm.edu\/index.php\/wp-json\/wp\/v2\/comments?post=7528"}],"wp:featuredmedia":[{"embeddable":true,"href":"https:\/\/decepenlinea.uprm.edu\/index.php\/wp-json\/wp\/v2\/media\/3745"}],"wp:attachment":[{"href":"https:\/\/decepenlinea.uprm.edu\/index.php\/wp-json\/wp\/v2\/media?parent=7528"}],"wp:term":[{"taxonomy":"product_brand","embeddable":true,"href":"https:\/\/decepenlinea.uprm.edu\/index.php\/wp-json\/wp\/v2\/product_brand?post=7528"},{"taxonomy":"product_cat","embeddable":true,"href":"https:\/\/decepenlinea.uprm.edu\/index.php\/wp-json\/wp\/v2\/product_cat?post=7528"},{"taxonomy":"product_tag","embeddable":true,"href":"https:\/\/decepenlinea.uprm.edu\/index.php\/wp-json\/wp\/v2\/product_tag?post=7528"}],"curies":[{"name":"wp","href":"https:\/\/api.w.org\/{rel}","templated":true}]}}