{"id":7523,"date":"2020-03-19T16:31:16","date_gmt":"2020-03-19T20:31:16","guid":{"rendered":"https:\/\/decepenlinea.uprm.edu\/?post_type=product&#038;p=7523"},"modified":"2020-03-19T17:24:06","modified_gmt":"2020-03-19T21:24:06","slug":"repaso-para-la-matematica-del-college-board-en-linea","status":"publish","type":"product","link":"https:\/\/decepenlinea.uprm.edu\/index.php\/product\/repaso-para-la-matematica-del-college-board-en-linea\/","title":{"rendered":"Repaso para la Matem\u00e1tica del &#8220;College Board&#8221; en l\u00ednea"},"content":{"rendered":"<p>Enlace para pago de repaso: <a href=\"\/\/enriched-minds.thinkific.com\/bundles\/dominar-la-matematica-del-college-board?ref=0b7c09\" rel=\"noopener noreferrer\" target=\"_blank\">https:\/\/enriched-minds.thinkific.com\/bundles\/dominar-la-matematica-del-college-board?ref=0b7c09<\/a><\/p>\n<p>En este espacio el estudiante podr\u00e1 reservar su espacio para obtener y acceder al repaso que le ayudar\u00e1 a alcanzar una puntuaci\u00f3n perfecta en la matem\u00e1tica del College Board. Una vez realices tu pago, el estudiante podr\u00e1 acceder al repaso desde cualquier lugar que te encuentres, a cualquier hora por 93 d\u00edas utilizando el dispositivo electr\u00f3nico que desee.  <\/p>\n<p>Obtendr\u00e1s pruebas diagn\u00f3sticas, sobre 200 ejercicios de pr\u00e1ctica, explicaciones de conceptos en videos o por escrito y de a\u00fan tener cualquier duda puede comunicarse por medio de la plataforma y un instructor le estar\u00e1 aclarando la misma personalmente. Adicional, recibir\u00e1 una gu\u00eda de estudio la cual establece todo proceso, t\u00e9rminos y propiedades que debe saber para el d\u00eda del examen. El estudiante puede descargar la gu\u00eda de estudio.<\/p>\n","protected":false},"excerpt":{"rendered":"<p>Enlace para pago de repaso: https:\/\/enriched-minds.thinkific.com\/bundles\/dominar-la-matematica-del-college-board?ref=0b7c09 En este espacio el estudiante podr\u00e1 reservar su espacio para obtener y acceder al repaso que le ayudar\u00e1 a alcanzar una puntuaci\u00f3n perfecta en &#8230;<\/p>\n","protected":false},"featured_media":3745,"comment_status":"closed","ping_status":"closed","template":"","meta":{"_links_to":"","_links_to_target":""},"product_brand":[],"product_cat":[254],"product_tag":[],"class_list":{"0":"post-7523","1":"product","2":"type-product","3":"status-publish","4":"has-post-thumbnail","6":"product_cat-upr-mayaguez","8":"first","9":"instock","10":"shipping-taxable","11":"product-type-external"},"_links":{"self":[{"href":"https:\/\/decepenlinea.uprm.edu\/index.php\/wp-json\/wp\/v2\/product\/7523","targetHints":{"allow":["GET"]}}],"collection":[{"href":"https:\/\/decepenlinea.uprm.edu\/index.php\/wp-json\/wp\/v2\/product"}],"about":[{"href":"https:\/\/decepenlinea.uprm.edu\/index.php\/wp-json\/wp\/v2\/types\/product"}],"replies":[{"embeddable":true,"href":"https:\/\/decepenlinea.uprm.edu\/index.php\/wp-json\/wp\/v2\/comments?post=7523"}],"wp:featuredmedia":[{"embeddable":true,"href":"https:\/\/decepenlinea.uprm.edu\/index.php\/wp-json\/wp\/v2\/media\/3745"}],"wp:attachment":[{"href":"https:\/\/decepenlinea.uprm.edu\/index.php\/wp-json\/wp\/v2\/media?parent=7523"}],"wp:term":[{"taxonomy":"product_brand","embeddable":true,"href":"https:\/\/decepenlinea.uprm.edu\/index.php\/wp-json\/wp\/v2\/product_brand?post=7523"},{"taxonomy":"product_cat","embeddable":true,"href":"https:\/\/decepenlinea.uprm.edu\/index.php\/wp-json\/wp\/v2\/product_cat?post=7523"},{"taxonomy":"product_tag","embeddable":true,"href":"https:\/\/decepenlinea.uprm.edu\/index.php\/wp-json\/wp\/v2\/product_tag?post=7523"}],"curies":[{"name":"wp","href":"https:\/\/api.w.org\/{rel}","templated":true}]}}