{"id":6286,"date":"2020-02-18T08:48:33","date_gmt":"2020-02-18T12:48:33","guid":{"rendered":"https:\/\/decepenlinea.uprm.edu\/?post_type=product&#038;p=6286"},"modified":"2022-01-25T18:26:53","modified_gmt":"2022-01-25T22:26:53","slug":"flujogramas-para-la-programacion-con-descuento-de-20-00","status":"publish","type":"product","link":"https:\/\/decepenlinea.uprm.edu\/index.php\/product\/flujogramas-para-la-programacion-con-descuento-de-20-00\/","title":{"rendered":"Flujogramas para la Programaci\u00f3n (Con Descuento de $20.00)"},"content":{"rendered":"<p>Los diagramas de flujo o flujogramas son una t\u00e9cnica gr\u00e1fica de representaci\u00f3n de algoritmos en la que se utilizan s\u00edmbolos para representar el flujo de la ejecuci\u00f3n del programa o c\u00f3digo escrito.\u00a0<br \/>T\u00e9cnicas aprendidas te ayudar\u00e1n a definir el comportamiento del programa, dependiendo de las condiciones que se presenten.<\/p>\n","protected":false},"excerpt":{"rendered":"<p><strong>Instructor:<\/strong> Glen Johnston<\/p>\n<p><strong>Horario:<\/strong> Curso en l\u00ednea &#8211; MODERADO<\/p>\n<p><b>Matricula:<\/b> Hasta el 26 de febrero de 2020<\/p>\n<p><b>Comienzo:<\/b>\u00a0 19 de febrero de 2020<\/p>\n<p><b>Culminaci\u00f3n:<\/b> 31 de marzo de 2020<\/p>\n<p><strong>Equivalencia de horas contacto:<\/strong> 15<\/p>\n<p><strong>Espacios:<\/strong>\u00a015<\/p>\n","protected":false},"featured_media":3742,"comment_status":"closed","ping_status":"closed","template":"","meta":{"_links_to":"","_links_to_target":""},"product_brand":[],"product_cat":[17],"product_tag":[],"class_list":{"0":"post-6286","1":"product","2":"type-product","3":"status-publish","4":"has-post-thumbnail","6":"product_cat-uncategorized","8":"first","9":"instock","10":"downloadable","11":"virtual","12":"sold-individually","13":"purchasable","14":"product-type-simple"},"_links":{"self":[{"href":"https:\/\/decepenlinea.uprm.edu\/index.php\/wp-json\/wp\/v2\/product\/6286","targetHints":{"allow":["GET"]}}],"collection":[{"href":"https:\/\/decepenlinea.uprm.edu\/index.php\/wp-json\/wp\/v2\/product"}],"about":[{"href":"https:\/\/decepenlinea.uprm.edu\/index.php\/wp-json\/wp\/v2\/types\/product"}],"replies":[{"embeddable":true,"href":"https:\/\/decepenlinea.uprm.edu\/index.php\/wp-json\/wp\/v2\/comments?post=6286"}],"wp:featuredmedia":[{"embeddable":true,"href":"https:\/\/decepenlinea.uprm.edu\/index.php\/wp-json\/wp\/v2\/media\/3742"}],"wp:attachment":[{"href":"https:\/\/decepenlinea.uprm.edu\/index.php\/wp-json\/wp\/v2\/media?parent=6286"}],"wp:term":[{"taxonomy":"product_brand","embeddable":true,"href":"https:\/\/decepenlinea.uprm.edu\/index.php\/wp-json\/wp\/v2\/product_brand?post=6286"},{"taxonomy":"product_cat","embeddable":true,"href":"https:\/\/decepenlinea.uprm.edu\/index.php\/wp-json\/wp\/v2\/product_cat?post=6286"},{"taxonomy":"product_tag","embeddable":true,"href":"https:\/\/decepenlinea.uprm.edu\/index.php\/wp-json\/wp\/v2\/product_tag?post=6286"}],"curies":[{"name":"wp","href":"https:\/\/api.w.org\/{rel}","templated":true}]}}