{"id":5300,"date":"2020-01-29T08:30:49","date_gmt":"2020-01-29T12:30:49","guid":{"rendered":"https:\/\/decepenlinea.uprm.edu\/?post_type=product&#038;p=5300"},"modified":"2022-01-25T18:26:53","modified_gmt":"2022-01-25T22:26:53","slug":"practica-en-el-funcionamiento-de-moodle-3-x-con-descuento-50","status":"publish","type":"product","link":"https:\/\/decepenlinea.uprm.edu\/index.php\/product\/practica-en-el-funcionamiento-de-moodle-3-x-con-descuento-50\/","title":{"rendered":"Pr\u00e1ctica en el Funcionamiento de Moodle 3.X (Con descuento) (50%)"},"content":{"rendered":"<p>Curso de pr\u00e1ctica donde los participantes tendr\u00e1 la oportunidad de abrir un curso en el Sistema de Gerencia de Aprendizaje determinado. Luego har\u00e1n los ajustes necesarios iniciales para la preparaci\u00f3n del mismo. Seguido crear\u00e1n la primera lecci\u00f3n para una clase, equivalente a la primera semana de clases, a\u00f1adiendo el tema o t\u00edtulo, descripci\u00f3n de la lecci\u00f3n e imagen para identificarla. En adici\u00f3n crear\u00e1n secciones dentro de la lecci\u00f3n como \u00e1rea de contenido mediante videos, lecturas y enlaces, en adici\u00f3n a actividades como foros, encuestas y pruebas entre otras.<\/p>\n","protected":false},"excerpt":{"rendered":"<p><strong>Profesor:<\/strong> Dr. Jos\u00e9 R. Ferrer L\u00f3pez<\/p>\n<p><strong>Horario:<\/strong> Curso en l\u00ednea &#8211; MODERADO<\/p>\n<p><b>Matricula:<\/b> Hasta el 15 de abril de 2020<\/p>\n<p><b>Comienzo:<\/b>\u00a0 8 de abril de 2020<\/p>\n<p><b>Culminaci\u00f3n:<\/b> 12 de mayo de 2020<\/p>\n<p><strong>Equivalencia de horas contacto:<\/strong> 15<\/p>\n<p><strong>Espacios:<\/strong> 15<\/p>\n","protected":false},"featured_media":3734,"comment_status":"closed","ping_status":"closed","template":"","meta":{"_links_to":"","_links_to_target":""},"product_brand":[],"product_cat":[17],"product_tag":[],"class_list":{"0":"post-5300","1":"product","2":"type-product","3":"status-publish","4":"has-post-thumbnail","6":"product_cat-uncategorized","8":"first","9":"outofstock","10":"downloadable","11":"virtual","12":"purchasable","13":"product-type-simple"},"_links":{"self":[{"href":"https:\/\/decepenlinea.uprm.edu\/index.php\/wp-json\/wp\/v2\/product\/5300","targetHints":{"allow":["GET"]}}],"collection":[{"href":"https:\/\/decepenlinea.uprm.edu\/index.php\/wp-json\/wp\/v2\/product"}],"about":[{"href":"https:\/\/decepenlinea.uprm.edu\/index.php\/wp-json\/wp\/v2\/types\/product"}],"replies":[{"embeddable":true,"href":"https:\/\/decepenlinea.uprm.edu\/index.php\/wp-json\/wp\/v2\/comments?post=5300"}],"wp:featuredmedia":[{"embeddable":true,"href":"https:\/\/decepenlinea.uprm.edu\/index.php\/wp-json\/wp\/v2\/media\/3734"}],"wp:attachment":[{"href":"https:\/\/decepenlinea.uprm.edu\/index.php\/wp-json\/wp\/v2\/media?parent=5300"}],"wp:term":[{"taxonomy":"product_brand","embeddable":true,"href":"https:\/\/decepenlinea.uprm.edu\/index.php\/wp-json\/wp\/v2\/product_brand?post=5300"},{"taxonomy":"product_cat","embeddable":true,"href":"https:\/\/decepenlinea.uprm.edu\/index.php\/wp-json\/wp\/v2\/product_cat?post=5300"},{"taxonomy":"product_tag","embeddable":true,"href":"https:\/\/decepenlinea.uprm.edu\/index.php\/wp-json\/wp\/v2\/product_tag?post=5300"}],"curies":[{"name":"wp","href":"https:\/\/api.w.org\/{rel}","templated":true}]}}