{"id":45270,"date":"2025-09-16T16:32:05","date_gmt":"2025-09-16T20:32:05","guid":{"rendered":"https:\/\/decepenlinea.uprm.edu\/?post_type=product&#038;p=45270"},"modified":"2025-09-30T10:52:27","modified_gmt":"2025-09-30T14:52:27","slug":"fundamentos-de-la-inteligencia-artificial-para-educadores-de-educacion-especial","status":"publish","type":"product","link":"https:\/\/decepenlinea.uprm.edu\/index.php\/product\/fundamentos-de-la-inteligencia-artificial-para-educadores-de-educacion-especial\/","title":{"rendered":"Fundamentos de la Inteligencia Artificial para Educadores de Educaci\u00f3n Especial"},"content":{"rendered":"<p data-start=\"390\" data-end=\"652\">La inteligencia artificial (IA) abre nuevas oportunidades para apoyar la inclusi\u00f3n y la ense\u00f1anza diferenciada. Este curso en l\u00ednea te permitir\u00e1 comprender los fundamentos de la IA y c\u00f3mo aplicarlos en la educaci\u00f3n especial de manera cr\u00edtica, \u00e9tica y creativa.<\/p>\n<p data-start=\"654\" data-end=\"696\">A lo largo de cinco m\u00f3dulos, explorar\u00e1s:<\/p>\n<ul data-start=\"697\" data-end=\"1383\">\n<li data-start=\"697\" data-end=\"747\">\n<p data-start=\"699\" data-end=\"747\">Los conceptos b\u00e1sicos y la evoluci\u00f3n de la IA.<\/p>\n<\/li>\n<li data-start=\"748\" data-end=\"872\">\n<p data-start=\"750\" data-end=\"872\">C\u00f3mo los est\u00e1ndares de ISTE, CAEP y el Departamento de Educaci\u00f3n orientan el uso responsable de la IA en el aprendizaje.<\/p>\n<\/li>\n<li data-start=\"873\" data-end=\"969\">\n<p data-start=\"875\" data-end=\"969\">Los principios \u00e9ticos de la UNESCO y c\u00f3mo atender sesgos, riesgos y problemas de privacidad.<\/p>\n<\/li>\n<li data-start=\"970\" data-end=\"1136\">\n<p data-start=\"972\" data-end=\"1136\">Aplicaciones pr\u00e1cticas de IA para la educaci\u00f3n especial: creaci\u00f3n de materiales accesibles, an\u00e1lisis de necesidades individuales y apoyo con asistentes virtuales.<\/p>\n<\/li>\n<li data-start=\"1137\" data-end=\"1224\">\n<p data-start=\"1139\" data-end=\"1224\">Las competencias digitales docentes y las tendencias emergentes de la IA educativa.<\/p>\n<\/li>\n<li data-start=\"1225\" data-end=\"1383\">\n<p data-start=\"1227\" data-end=\"1383\">Un m\u00f3dulo especial sobre <strong data-start=\"1252\" data-end=\"1323\">ingenier\u00eda de prompts aplicada a la ense\u00f1anza de Educaci\u00f3n Especial<\/strong>, acompa\u00f1ado de un eBook exclusivo con ejemplos pr\u00e1cticos.<\/p>\n<\/li>\n<\/ul>\n<p data-start=\"444\" data-end=\"687\"><strong>Modalidad del curso:<\/strong><\/p>\n<p>Este es un curso autodirigido, en modalidad asincr\u00f3nica que te ofrece una credencial con certificado de equivalencia de 6 horas contacto. Se utiliza una estructura que facilita la participaci\u00f3n del estudiante. Las t\u00e9cnicas incluyen video aprendizaje, micro aprendizaje, aprendizaje social y aprendizaje m\u00f3vil.\u00a0 Es un curso flexible ya que se puede participar en cualquier momento y desde cualquier lugar que te encuentres mientras dure el curso.<\/p>\n<p>Una vez pases por el proceso de pago tendr\u00e1s acceso de inmediato al Sistema de Gerencia de Aprendizaje de la clase, todas las lecciones se encontrar\u00e1n abiertas y podr\u00e1s realizar el curso a tu propio paso hasta la fecha de cierre establecida.<\/p>\n<p>Se ofrece un certificado de aprobaci\u00f3n al haber completado el curso con la puntuaci\u00f3n m\u00ednima de ejecuci\u00f3n.<\/p>\n<p><strong>*El certificado del curso se enviar\u00e1 digital por correo electr\u00f3nico.<\/strong><\/p>\n<p>&nbsp;<\/p>\n<p><strong>*\u00bfQu\u00e9 son los cursos autodirigidos?<\/strong><\/p>\n<p>Los cursos autodirigidos son aquellos con una metodolog\u00eda autodidacta. Por lo regular no tienen fecha de comienzo, pero si de cierre. No suele haber metodolog\u00eda de aprendizaje social en estos cursos. Puedes consumir los materiales educativos y participar de cada m\u00f3dulo a tu propio paso, siempre velando que hay una fecha de cierre para la que se espera concluya el curso. En los cursos autodirigidos una vez pasas por el proceso de pago, tendr\u00e1s acceso de inmediato al curso.<\/p>\n","protected":false},"excerpt":{"rendered":"<p><strong>Instructor:<\/strong> CREAD<\/p>\n<p><strong>Horario:<\/strong> Curso en l\u00ednea &#8211; AUTODIRIGIDO<\/p>\n<p><strong>Acceso al curso:<\/strong> Una vez pase por el proceso de pago, tendr\u00e1 acceso al curso de forma inmediata. Las pruebas y tareas cerrar\u00e1n el 12 de diciembre de 2025, pero tendr\u00e1 acceso a los materiales de forma indefinida.<\/p>\n<p><strong>Equivalencia de horas contacto:<\/strong> 6<\/p>\n<p><strong>Espacios:<\/strong>\u00a015<\/p>\n","protected":false},"featured_media":17874,"comment_status":"closed","ping_status":"closed","template":"","meta":{"_links_to":"","_links_to_target":""},"product_brand":[],"product_cat":[17,11147],"product_tag":[],"class_list":{"0":"post-45270","1":"product","2":"type-product","3":"status-publish","4":"has-post-thumbnail","6":"product_cat-uncategorized","7":"product_cat-cursos2025","9":"first","10":"instock","11":"sale","12":"downloadable","13":"virtual","14":"purchasable","15":"product-type-simple"},"_links":{"self":[{"href":"https:\/\/decepenlinea.uprm.edu\/index.php\/wp-json\/wp\/v2\/product\/45270","targetHints":{"allow":["GET"]}}],"collection":[{"href":"https:\/\/decepenlinea.uprm.edu\/index.php\/wp-json\/wp\/v2\/product"}],"about":[{"href":"https:\/\/decepenlinea.uprm.edu\/index.php\/wp-json\/wp\/v2\/types\/product"}],"replies":[{"embeddable":true,"href":"https:\/\/decepenlinea.uprm.edu\/index.php\/wp-json\/wp\/v2\/comments?post=45270"}],"wp:featuredmedia":[{"embeddable":true,"href":"https:\/\/decepenlinea.uprm.edu\/index.php\/wp-json\/wp\/v2\/media\/17874"}],"wp:attachment":[{"href":"https:\/\/decepenlinea.uprm.edu\/index.php\/wp-json\/wp\/v2\/media?parent=45270"}],"wp:term":[{"taxonomy":"product_brand","embeddable":true,"href":"https:\/\/decepenlinea.uprm.edu\/index.php\/wp-json\/wp\/v2\/product_brand?post=45270"},{"taxonomy":"product_cat","embeddable":true,"href":"https:\/\/decepenlinea.uprm.edu\/index.php\/wp-json\/wp\/v2\/product_cat?post=45270"},{"taxonomy":"product_tag","embeddable":true,"href":"https:\/\/decepenlinea.uprm.edu\/index.php\/wp-json\/wp\/v2\/product_tag?post=45270"}],"curies":[{"name":"wp","href":"https:\/\/api.w.org\/{rel}","templated":true}]}}