{"id":45006,"date":"2025-08-06T08:31:16","date_gmt":"2025-08-06T12:31:16","guid":{"rendered":"https:\/\/decepenlinea.uprm.edu\/?post_type=product&#038;p=45006"},"modified":"2025-09-16T17:19:44","modified_gmt":"2025-09-16T21:19:44","slug":"maestros-cooperadores-primera-vez-14","status":"publish","type":"product","link":"https:\/\/decepenlinea.uprm.edu\/index.php\/product\/maestros-cooperadores-primera-vez-14\/","title":{"rendered":"Maestros Cooperadores &#8211; PRIMERA VEZ"},"content":{"rendered":"<p dir=\"ltr\" style=\"text-align: left;\">Mediante este curso, se preparar\u00e1n educadores de excelencia en la sala de clases para supervisar a los candidatos a maestro de las distintas instituciones universitarias. El mismo abarca desde el nivel preescolar hasta el secundario. En el contenido del curso se fomenta el desarrollo de las competencias necesarias para realizar una labor de excelencia en la supervisi\u00f3n de los candidatos a maestro. Como parte de la experiencia educativa, se har\u00e1 \u00e9nfasis en el desarrollo de competencias relativas a las tareas de supervisi\u00f3n como lo son planificaci\u00f3n, orientaci\u00f3n, comunicaci\u00f3n, retroalimentaci\u00f3n y evaluaci\u00f3n. Uno de los componentes esenciales del curso, es el an\u00e1lisis de las pol\u00edticas y los procedimientos normativos que rigen el Programa de Pr\u00e1ctica Docente del Departamento de Educaci\u00f3n de Puerto Rico y de las instituciones universitarias con Programas de Preparaci\u00f3n de Maestros. Adem\u00e1s, se discute el modelo andrag\u00f3gico y los procesos de una pr\u00e1ctica docente facilitadora y pertinente para el desarrollo profesional del futuro maestro.<\/p>\n<p><strong>Modalidad del curso:<\/strong><\/p>\n<p>Este es un curso autodirigido, en modalidad asincr\u00f3nica que te ofrece una credencial con certificado de equivalencia de 45 horas contacto. Se utiliza una estructura que facilita la participaci\u00f3n del estudiante. Las t\u00e9cnicas incluyen video aprendizaje, micro aprendizaje, aprendizaje social y aprendizaje m\u00f3vil.\u00a0 Es un curso flexible ya que se puede participar en cualquier momento y desde cualquier lugar que te encuentres mientras dure el curso.<\/p>\n<p>Una vez pases por el proceso de pago tendr\u00e1s acceso de inmediato al Sistema de Gerencia de Aprendizaje de la clase, todas las lecciones se encontrar\u00e1n abiertas y podr\u00e1s realizar el curso a tu propio paso hasta la fecha de cierre establecida.<\/p>\n<p>Se ofrece un certificado de aprobaci\u00f3n al haber completado el curso con la puntuaci\u00f3n m\u00ednima de ejecuci\u00f3n.<\/p>\n<p><strong>*El certificado del curso se enviar\u00e1 digital por correo electr\u00f3nico.<\/strong><\/p>\n<p>&nbsp;<\/p>\n<p><strong>*\u00bfQu\u00e9 son los cursos autodirigidos?<\/strong><\/p>\n<p>Los cursos autodirigidos son aquellos con una metodolog\u00eda autodidacta. Por lo regular no tienen fecha de comienzo, pero si de cierre. No suele haber metodolog\u00eda de aprendizaje social en estos cursos. Puedes consumir los materiales educativos y participar de cada m\u00f3dulo a tu propio paso, siempre velando que hay una fecha de cierre para la que se espera concluya el curso. En los cursos autodirigidos una vez pasas por el proceso de pago, tendr\u00e1s acceso de inmediato al curso.<\/p>\n","protected":false},"excerpt":{"rendered":"<p><strong>Instructor:<\/strong> CREAD<\/p>\n<p><strong>Horario:<\/strong> Curso en l\u00ednea &#8211; AUTODIRIGIDO<\/p>\n<p><strong>Acceso al curso:<\/strong> Una vez pase por el proceso de pago, tendr\u00e1 acceso al curso de forma inmediata. Las pruebas y tareas cerrar\u00e1n el 12 de diciembre de 2025, pero tendr\u00e1 acceso a los materiales de forma indefinida.<\/p>\n<p><strong>Equivalencia de horas contacto:<\/strong> 45<\/p>\n<p><strong>Espacios:<\/strong> 25<\/p>\n","protected":false},"featured_media":3722,"comment_status":"closed","ping_status":"closed","template":"","meta":{"_links_to":"","_links_to_target":""},"product_brand":[],"product_cat":[17,11147],"product_tag":[],"class_list":{"0":"post-45006","1":"product","2":"type-product","3":"status-publish","4":"has-post-thumbnail","6":"product_cat-uncategorized","7":"product_cat-cursos2025","9":"first","10":"instock","11":"downloadable","12":"virtual","13":"sold-individually","14":"purchasable","15":"product-type-simple"},"_links":{"self":[{"href":"https:\/\/decepenlinea.uprm.edu\/index.php\/wp-json\/wp\/v2\/product\/45006","targetHints":{"allow":["GET"]}}],"collection":[{"href":"https:\/\/decepenlinea.uprm.edu\/index.php\/wp-json\/wp\/v2\/product"}],"about":[{"href":"https:\/\/decepenlinea.uprm.edu\/index.php\/wp-json\/wp\/v2\/types\/product"}],"replies":[{"embeddable":true,"href":"https:\/\/decepenlinea.uprm.edu\/index.php\/wp-json\/wp\/v2\/comments?post=45006"}],"wp:featuredmedia":[{"embeddable":true,"href":"https:\/\/decepenlinea.uprm.edu\/index.php\/wp-json\/wp\/v2\/media\/3722"}],"wp:attachment":[{"href":"https:\/\/decepenlinea.uprm.edu\/index.php\/wp-json\/wp\/v2\/media?parent=45006"}],"wp:term":[{"taxonomy":"product_brand","embeddable":true,"href":"https:\/\/decepenlinea.uprm.edu\/index.php\/wp-json\/wp\/v2\/product_brand?post=45006"},{"taxonomy":"product_cat","embeddable":true,"href":"https:\/\/decepenlinea.uprm.edu\/index.php\/wp-json\/wp\/v2\/product_cat?post=45006"},{"taxonomy":"product_tag","embeddable":true,"href":"https:\/\/decepenlinea.uprm.edu\/index.php\/wp-json\/wp\/v2\/product_tag?post=45006"}],"curies":[{"name":"wp","href":"https:\/\/api.w.org\/{rel}","templated":true}]}}