{"id":45004,"date":"2025-08-06T08:29:39","date_gmt":"2025-08-06T12:29:39","guid":{"rendered":"https:\/\/decepenlinea.uprm.edu\/?post_type=product&#038;p=45004"},"modified":"2025-08-26T11:29:18","modified_gmt":"2025-08-26T15:29:18","slug":"finanzas-personales-y-manejo-del-presupuesto-para-el-retiro-11","status":"publish","type":"product","link":"https:\/\/decepenlinea.uprm.edu\/index.php\/product\/finanzas-personales-y-manejo-del-presupuesto-para-el-retiro-11\/","title":{"rendered":"Finanzas personales y manejo del presupuesto para el retiro"},"content":{"rendered":"<p>En momento donde el d\u00f3lar ha devaluado (necesitas m\u00e1s dinero para comprar los mismos productos y servicios), se hace necesario sacar el m\u00e1ximo de cada d\u00f3lar que tenemos. Este curso est\u00e1 desarrollado dentro de par\u00e1metros reales, a diferencia de los videos en YouTube y las redes sociales que prometen que te har\u00e1s millonario si sigues sus consejos. Aqu\u00ed se incluyen temas que van desde la filosof\u00eda de vida que te ayudar\u00e1 a manejar mejor tu presupuesto, pasando por las fuentes de informaci\u00f3n, los conceptos para catalogar tus gastos, estrategias para reducir tus gastos, modelos de manejo de tu presupuesto, pasando por la mentalidad minimalista y finalizando en c\u00f3mo invertir para ser m\u00e1s feliz.<\/p>\n<div><\/div>\n<div>Hemos preparado este curso utilizando las fuentes m\u00e1s recientes y confiables para el beneficio de todos los participantes. Es un curso corto con un formato novedoso tipo \u201cdocumentales cortos\u201d que esperamos haga del aprendizaje uno entretenido, pero tambi\u00e9n pertinente por la informaci\u00f3n que comparte. La calidad de video y audio, adicional a los <i>close caption<\/i> y materiales visuales hacen de este curso uno accesible.<\/div>\n<div><\/div>\n<div>Aprende a tu propio paso con un modelo basado en neuroaprendizaje, de manera autodirigida a tu propio paso en el tiempo que tengas disponible. Muy bien lo podr\u00edas terminar en un d\u00eda, como tomarte todo el periodo de meses ofrecido.<\/div>\n<p>&nbsp;<\/p>\n<p><strong>Modalidad del curso:<\/strong><\/p>\n<p>Este es un curso autodirigido, en modalidad asincr\u00f3nica que te ofrece una credencial con certificado de equivalencia de 4 horas contacto. Se utiliza una estructura que facilita la participaci\u00f3n del estudiante. Las t\u00e9cnicas incluyen video aprendizaje, micro aprendizaje, aprendizaje social y aprendizaje m\u00f3vil.\u00a0 Es un curso flexible ya que se puede participar en cualquier momento y desde cualquier lugar que te encuentres mientras dure el curso.<\/p>\n<p>Una vez pases por el proceso de pago tendr\u00e1s acceso de inmediato al Sistema de Gerencia de Aprendizaje de la clase, todas las lecciones se encontrar\u00e1n abiertas y podr\u00e1s realizar el curso a tu propio paso hasta la fecha de cierre establecida.<\/p>\n<p>Se ofrece un certificado de aprobaci\u00f3n al haber completado el curso con la puntuaci\u00f3n m\u00ednima de ejecuci\u00f3n.<\/p>\n<p><strong>*El certificado del curso se enviar\u00e1 digital por correo electr\u00f3nico.<\/strong><\/p>\n<p>&nbsp;<\/p>\n<p><strong>*\u00bfQu\u00e9 son los cursos autodirigidos?<\/strong><\/p>\n<p>Los cursos autodirigidos son aquellos con una metodolog\u00eda autodidacta. Por lo regular no tienen fecha de comienzo, pero si de cierre. No suele haber metodolog\u00eda de aprendizaje social en estos cursos. Puedes consumir los materiales educativos y participar de cada m\u00f3dulo a tu propio paso, siempre velando que hay una fecha de cierre para la que se espera concluya el curso. En los cursos autodirigidos una vez pasas por el proceso de pago, tendr\u00e1s acceso de inmediato al curso.<\/p>\n","protected":false},"excerpt":{"rendered":"<p><strong>Instructor:<\/strong> CREAD<\/p>\n<p><strong>Horario:<\/strong> Curso en l\u00ednea &#8211; AUTODIRIGIDO<\/p>\n<p><strong>Acceso al curso:<\/strong> Una vez pase por el proceso de pago, tendr\u00e1 acceso al curso de forma inmediata. Las pruebas y tareas cerrar\u00e1n el 12 de diciembre de 2025, pero tendr\u00e1 acceso a los materiales de forma indefinida.<\/p>\n<p><strong>Equivalencia de horas contacto:<\/strong> 4<\/p>\n<p><strong>Espacios:<\/strong>\u00a015<\/p>\n","protected":false},"featured_media":17874,"comment_status":"closed","ping_status":"closed","template":"","meta":{"_links_to":"","_links_to_target":""},"product_brand":[],"product_cat":[17,11147],"product_tag":[],"class_list":{"0":"post-45004","1":"product","2":"type-product","3":"status-publish","4":"has-post-thumbnail","6":"product_cat-uncategorized","7":"product_cat-cursos2025","9":"first","10":"instock","11":"sale","12":"shipping-taxable","13":"purchasable","14":"product-type-simple"},"_links":{"self":[{"href":"https:\/\/decepenlinea.uprm.edu\/index.php\/wp-json\/wp\/v2\/product\/45004","targetHints":{"allow":["GET"]}}],"collection":[{"href":"https:\/\/decepenlinea.uprm.edu\/index.php\/wp-json\/wp\/v2\/product"}],"about":[{"href":"https:\/\/decepenlinea.uprm.edu\/index.php\/wp-json\/wp\/v2\/types\/product"}],"replies":[{"embeddable":true,"href":"https:\/\/decepenlinea.uprm.edu\/index.php\/wp-json\/wp\/v2\/comments?post=45004"}],"wp:featuredmedia":[{"embeddable":true,"href":"https:\/\/decepenlinea.uprm.edu\/index.php\/wp-json\/wp\/v2\/media\/17874"}],"wp:attachment":[{"href":"https:\/\/decepenlinea.uprm.edu\/index.php\/wp-json\/wp\/v2\/media?parent=45004"}],"wp:term":[{"taxonomy":"product_brand","embeddable":true,"href":"https:\/\/decepenlinea.uprm.edu\/index.php\/wp-json\/wp\/v2\/product_brand?post=45004"},{"taxonomy":"product_cat","embeddable":true,"href":"https:\/\/decepenlinea.uprm.edu\/index.php\/wp-json\/wp\/v2\/product_cat?post=45004"},{"taxonomy":"product_tag","embeddable":true,"href":"https:\/\/decepenlinea.uprm.edu\/index.php\/wp-json\/wp\/v2\/product_tag?post=45004"}],"curies":[{"name":"wp","href":"https:\/\/api.w.org\/{rel}","templated":true}]}}