{"id":45002,"date":"2025-08-06T08:27:46","date_gmt":"2025-08-06T12:27:46","guid":{"rendered":"https:\/\/decepenlinea.uprm.edu\/?post_type=product&#038;p=45002"},"modified":"2025-08-26T11:29:18","modified_gmt":"2025-08-26T15:29:18","slug":"creacion-de-paginas-de-internet-para-negocios-con-google-sites-15","status":"publish","type":"product","link":"https:\/\/decepenlinea.uprm.edu\/index.php\/product\/creacion-de-paginas-de-internet-para-negocios-con-google-sites-15\/","title":{"rendered":"Creaci\u00f3n de P\u00e1ginas de Internet para Negocios con Google Sites"},"content":{"rendered":"<p dir=\"ltr\" style=\"text-align: left;\">\u00bfQuieres crear un negocio o tienes uno y a\u00fan no tienes p\u00e1gina de Internet? En este curso podr\u00e1s crear una p\u00e1gina Web, completamente gratuita y sin necesidad de saber programar. De una forma f\u00e1cil, r\u00e1pida y gratuita puedes comenzar desde hoy a crear tu nueva p\u00e1gina Web, ya sea para tu negocio como para personas individuales. De esta forma, aumentar\u00e1s tus ventas, podr\u00e1s globalizarte y tener medios para recibir pagos en l\u00ednea con el Sistema m\u00e1s conocido como lo es PayPal. Con las destrezas que vas a adquirir en este micro curso podr\u00e1s actualizar y darle mantenimiento a tu p\u00e1gina sin necesidad de tener que pagarle a otra persona para hacerlo.<\/p>\n<p><strong>Modalidad del curso:<\/strong><\/p>\n<p>Este es un curso autodirigido, en modalidad asincr\u00f3nica que te ofrece una credencial con certificado de equivalencia de 5 horas contacto. Se utiliza una estructura que facilita la participaci\u00f3n del estudiante. Las t\u00e9cnicas incluyen video aprendizaje, micro aprendizaje, aprendizaje social y aprendizaje m\u00f3vil.\u00a0 Es un curso flexible ya que se puede participar en cualquier momento y desde cualquier lugar que te encuentres mientras dure el curso.<\/p>\n<p>Una vez pases por el proceso de pago tendr\u00e1s acceso de inmediato al Sistema de Gerencia de Aprendizaje de la clase, todas las lecciones se encontrar\u00e1n abiertas y podr\u00e1s realizar el curso a tu propio paso hasta la fecha de cierre establecida.<\/p>\n<p>Se ofrece un certificado de aprobaci\u00f3n al haber completado el curso con la puntuaci\u00f3n m\u00ednima de ejecuci\u00f3n.<\/p>\n<p><strong>*El certificado del curso se enviar\u00e1 digital por correo electr\u00f3nico.<\/strong><\/p>\n<p>&nbsp;<\/p>\n<p><strong>*\u00bfQu\u00e9 son los cursos autodirigidos?<\/strong><\/p>\n<p>Los cursos autodirigidos son aquellos con una metodolog\u00eda autodidacta. Por lo regular no tienen fecha de comienzo, pero si de cierre. No suele haber metodolog\u00eda de aprendizaje social en estos cursos. Puedes consumir los materiales educativos y participar de cada m\u00f3dulo a tu propio paso, siempre velando que hay una fecha de cierre para la que se espera concluya el curso. En los cursos autodirigidos una vez pasas por el proceso de pago, tendr\u00e1s acceso de inmediato al curso.<\/p>\n","protected":false},"excerpt":{"rendered":"<p><strong>Instructor:<\/strong> CREAD<\/p>\n<p><strong>Horario:<\/strong> Curso en l\u00ednea &#8211; AUTODIRIGIDO<\/p>\n<p><strong>Acceso al curso:<\/strong> Una vez pase por el proceso de pago, tendr\u00e1 acceso al curso de forma inmediata. Las pruebas y tareas cerrar\u00e1n el 12 de diciembre de 2025, pero tendr\u00e1 acceso a los materiales de forma indefinida.<\/p>\n<p><strong>Equivalencia de horas contacto:<\/strong> 5<\/p>\n<p><strong>Espacios:<\/strong> 15<\/p>\n","protected":false},"featured_media":3745,"comment_status":"closed","ping_status":"closed","template":"","meta":{"_links_to":"","_links_to_target":""},"product_brand":[],"product_cat":[17,11147],"product_tag":[],"class_list":{"0":"post-45002","1":"product","2":"type-product","3":"status-publish","4":"has-post-thumbnail","6":"product_cat-uncategorized","7":"product_cat-cursos2025","9":"first","10":"instock","11":"downloadable","12":"virtual","13":"purchasable","14":"product-type-simple"},"_links":{"self":[{"href":"https:\/\/decepenlinea.uprm.edu\/index.php\/wp-json\/wp\/v2\/product\/45002","targetHints":{"allow":["GET"]}}],"collection":[{"href":"https:\/\/decepenlinea.uprm.edu\/index.php\/wp-json\/wp\/v2\/product"}],"about":[{"href":"https:\/\/decepenlinea.uprm.edu\/index.php\/wp-json\/wp\/v2\/types\/product"}],"replies":[{"embeddable":true,"href":"https:\/\/decepenlinea.uprm.edu\/index.php\/wp-json\/wp\/v2\/comments?post=45002"}],"wp:featuredmedia":[{"embeddable":true,"href":"https:\/\/decepenlinea.uprm.edu\/index.php\/wp-json\/wp\/v2\/media\/3745"}],"wp:attachment":[{"href":"https:\/\/decepenlinea.uprm.edu\/index.php\/wp-json\/wp\/v2\/media?parent=45002"}],"wp:term":[{"taxonomy":"product_brand","embeddable":true,"href":"https:\/\/decepenlinea.uprm.edu\/index.php\/wp-json\/wp\/v2\/product_brand?post=45002"},{"taxonomy":"product_cat","embeddable":true,"href":"https:\/\/decepenlinea.uprm.edu\/index.php\/wp-json\/wp\/v2\/product_cat?post=45002"},{"taxonomy":"product_tag","embeddable":true,"href":"https:\/\/decepenlinea.uprm.edu\/index.php\/wp-json\/wp\/v2\/product_tag?post=45002"}],"curies":[{"name":"wp","href":"https:\/\/api.w.org\/{rel}","templated":true}]}}