{"id":44812,"date":"2025-06-16T15:18:30","date_gmt":"2025-06-16T19:18:30","guid":{"rendered":"https:\/\/decepenlinea.uprm.edu\/?post_type=product&#038;p=44812"},"modified":"2025-08-26T11:29:18","modified_gmt":"2025-08-26T15:29:18","slug":"tendencias-en-la-educacion-a-distancia-7","status":"publish","type":"product","link":"https:\/\/decepenlinea.uprm.edu\/index.php\/product\/tendencias-en-la-educacion-a-distancia-7\/","title":{"rendered":"Tendencias en la Educaci\u00f3n a Distancia"},"content":{"rendered":"<p dir=\"ltr\" style=\"text-align: left;\">En este curso se cubren las tendencias m\u00e1s utilizadas por las instituciones universitarias y otras instituciones educativas p\u00fablicas y privadas en la educaci\u00f3n a distancia. De esta manera se plantea una nueva definici\u00f3n de la educaci\u00f3n a distancia mediada a trav\u00e9s de la Internet. Se definen conceptos y presentan modelos educativos completamente a distancia, combinados entre la distancia y presencial, otros sincr\u00f3nicos o asincr\u00f3nicos y combinados entre estos dos \u00faltimos. Se discuten las implicaciones de estas modalidades para los cursos y programas acad\u00e9micos. Finalmente se discuten las estrategias para el cumplimientos de las reglamentaciones federales sobre la identificaci\u00f3n de los estudiantes.<\/p>\n<p>El curso de Tendencias en la Educaci\u00f3n a Distancia es parte de la <a href=\"https:\/\/decepenlinea.uprm.edu\/index.php\/product\/certificacion-de-adiestrador-de-educador-virtual-3\/\">certificaci\u00f3n de Adiestrador de Educadores Virtuales<\/a>.<\/p>\n<p>Puedes matricular el curso individual o como parte de la certificaci\u00f3n de Adiestrador de Educador Virtual. Al pagarlo como parte de la certificaci\u00f3n, obtienes un descuento.<\/p>\n<p><strong>Modalidad del curso:<\/strong><\/p>\n<p>Este es un curso *moderado con estrategia asincr\u00f3nica donde el participante adquiere la informaci\u00f3n con video aprendizaje. Es un curso flexible ya que se puede participar en cualquier momento y desde cualquier lugar que te encuentres mientras dure el curso. Abre una lecci\u00f3n por semana y el estudiante puede realizarla dentro de las fechas de apertura y cierre.<\/p>\n<p>Una vez pases por el proceso de pago tendr\u00e1s acceso de inmediato al Sistema de Gerencia de Aprendizaje (SGA) de la clase para que te familiarices con su funcionamiento. Podr\u00e1s comenzar a ver el curso en tu \u00e1rea personal del SGA el d\u00eda estipulado para su comienzo.<\/p>\n<p>Se ofrece un certificado de aprobaci\u00f3n al haber completado el curso con la puntuaci\u00f3n m\u00ednima de ejecuci\u00f3n.<\/p>\n<p><strong>El certificado del curso se enviar\u00e1 digital por correo electr\u00f3nico<\/strong><strong>.<\/strong><\/p>\n<p>&nbsp;<\/p>\n<p><strong>*\u00bfQue son los c<\/strong><strong>ursos <\/strong><strong>m<\/strong><strong>oderados<\/strong><strong>?<\/strong><\/p>\n<p>Los cursos moderados son aquellos en el que el instructor lo facilita y tiene interacciones frecuentes con los participantes. La mayor\u00eda de estos cursos tienen fecha de apertura y cierre para cada lecci\u00f3n de la clase. Suele haber metodolog\u00eda de aprendizaje social en estos cursos. Puedes hacer preguntas al instructor y te estar\u00e1 respondiendo \u00a0en 72 horas laborables o menos. En los cursos moderados una vez pasas por el proceso de pago, tendr\u00e1s acceso al Sistema de Gerencia de Aprendizaje del curso, pero no al curso, hasta la fecha de comienzo de este.<\/p>\n<p>&nbsp;<\/p>\n<p>Instrucciones para realizar tu pago:<\/p>\n<ol>\n<li>Coloca este art\u00edculo en el carrito de compras.<\/li>\n<li>Dir\u00edgete al bot\u00f3n titulado MI CUENTA, que est\u00e1 en la parte superior de esta p\u00e1gina.<\/li>\n<li>Presiona: No tienes una cuenta<\/li>\n<li>Crea tu cuenta colocando: Nombre, Apellido y Correo electr\u00f3nico<\/li>\n<li>Presiona: Registrarse<\/li>\n<li>Ve al carrito de compras<\/li>\n<li>Presiona: proceder a pagar<\/li>\n<li>Coloca la informaci\u00f3n de tu tarjeta American Express, Visa o MasterCard.<\/li>\n<li>Al finalizar, recibir\u00e1s un recibo de pago en el correo electr\u00f3nico con el que te registraste.<\/li>\n<\/ol>\n<p>&nbsp;<\/p>\n<p>El siguiente tutorial explicar\u00e1 paso a paso c\u00f3mo hacer tu pago:<\/p>\n<p>&nbsp;<\/p>\n<p><iframe loading=\"lazy\" title=\"Video pago examen ingle\u0301s final\" width=\"800\" height=\"450\" src=\"https:\/\/www.youtube.com\/embed\/U_HDK7mLuGA?feature=oembed\" frameborder=\"0\" allow=\"accelerometer; autoplay; clipboard-write; encrypted-media; gyroscope; picture-in-picture; web-share\" referrerpolicy=\"strict-origin-when-cross-origin\" allowfullscreen><\/iframe><\/p>\n<p>&nbsp;<\/p>\n","protected":false},"excerpt":{"rendered":"<p><strong>Profesor:<\/strong> Dr. Jos\u00e9 R. Ferrer L\u00f3pez<\/p>\n<p><strong>Horario:<\/strong> Curso en l\u00ednea &#8211; MODERADO<\/p>\n<p><b>Fecha del curso:<\/b> Comienza el segundo semestre 2025-2026.<\/p>\n<p><b>Matricula:<\/b> Puede reservar su espacio desde este momento (mientras duren los espacios).<\/p>\n<p><strong>Equivalencia de horas contacto:<\/strong> 21<\/p>\n<p><strong>Espacios:<\/strong> 15<\/p>\n","protected":false},"featured_media":3734,"comment_status":"closed","ping_status":"closed","template":"","meta":{"_links_to":"","_links_to_target":""},"product_brand":[],"product_cat":[17,11147],"product_tag":[],"class_list":{"0":"post-44812","1":"product","2":"type-product","3":"status-publish","4":"has-post-thumbnail","6":"product_cat-uncategorized","7":"product_cat-cursos2025","9":"first","10":"instock","11":"shipping-taxable","12":"purchasable","13":"product-type-simple"},"_links":{"self":[{"href":"https:\/\/decepenlinea.uprm.edu\/index.php\/wp-json\/wp\/v2\/product\/44812","targetHints":{"allow":["GET"]}}],"collection":[{"href":"https:\/\/decepenlinea.uprm.edu\/index.php\/wp-json\/wp\/v2\/product"}],"about":[{"href":"https:\/\/decepenlinea.uprm.edu\/index.php\/wp-json\/wp\/v2\/types\/product"}],"replies":[{"embeddable":true,"href":"https:\/\/decepenlinea.uprm.edu\/index.php\/wp-json\/wp\/v2\/comments?post=44812"}],"wp:featuredmedia":[{"embeddable":true,"href":"https:\/\/decepenlinea.uprm.edu\/index.php\/wp-json\/wp\/v2\/media\/3734"}],"wp:attachment":[{"href":"https:\/\/decepenlinea.uprm.edu\/index.php\/wp-json\/wp\/v2\/media?parent=44812"}],"wp:term":[{"taxonomy":"product_brand","embeddable":true,"href":"https:\/\/decepenlinea.uprm.edu\/index.php\/wp-json\/wp\/v2\/product_brand?post=44812"},{"taxonomy":"product_cat","embeddable":true,"href":"https:\/\/decepenlinea.uprm.edu\/index.php\/wp-json\/wp\/v2\/product_cat?post=44812"},{"taxonomy":"product_tag","embeddable":true,"href":"https:\/\/decepenlinea.uprm.edu\/index.php\/wp-json\/wp\/v2\/product_tag?post=44812"}],"curies":[{"name":"wp","href":"https:\/\/api.w.org\/{rel}","templated":true}]}}