{"id":44776,"date":"2025-06-09T14:10:35","date_gmt":"2025-06-09T18:10:35","guid":{"rendered":"https:\/\/decepenlinea.uprm.edu\/?post_type=product&#038;p=44776"},"modified":"2025-08-21T12:57:22","modified_gmt":"2025-08-21T16:57:22","slug":"microsoft-excel-completo-basico-intermedio-y-avanzado-para-empresas-6","status":"publish","type":"product","link":"https:\/\/decepenlinea.uprm.edu\/index.php\/product\/microsoft-excel-completo-basico-intermedio-y-avanzado-para-empresas-6\/","title":{"rendered":"Microsoft Excel Completo (B\u00e1sico, Intermedio y Avanzado para Empresas)"},"content":{"rendered":"<p dir=\"ltr\"><a href=\"https:\/\/decepenlinea.uprm.edu\/index.php\/product\/microsoft-excel-basico-6\/\">Excel B\u00e1sico<\/a><\/p>\n<p dir=\"ltr\" style=\"text-align: left;\">En este curso cada estudiante adquiere los conceptos b\u00e1sicos para el uso y manejo de Microsoft Excel.\u00a0No es necesario tener experiencia en el uso de computadoras.\u00a0Se comienza desde cero.\u00a0El estudiante se familiarizar\u00e1 con las hojas de trabajo de excel, los comandos, funciones b\u00e1sicas y al final estar\u00e1 capacitado para preparar hojas de trabajo para aplicaciones sencillas e interactivas.<\/p>\n<p dir=\"ltr\"><a href=\"https:\/\/decepenlinea.uprm.edu\/index.php\/product\/microsoft-excel-intermedio-5\/\">Excel Intermedio<\/a><\/p>\n<p dir=\"ltr\">El curso de Excel Intermedio permite el conocimiento intermedio de la herramienta Excel, ense\u00f1ando las operaciones: f\u00f3rmulas, funciones y gr\u00e1ficos, en el manejo de informaci\u00f3n y las tareas del programa para su aplicaci\u00f3n en entornos laborales y acad\u00e9micos. En este curso cada estudiante conocer\u00e1 a fondo las instrucciones de Excel que trabajan con fechas, condiciones, nombres, textos, protecci\u00f3n de las hojas de c\u00e1lculos, filtros y creaci\u00f3n de tablas.<\/p>\n<p dir=\"ltr\"><a href=\"https:\/\/decepenlinea.uprm.edu\/index.php\/product\/excel-avanzado-para-empresas-9\/\">Excel Avanzado para Empresas<\/a><\/p>\n<p dir=\"ltr\" style=\"text-align: left;\">En este curso el estudiantes adquiere los conceptos avanzados del uso del programa Microsoft Excel con prop\u00f3sitos empresariales. Se incluyen temas desde la validaci\u00f3n de datos, formulas de b\u00fasqueda, s\u00faper formulas, funciones de decisi\u00f3n, tablas pivote hasta formato condicional.<\/p>\n<p>&nbsp;<\/p>\n<p>Los participantes\u00a0 tomar\u00e1n los siguientes cursos los cuales son parte de la certificaci\u00f3n de Excel:<\/p>\n<ol>\n<li><a href=\"https:\/\/decepenlinea.uprm.edu\/index.php\/product\/microsoft-excel-basico-6\/\">Excel B\u00e1sico<\/a> &#8211; Curso comienza el 21 de agosto y culmina el 24 de septiembre de 2025.\/ curso moderado y asincr\u00f3nico de 15 horas contacto.<\/li>\n<li><a href=\"https:\/\/decepenlinea.uprm.edu\/index.php\/product\/microsoft-excel-intermedio-5\/\">Excel Intermedio<\/a>&#8211; Curso comienza el 25 de septiembre y culmina el 30 de octubre de 2025\/ curso moderado y asincr\u00f3nico de 15 horas contacto.<\/li>\n<li><a href=\"https:\/\/decepenlinea.uprm.edu\/index.php\/product\/excel-avanzado-para-empresas-9\/\">Excel Avanzado para Empresas<\/a> &#8211; Curso comienza el 4 de noviembre y culmina el 9 de diciembre de 2025\/ curso moderado y asincr\u00f3nico de 15 horas contacto.<\/li>\n<\/ol>\n<p>Todos los cursos son moderados, en modalidad asincr\u00f3nica y est\u00e1n dise\u00f1ados con el Modelo Multi Estrat\u00e9gico para la Ense\u00f1anza Efectiva en L\u00ednea. Se utiliza una estructura que facilita la participaci\u00f3n del estudiante. Las t\u00e9cnicas incluyen video aprendizaje, micro aprendizaje, aprendizaje social y aprendizaje m\u00f3vil. Las estrategias para facilitar todos los cursos son los 7 principios de la ense\u00f1anza efectiva, la ense\u00f1anza constructivista, la ense\u00f1anza basada en problemas y la ense\u00f1anza diferenciada.<\/p>\n<p>En conjunto, el participante culmina el proceso con 3 cursos certificados y una certificaci\u00f3n de especialidad (4 certificados en total) con la equivalencia de 45 horas de capacitaci\u00f3n en el tema.<\/p>\n<p>Se ofrece un certificado por cada curso completado con la puntuaci\u00f3n m\u00ednima de ejecuci\u00f3n.<\/p>\n<p>En esta \u00e1rea estar\u00eda pagando por los 3 cursos en bloque. Para una descripci\u00f3n m\u00e1s detallada de cada curso puede visitar cada producto de manera individual.<\/p>\n<p>Una vez pases por el proceso de pago tendr\u00e1s acceso de inmediato al Sistema de Gerencia de Aprendizaje de la clase, pero no tendr\u00e1s acceso al contenido hasta la fecha de comienzo de cada curso.<\/p>\n<p><strong>*El certificado del curso se enviar\u00e1 digital por correo electr\u00f3nico.<\/strong><\/p>\n","protected":false},"excerpt":{"rendered":"<p><b>Horas Contacto: 45<\/b><\/p>\n","protected":false},"featured_media":3734,"comment_status":"closed","ping_status":"closed","template":"","meta":{"_links_to":"","_links_to_target":""},"product_brand":[],"product_cat":[17],"product_tag":[],"class_list":{"0":"post-44776","1":"product","2":"type-product","3":"status-publish","4":"has-post-thumbnail","6":"product_cat-uncategorized","8":"first","9":"outofstock","10":"sale","11":"shipping-taxable","12":"purchasable","13":"product-type-simple"},"_links":{"self":[{"href":"https:\/\/decepenlinea.uprm.edu\/index.php\/wp-json\/wp\/v2\/product\/44776","targetHints":{"allow":["GET"]}}],"collection":[{"href":"https:\/\/decepenlinea.uprm.edu\/index.php\/wp-json\/wp\/v2\/product"}],"about":[{"href":"https:\/\/decepenlinea.uprm.edu\/index.php\/wp-json\/wp\/v2\/types\/product"}],"replies":[{"embeddable":true,"href":"https:\/\/decepenlinea.uprm.edu\/index.php\/wp-json\/wp\/v2\/comments?post=44776"}],"wp:featuredmedia":[{"embeddable":true,"href":"https:\/\/decepenlinea.uprm.edu\/index.php\/wp-json\/wp\/v2\/media\/3734"}],"wp:attachment":[{"href":"https:\/\/decepenlinea.uprm.edu\/index.php\/wp-json\/wp\/v2\/media?parent=44776"}],"wp:term":[{"taxonomy":"product_brand","embeddable":true,"href":"https:\/\/decepenlinea.uprm.edu\/index.php\/wp-json\/wp\/v2\/product_brand?post=44776"},{"taxonomy":"product_cat","embeddable":true,"href":"https:\/\/decepenlinea.uprm.edu\/index.php\/wp-json\/wp\/v2\/product_cat?post=44776"},{"taxonomy":"product_tag","embeddable":true,"href":"https:\/\/decepenlinea.uprm.edu\/index.php\/wp-json\/wp\/v2\/product_tag?post=44776"}],"curies":[{"name":"wp","href":"https:\/\/api.w.org\/{rel}","templated":true}]}}