{"id":44718,"date":"2025-05-28T16:16:54","date_gmt":"2025-05-28T20:16:54","guid":{"rendered":"https:\/\/decepenlinea.uprm.edu\/?post_type=product&#038;p=44718"},"modified":"2025-08-26T11:29:18","modified_gmt":"2025-08-26T15:29:18","slug":"matematicas-para-la-ciencia-de-la-computacion-cca002","status":"publish","type":"product","link":"https:\/\/decepenlinea.uprm.edu\/index.php\/product\/matematicas-para-la-ciencia-de-la-computacion-cca002\/","title":{"rendered":"Matem\u00e1ticas para la ciencia de la computaci\u00f3n (CCA002)"},"content":{"rendered":"<p>Este curso est\u00e1 dise\u00f1ado para proporcionar a los estudiantes una comprensi\u00f3n s\u00f3lida de los conceptos matem\u00e1ticos fundamentales que son esenciales para la ciencia de la computaci\u00f3n. Los estudiantes aprender\u00e1n a trav\u00e9s de una combinaci\u00f3n de lecciones interactivas, ejercicios pr\u00e1cticos y proyectos de resoluci\u00f3n de problemas. El curso comienza con una introducci\u00f3n a los conceptos fundamentales de la l\u00f3gica, donde los estudiantes aprender\u00e1n a identificar y aplicar proposiciones, conectivos l\u00f3gicos, tablas de verdad y argumentos (OC.1). A continuaci\u00f3n, los estudiantes aprender\u00e1n a clasificar y aplicar los conceptos de la teor\u00eda de conjuntos, incluyendo operaciones con conjuntos, relaciones, funciones y cardinalidad (OC.2). El curso tambi\u00e9n cubre \u00e1lgebra lineal, donde los estudiantes aprender\u00e1n a analizar y resolver problemas utilizando matrices, vectores, espacios vectoriales, transformaciones lineales y determinantes (OC.3). Los estudiantes tambi\u00e9n aprender\u00e1n a evaluar situaciones y hacer inferencias utilizando los conceptos de probabilidad (OC.4). Adem\u00e1s, el curso cubre t\u00e9cnicas de estad\u00edstica, donde los estudiantes aprender\u00e1n a interpretar datos y hacer inferencias utilizando estad\u00edstica descriptiva e inferencial (OC.5). Finalmente, el curso concluye con una introducci\u00f3n al c\u00e1lculo, donde los estudiantes aprender\u00e1n a aplicar los conceptos y t\u00e9cnicas del c\u00e1lculo para resolver problemas (OC.6). Este curso es adecuado para estudiantes de ciencias de la computaci\u00f3n y campos relacionados que buscan una comprensi\u00f3n s\u00f3lida de los conceptos matem\u00e1ticos fundamentales.<\/p>\n<p>El curso de Matem\u00e1ticas para la ciencia de la computaci\u00f3n es parte de la Academia Avanzada de Programaci\u00f3n: <a href=\"https:\/\/decepenlinea.uprm.edu\/index.php\/product\/cread-coding-academy\/\">\u00a0CREAD Coding Academy<\/a>.<\/p>\n<p>Puedes matricular el curso individual o como parte de la certificaci\u00f3n. Al pagarlo como parte de la certificaci\u00f3n, obtienes un descuento.<\/p>\n<p><strong>Modalidad del curso:<\/strong><\/p>\n<p>Este es un curso autodirigido, en modalidad asincr\u00f3nica que te ofrece una credencial con certificado de equivalencia de 24 horas contacto. Se utiliza una estructura que facilita la participaci\u00f3n del estudiante. Las t\u00e9cnicas incluyen video aprendizaje, micro aprendizaje, aprendizaje social y aprendizaje m\u00f3vil.\u00a0 Es un curso flexible ya que se puede participar en cualquier momento y desde cualquier lugar que te encuentres mientras dure el curso.<\/p>\n<p>Una vez pases por el proceso de pago tendr\u00e1s acceso de inmediato al Sistema de Gerencia de Aprendizaje de la clase, todas las lecciones se encontrar\u00e1n abiertas y podr\u00e1s realizar el curso a tu propio paso hasta la fecha de cierre establecida.<\/p>\n<p>Se ofrece un certificado de aprobaci\u00f3n al haber completado el curso con la puntuaci\u00f3n m\u00ednima de ejecuci\u00f3n.<\/p>\n<p><strong>*El certificado del curso se enviar\u00e1 digital por correo electr\u00f3nico.<\/strong><\/p>\n<p>&nbsp;<\/p>\n<p><strong>*\u00bfQu\u00e9 son los cursos autodirigidos?<\/strong><\/p>\n<p>Los cursos autodirigidos son aquellos con una metodolog\u00eda autodidacta. Por lo regular no tienen fecha de comienzo, pero si de cierre. No suele haber metodolog\u00eda de aprendizaje social en estos cursos. Puedes consumir los materiales educativos y participar de cada m\u00f3dulo a tu propio paso, siempre velando que hay una fecha de cierre para la que se espera concluya el curso. En los cursos autodirigidos una vez pasas por el proceso de pago, tendr\u00e1s acceso de inmediato al curso.<\/p>\n","protected":false},"excerpt":{"rendered":"<p><strong>Instructor:\u00a0<\/strong> Oficina de Educaci\u00f3n a Distancia<\/p>\n<p><strong>Horario:<\/strong> Curso en l\u00ednea &#8211; MODERADO<\/p>\n<p><b>Fecha del Curso: <\/b>Acceso al curso de forma inmediata luego de realizar su reservaci\u00f3n y hasta el 12 de diciembre de 2025<\/p>\n<p><b>Matr\u00edcula:<\/b> Puedes reservar espacio desde este momento (hasta que duren los espacios).<\/p>\n<p><strong>Equivalencia de horas contacto:<\/strong> 24<\/p>\n<p><strong>Espacios:<\/strong>\u00a015<\/p>\n<p>&nbsp;<\/p>\n","protected":false},"featured_media":3742,"comment_status":"closed","ping_status":"closed","template":"","meta":{"_links_to":"","_links_to_target":""},"product_brand":[],"product_cat":[17,11147],"product_tag":[],"class_list":{"0":"post-44718","1":"product","2":"type-product","3":"status-publish","4":"has-post-thumbnail","6":"product_cat-uncategorized","7":"product_cat-cursos2025","9":"first","10":"instock","11":"virtual","12":"purchasable","13":"product-type-simple"},"_links":{"self":[{"href":"https:\/\/decepenlinea.uprm.edu\/index.php\/wp-json\/wp\/v2\/product\/44718","targetHints":{"allow":["GET"]}}],"collection":[{"href":"https:\/\/decepenlinea.uprm.edu\/index.php\/wp-json\/wp\/v2\/product"}],"about":[{"href":"https:\/\/decepenlinea.uprm.edu\/index.php\/wp-json\/wp\/v2\/types\/product"}],"replies":[{"embeddable":true,"href":"https:\/\/decepenlinea.uprm.edu\/index.php\/wp-json\/wp\/v2\/comments?post=44718"}],"wp:featuredmedia":[{"embeddable":true,"href":"https:\/\/decepenlinea.uprm.edu\/index.php\/wp-json\/wp\/v2\/media\/3742"}],"wp:attachment":[{"href":"https:\/\/decepenlinea.uprm.edu\/index.php\/wp-json\/wp\/v2\/media?parent=44718"}],"wp:term":[{"taxonomy":"product_brand","embeddable":true,"href":"https:\/\/decepenlinea.uprm.edu\/index.php\/wp-json\/wp\/v2\/product_brand?post=44718"},{"taxonomy":"product_cat","embeddable":true,"href":"https:\/\/decepenlinea.uprm.edu\/index.php\/wp-json\/wp\/v2\/product_cat?post=44718"},{"taxonomy":"product_tag","embeddable":true,"href":"https:\/\/decepenlinea.uprm.edu\/index.php\/wp-json\/wp\/v2\/product_tag?post=44718"}],"curies":[{"name":"wp","href":"https:\/\/api.w.org\/{rel}","templated":true}]}}