{"id":44697,"date":"2025-05-28T13:13:17","date_gmt":"2025-05-28T17:13:17","guid":{"rendered":"https:\/\/decepenlinea.uprm.edu\/?post_type=product&#038;p=44697"},"modified":"2025-08-28T09:05:11","modified_gmt":"2025-08-28T13:05:11","slug":"cybersecurity-essentials-6","status":"publish","type":"product","link":"https:\/\/decepenlinea.uprm.edu\/index.php\/product\/cybersecurity-essentials-6\/","title":{"rendered":"CyberSecurity Essentials"},"content":{"rendered":"<p>El curso de Cybersecurity Essentials desarrolla una comprensi\u00f3n de la ciberseguridad y su relaci\u00f3n con la informaci\u00f3n y la seguridad de la red. El curso introduce a los estudiantes a las caracter\u00edsticas del delito cibern\u00e9tico, los principios de seguridad, las tecnolog\u00edas y los procedimientos para defender redes.<\/p>\n<p>Algunas capacidades obtenidas durante el curso son las siguientes:<\/p>\n<ul>\n<li>Comprender los controles de seguridad para redes, servidores y aplicaciones.<\/li>\n<li>Conocer los principios de seguridad y c\u00f3mo desarrollar pol\u00edticas compatibles.<\/li>\n<li>Implementar procedimientos adecuados de confidencialidad y disponibilidad de datos.<\/li>\n<li>Desarrollo de habilidades de pensamiento cr\u00edtico y resoluci\u00f3n de problemas utilizando equipos reales y Cisco Packet Tracer.<\/li>\n<\/ul>\n<p>La demanda de expertos en seguridad cibern\u00e9tica ha crecido 3 veces m\u00e1s r\u00e1pido que cualquier otra funci\u00f3n de trabajo de TI, y la capacitaci\u00f3n de una fuerza laboral de seguridad cibern\u00e9tica es una prioridad para muchos gobiernos. Desde datos confidenciales de la compa\u00f1\u00eda hasta informaci\u00f3n personal, las conexiones hacen que los datos sean m\u00e1s vulnerables a los ataques, lo que aumenta la demanda de profesionales con habilidades de ciberseguridad.<\/p>\n<p>El curso de CyberSecurity Essentials es parte de la <a href=\"https:\/\/decepenlinea.uprm.edu\/index.php\/product\/certificacion-en-ciberseguridad\/\">Academia de Ciberseguridad<\/a>.<\/p>\n<p>En este espacio podr\u00e1s pagar el curso por individual o puedes ir al enlace de la <a href=\"https:\/\/decepenlinea.uprm.edu\/index.php\/product\/certificacion-en-ciberseguridad\/\">Academia de Ciberseguridad<\/a> y pagar en bloque, el cual te incluye este curso con descuento.<\/p>\n<p>&nbsp;<\/p>\n<p>Este es un curso moderado con una equivalencia de 30 horas contacto donde demuestras tus conocimientos y destrezas adquiridas mediante pruebas objetivas y tareas.<\/p>\n<p>Se espera que cada semana completes una lecci\u00f3n. El instructor te guiar\u00e1 en este proceso. Debes completar cada una de las tareas en o antes de las fechas estipuladas. Al completar el curso con la puntuaci\u00f3n m\u00ednima requerida obtendr\u00e1s el certificado que as\u00ed lo valida. Una vez pases por el proceso de pago tendr\u00e1s acceso al Sistema de Gerencia de Aprendizaje de la clase, pero no tendr\u00e1s acceso al contenido hasta la fecha de comienzo del curso.<\/p>\n<p><strong>Este curso fue dise\u00f1ado por Cisco Network Academy y se puede tomar en cualquiera de los siguientes idiomas: espa\u00f1ol, ingl\u00e9s y franc\u00e9s.<\/strong><\/p>\n<p><strong>*El certificado del curso se enviar\u00e1 digital por correo electr\u00f3nico.<\/strong><\/p>\n<p>&nbsp;<\/p>\n<p>Instrucciones para realizar tu pago:<\/p>\n<ol>\n<li>Coloca este art\u00edculo en el carrito de compras.<\/li>\n<li>Dir\u00edgete al bot\u00f3n titulado MI CUENTA, que est\u00e1 en la parte superior de esta p\u00e1gina.<\/li>\n<li>Presiona: No tienes una cuenta<\/li>\n<li>Crea tu cuenta colocando: Nombre, Apellido y Correo electr\u00f3nico<\/li>\n<li>Presiona: Registrarse<\/li>\n<li>Ve al carrito de compras<\/li>\n<li>Presiona: proceder a pagar<\/li>\n<li>Coloca la informaci\u00f3n de tu tarjeta American Express, Visa o MasterCard.<\/li>\n<li>Al finalizar, recibir\u00e1s un recibo de pago en el correo electr\u00f3nico con el que te registraste.<\/li>\n<\/ol>\n<p>&nbsp;<\/p>\n<p>El siguiente tutorial explicar\u00e1 paso a paso c\u00f3mo hacer tu pago:<\/p>\n<p>&nbsp;<\/p>\n<p><iframe loading=\"lazy\" title=\"Video pago examen ingle\u0301s final\" width=\"800\" height=\"450\" src=\"https:\/\/www.youtube.com\/embed\/U_HDK7mLuGA?feature=oembed\" frameborder=\"0\" allow=\"accelerometer; autoplay; clipboard-write; encrypted-media; gyroscope; picture-in-picture; web-share\" referrerpolicy=\"strict-origin-when-cross-origin\" allowfullscreen><\/iframe><\/p>\n<p>&nbsp;<\/p>\n","protected":false},"excerpt":{"rendered":"<p><strong>Instructor:<\/strong> Luis Lugo<\/p>\n<p><strong>Fecha del curso: <\/strong>Comienza el 27 de octubre de 2025 y culmina el 3 de diciembre de 2025.<\/p>\n<p><b>Matricula:<\/b> Puede reservar su espacio desde este momento (mientras duren los espacios).<\/p>\n<p><strong>Horario:<\/strong> Curso en l\u00ednea &#8211; MODERADO<\/p>\n<p><strong>Equivalencia de horas contacto:<\/strong> 30<\/p>\n<p><strong>Espacios:<\/strong> 15<\/p>\n","protected":false},"featured_media":3732,"comment_status":"closed","ping_status":"closed","template":"","meta":{"_links_to":"","_links_to_target":""},"product_brand":[],"product_cat":[11147,254],"product_tag":[],"class_list":{"0":"post-44697","1":"product","2":"type-product","3":"status-publish","4":"has-post-thumbnail","6":"product_cat-cursos2025","7":"product_cat-upr-mayaguez","9":"first","10":"instock","11":"sale","12":"sold-individually","13":"shipping-taxable","14":"purchasable","15":"product-type-simple"},"_links":{"self":[{"href":"https:\/\/decepenlinea.uprm.edu\/index.php\/wp-json\/wp\/v2\/product\/44697","targetHints":{"allow":["GET"]}}],"collection":[{"href":"https:\/\/decepenlinea.uprm.edu\/index.php\/wp-json\/wp\/v2\/product"}],"about":[{"href":"https:\/\/decepenlinea.uprm.edu\/index.php\/wp-json\/wp\/v2\/types\/product"}],"replies":[{"embeddable":true,"href":"https:\/\/decepenlinea.uprm.edu\/index.php\/wp-json\/wp\/v2\/comments?post=44697"}],"wp:featuredmedia":[{"embeddable":true,"href":"https:\/\/decepenlinea.uprm.edu\/index.php\/wp-json\/wp\/v2\/media\/3732"}],"wp:attachment":[{"href":"https:\/\/decepenlinea.uprm.edu\/index.php\/wp-json\/wp\/v2\/media?parent=44697"}],"wp:term":[{"taxonomy":"product_brand","embeddable":true,"href":"https:\/\/decepenlinea.uprm.edu\/index.php\/wp-json\/wp\/v2\/product_brand?post=44697"},{"taxonomy":"product_cat","embeddable":true,"href":"https:\/\/decepenlinea.uprm.edu\/index.php\/wp-json\/wp\/v2\/product_cat?post=44697"},{"taxonomy":"product_tag","embeddable":true,"href":"https:\/\/decepenlinea.uprm.edu\/index.php\/wp-json\/wp\/v2\/product_tag?post=44697"}],"curies":[{"name":"wp","href":"https:\/\/api.w.org\/{rel}","templated":true}]}}