{"id":44684,"date":"2025-05-27T16:35:43","date_gmt":"2025-05-27T20:35:43","guid":{"rendered":"https:\/\/decepenlinea.uprm.edu\/?post_type=product&#038;p=44684"},"modified":"2025-08-26T11:29:19","modified_gmt":"2025-08-26T15:29:19","slug":"redaccion-de-objetivos-inteligentes-smart-9","status":"publish","type":"product","link":"https:\/\/decepenlinea.uprm.edu\/index.php\/product\/redaccion-de-objetivos-inteligentes-smart-9\/","title":{"rendered":"Redacci\u00f3n de Objetivos Inteligentes (SMART)"},"content":{"rendered":"<p>Definir un objetivo es m\u00e1s sencillo de lo que parece, pero hay que hacerlo correctamente para que sea alcanzable y nos sintamos bien al darnos cuenta de que es posible conseguirlo. El m\u00e9todo SMART te ayuda a focalizar tus metas, manteniendo presentes tus objetivos iniciales, permitiendo hacerles seguimiento y llevar a cabo acciones para cumplirlos. Determinar objetivos hace que dirijamos nuestras acciones y esfuerzos hacia lo que queremos conseguir.<\/p>\n<p>Este es un curso autodirigido con estrategia asincr\u00f3nica donde el participante adquiere la informaci\u00f3n con video y micro aprendizaje. Es un curso flexible ya que se puede participar en cualquier momento y desde cualquier lugar mientras dure el curso. Se espera que estudiante dedique 5 horas para completarlo. El certificado que se le otorgar\u00e1 ser\u00e1 de acuerdo con la ejecuci\u00f3n en el curso.<\/p>\n<p>Este curso va dirigido a personas que en su car\u00e1cter como individuo quieren mejorar el rendimiento profesional y personal. Empresarios, administradores de oficina, gerentes de proyectos, educadores, l\u00edderes organizacionales y cualquiera que desee reducir los riesgos empresariales innecesarios, gestionar los recursos disponibles a fin de no malgastarlos y motivar al equipo humano. Si logras llevar a cabo esta metodolog\u00eda te sentir\u00e1s m\u00e1s cerca del \u00e9xito y sobre todo har\u00e1s cambios significativos.<\/p>\n<p>El curso de Redacci\u00f3n de Objetivos Inteligentes (SMART) es parte de la <a href=\"https:\/\/decepenlinea.uprm.edu\/index.php\/product\/certificacion-profesional-de-especializacion-en-liderazgo-de-la-innovacion-y-creatividad-7\/\">Certificaci\u00f3n Profesional de Especializaci\u00f3n en Liderazgo de la Innovaci\u00f3n y Creatividad .<\/a><\/p>\n<p>Puedes matricular el curso individual o como parte de la certificaci\u00f3n. Al pagarlo como parte de la certificaci\u00f3n, obtienes un descuento.<\/p>\n<p>De igual forma, es parte de la <a href=\"https:\/\/decepenlinea.uprm.edu\/index.php\/product\/certificacion-profesional-en-pensamiento-estrategico-planificacion-manejo-del-tiempo-y-colaboracion-efectiva\/\">Certificaci\u00f3n Profesional en Pensamiento Estrat\u00e9gico: Planificaci\u00f3n, Manejo del Tiempo y Colaboraci\u00f3n Efectiva.<\/a>\u00a0 Puedes matricular el curso individual o como parte de la certificaci\u00f3n. Al pagarlo como parte de la certificaci\u00f3n, obtienes un descuento.<\/p>\n<p><strong>Modalidad del curso:<\/strong><\/p>\n<p>Este es un curso autodirigido, en modalidad asincr\u00f3nica que te ofrece una credencial con certificado de equivalencia de 5 horas contacto. Se utiliza una estructura que facilita la participaci\u00f3n del estudiante. Las t\u00e9cnicas incluyen video aprendizaje, micro aprendizaje, aprendizaje social y aprendizaje m\u00f3vil.\u00a0 Es un curso flexible ya que se puede participar en cualquier momento y desde cualquier lugar que te encuentres mientras dure el curso.<\/p>\n<p>Una vez pases por el proceso de pago tendr\u00e1s acceso de inmediato al Sistema de Gerencia de Aprendizaje de la clase, todas las lecciones se encontrar\u00e1n abiertas y podr\u00e1s realizar el curso a tu propio paso hasta la fecha de cierre establecida.<\/p>\n<p>Se ofrece un certificado de aprobaci\u00f3n al haber completado el curso con la puntuaci\u00f3n m\u00ednima de ejecuci\u00f3n.<\/p>\n<p><strong>*El certificado del curso se enviar\u00e1 digital por correo electr\u00f3nico.<\/strong><\/p>\n<p>&nbsp;<\/p>\n<p><strong>*\u00bfQu\u00e9 son los cursos autodirigidos?<\/strong><\/p>\n<p>Los cursos autodirigidos son aquellos con una metodolog\u00eda autodidacta. Por lo regular no tienen fecha de comienzo, pero si de cierre. No suele haber metodolog\u00eda de aprendizaje social en estos cursos. Puedes consumir los materiales educativos y participar de cada m\u00f3dulo a tu propio paso, siempre velando que hay una fecha de cierre para la que se espera concluya el curso. En los cursos autodirigidos una vez pasas por el proceso de pago, tendr\u00e1s acceso de inmediato al curso.<\/p>\n","protected":false},"excerpt":{"rendered":"<p><strong>Instructor:<\/strong> CREAD<\/p>\n<p><strong>Horario:<\/strong> Curso en l\u00ednea &#8211; AUTODIRIGIDO<\/p>\n<p><strong>Acceso al curso:<\/strong> Una vez pase por el proceso de pago, tendr\u00e1 acceso al curso de forma inmediata. Las pruebas y tareas cerrar\u00e1n el 12 de diciembre de 2025, pero tendr\u00e1 acceso a los materiales de forma indefinida.<\/p>\n<p><strong>Equivalencia de horas contacto:<\/strong> 5<\/p>\n<p><strong>Espacios:<\/strong>\u00a015<\/p>\n","protected":false},"featured_media":3723,"comment_status":"closed","ping_status":"closed","template":"","meta":{"_links_to":"","_links_to_target":""},"product_brand":[],"product_cat":[17,11147],"product_tag":[],"class_list":{"0":"post-44684","1":"product","2":"type-product","3":"status-publish","4":"has-post-thumbnail","6":"product_cat-uncategorized","7":"product_cat-cursos2025","9":"first","10":"instock","11":"sale","12":"downloadable","13":"virtual","14":"purchasable","15":"product-type-simple"},"_links":{"self":[{"href":"https:\/\/decepenlinea.uprm.edu\/index.php\/wp-json\/wp\/v2\/product\/44684","targetHints":{"allow":["GET"]}}],"collection":[{"href":"https:\/\/decepenlinea.uprm.edu\/index.php\/wp-json\/wp\/v2\/product"}],"about":[{"href":"https:\/\/decepenlinea.uprm.edu\/index.php\/wp-json\/wp\/v2\/types\/product"}],"replies":[{"embeddable":true,"href":"https:\/\/decepenlinea.uprm.edu\/index.php\/wp-json\/wp\/v2\/comments?post=44684"}],"wp:featuredmedia":[{"embeddable":true,"href":"https:\/\/decepenlinea.uprm.edu\/index.php\/wp-json\/wp\/v2\/media\/3723"}],"wp:attachment":[{"href":"https:\/\/decepenlinea.uprm.edu\/index.php\/wp-json\/wp\/v2\/media?parent=44684"}],"wp:term":[{"taxonomy":"product_brand","embeddable":true,"href":"https:\/\/decepenlinea.uprm.edu\/index.php\/wp-json\/wp\/v2\/product_brand?post=44684"},{"taxonomy":"product_cat","embeddable":true,"href":"https:\/\/decepenlinea.uprm.edu\/index.php\/wp-json\/wp\/v2\/product_cat?post=44684"},{"taxonomy":"product_tag","embeddable":true,"href":"https:\/\/decepenlinea.uprm.edu\/index.php\/wp-json\/wp\/v2\/product_tag?post=44684"}],"curies":[{"name":"wp","href":"https:\/\/api.w.org\/{rel}","templated":true}]}}