{"id":44682,"date":"2025-05-27T16:34:15","date_gmt":"2025-05-27T20:34:15","guid":{"rendered":"https:\/\/decepenlinea.uprm.edu\/?post_type=product&#038;p=44682"},"modified":"2025-08-26T11:29:19","modified_gmt":"2025-08-26T15:29:19","slug":"planeacion-estrategica-analisis-foda-11","status":"publish","type":"product","link":"https:\/\/decepenlinea.uprm.edu\/index.php\/product\/planeacion-estrategica-analisis-foda-11\/","title":{"rendered":"Planeaci\u00f3n estrat\u00e9gica: An\u00e1lisis FODA"},"content":{"rendered":"<p>El an\u00e1lisis FODA, tambi\u00e9n conocido como an\u00e1lisis DAFO, es una herramienta de estudio de la situaci\u00f3n de una empresa, instituci\u00f3n, proyecto o persona, analizando sus caracter\u00edsticas internas y su situaci\u00f3n externa en una matriz cuadrada. Proviene de las siglas en ingl\u00e9s SWOT. A trav\u00e9s de la t\u00e9cnica para el an\u00e1lisis y la resoluci\u00f3n de problemas denominada FODA se establece cu\u00e1les son los recursos con los que se cuenta que dan la posibilidad de llegar al objetivo, y, por otra parte, cu\u00e1l es el impacto de las debilidades, as\u00ed como las amenazas y oportunidades que el medio ofrece.<\/p>\n<p>Este es un curso autodirigido con estrategia asincr\u00f3nica donde el participante adquiere la informaci\u00f3n con video y micro aprendizaje. Es un curso flexible ya que se puede participar en cualquier momento y desde cualquier lugar mientras dure el curso. Se espera que el estudiante dedique 5 horas para completarlo. El certificado que se le otorgar\u00e1 ser\u00e1 de acuerdo con la ejecuci\u00f3n en el curso.<\/p>\n<p>Este curso va dirigido a empresarios, gerentes de proyectos, l\u00edderes comunitarios, administradores educativos, coaches de vida, desarrolladores de marketing, creativos de branding y cualquier persona que quiera desarrollar un plan de trabajo estrat\u00e9gico y tener un panorama m\u00e1s amplio del negocio o situaci\u00f3n personal.<\/p>\n<p>El curso de Planeaci\u00f3n estrat\u00e9gica: An\u00e1lisis FODA es parte de la <a href=\"https:\/\/decepenlinea.uprm.edu\/index.php\/product\/certificacion-profesional-de-especializacion-en-liderazgo-de-la-innovacion-y-creatividad-7\/\">Certificaci\u00f3n Profesional de Especializaci\u00f3n en Liderazgo de la Innovaci\u00f3n y Creatividad .<\/a><\/p>\n<p>Puedes matricular el curso individual o como parte de la certificaci\u00f3n. Al pagarlo como parte de la certificaci\u00f3n, obtienes un descuento.<\/p>\n<p>De igual forma, es parte de la <a href=\"https:\/\/decepenlinea.uprm.edu\/index.php\/product\/certificacion-profesional-en-pensamiento-estrategico-planificacion-manejo-del-tiempo-y-colaboracion-efectiva\/\">Certificaci\u00f3n Profesional en Pensamiento Estrat\u00e9gico: Planificaci\u00f3n, Manejo del Tiempo y Colaboraci\u00f3n Efectiva.<\/a>\u00a0 Puedes matricular el curso individual o como parte de la certificaci\u00f3n. Al pagarlo como parte de la certificaci\u00f3n, obtienes un descuento.<\/p>\n<p><strong>Modalidad del curso:<\/strong><\/p>\n<p>Este es un curso autodirigido, en modalidad asincr\u00f3nica que te ofrece una credencial con certificado de equivalencia de 5 horas contacto. Se utiliza una estructura que facilita la participaci\u00f3n del estudiante. Las t\u00e9cnicas incluyen video aprendizaje, micro aprendizaje, aprendizaje social y aprendizaje m\u00f3vil.\u00a0 Es un curso flexible ya que se puede participar en cualquier momento y desde cualquier lugar que te encuentres mientras dure el curso.<\/p>\n<p>Una vez pases por el proceso de pago tendr\u00e1s acceso de inmediato al Sistema de Gerencia de Aprendizaje de la clase, todas las lecciones se encontrar\u00e1n abiertas y podr\u00e1s realizar el curso a tu propio paso hasta la fecha de cierre establecida.<\/p>\n<p>Se ofrece un certificado de aprobaci\u00f3n al haber completado el curso con la puntuaci\u00f3n m\u00ednima de ejecuci\u00f3n.<\/p>\n<p><strong>*El certificado del curso se enviar\u00e1 digital por correo electr\u00f3nico.<\/strong><\/p>\n<p>&nbsp;<\/p>\n<p><strong>*\u00bfQu\u00e9 son los cursos autodirigidos?<\/strong><\/p>\n<p>Los cursos autodirigidos son aquellos con una metodolog\u00eda autodidacta. Por lo regular no tienen fecha de comienzo, pero si de cierre. No suele haber metodolog\u00eda de aprendizaje social en estos cursos. Puedes consumir los materiales educativos y participar de cada m\u00f3dulo a tu propio paso, siempre velando que hay una fecha de cierre para la que se espera concluya el curso. En los cursos autodirigidos una vez pasas por el proceso de pago, tendr\u00e1s acceso de inmediato al curso.<\/p>\n<p>&nbsp;<\/p>\n","protected":false},"excerpt":{"rendered":"<p><strong>Instructor:<\/strong> CREAD<\/p>\n<p><strong>Horario:<\/strong> Curso en l\u00ednea &#8211; AUTODIRIGIDO<\/p>\n<p><strong>Acceso al curso:<\/strong> Una vez pase por el proceso de pago, tendr\u00e1 acceso al curso de forma inmediata. Las pruebas y tareas cerrar\u00e1n el 12 de diciembre de 2025, pero tendr\u00e1 acceso a los materiales de forma indefinida.<\/p>\n<p><strong>Equivalencia de horas contacto:<\/strong> 5<\/p>\n<p><strong>Espacios:<\/strong>\u00a015<\/p>\n","protected":false},"featured_media":3723,"comment_status":"closed","ping_status":"closed","template":"","meta":{"_links_to":"","_links_to_target":""},"product_brand":[],"product_cat":[17,11147],"product_tag":[],"class_list":{"0":"post-44682","1":"product","2":"type-product","3":"status-publish","4":"has-post-thumbnail","6":"product_cat-uncategorized","7":"product_cat-cursos2025","9":"first","10":"instock","11":"sale","12":"downloadable","13":"virtual","14":"purchasable","15":"product-type-simple"},"_links":{"self":[{"href":"https:\/\/decepenlinea.uprm.edu\/index.php\/wp-json\/wp\/v2\/product\/44682","targetHints":{"allow":["GET"]}}],"collection":[{"href":"https:\/\/decepenlinea.uprm.edu\/index.php\/wp-json\/wp\/v2\/product"}],"about":[{"href":"https:\/\/decepenlinea.uprm.edu\/index.php\/wp-json\/wp\/v2\/types\/product"}],"replies":[{"embeddable":true,"href":"https:\/\/decepenlinea.uprm.edu\/index.php\/wp-json\/wp\/v2\/comments?post=44682"}],"wp:featuredmedia":[{"embeddable":true,"href":"https:\/\/decepenlinea.uprm.edu\/index.php\/wp-json\/wp\/v2\/media\/3723"}],"wp:attachment":[{"href":"https:\/\/decepenlinea.uprm.edu\/index.php\/wp-json\/wp\/v2\/media?parent=44682"}],"wp:term":[{"taxonomy":"product_brand","embeddable":true,"href":"https:\/\/decepenlinea.uprm.edu\/index.php\/wp-json\/wp\/v2\/product_brand?post=44682"},{"taxonomy":"product_cat","embeddable":true,"href":"https:\/\/decepenlinea.uprm.edu\/index.php\/wp-json\/wp\/v2\/product_cat?post=44682"},{"taxonomy":"product_tag","embeddable":true,"href":"https:\/\/decepenlinea.uprm.edu\/index.php\/wp-json\/wp\/v2\/product_tag?post=44682"}],"curies":[{"name":"wp","href":"https:\/\/api.w.org\/{rel}","templated":true}]}}