{"id":44681,"date":"2025-05-27T16:33:33","date_gmt":"2025-05-27T20:33:33","guid":{"rendered":"https:\/\/decepenlinea.uprm.edu\/?post_type=product&#038;p=44681"},"modified":"2025-08-26T11:29:19","modified_gmt":"2025-08-26T15:29:19","slug":"pensamiento-de-diseno-design-thinking-14","status":"publish","type":"product","link":"https:\/\/decepenlinea.uprm.edu\/index.php\/product\/pensamiento-de-diseno-design-thinking-14\/","title":{"rendered":"Pensamiento de Dise\u00f1o (Design Thinking)"},"content":{"rendered":"<p dir=\"ltr\" style=\"text-align: left;\">El Pensamiento de Dise\u00f1o es una estrategia que establece un proceso para la b\u00fasqueda de soluciones innovadoras a problemas. Estas estrategias se han adaptado para el desarrollo de servicios, productos, la educaci\u00f3n y el arte, entre otros campos. A diferencia del m\u00e9todo cient\u00edfico en donde se establece una posible soluci\u00f3n a un problema y se prueba si funciona o no, el Pensamiento de Dise\u00f1o motiva a la b\u00fasqueda de m\u00faltiples ideas, se prueban y se revisa lo aprendido regresando a cualquiera de los pasos anteriores hasta que se llega a la mejor soluci\u00f3n. En este curso, se define lo que es innovaci\u00f3n, las premisas del proceso creativo, las normas de colaboraci\u00f3n en grupos y se revisa cada uno de los pasos, introduciendo algunos de los procesos posibles en el Pensamiento de Dise\u00f1o.<\/p>\n<p dir=\"ltr\" style=\"text-align: left;\">Entre los materiales se encuentran: las v\u00eddeo presentaciones y v\u00eddeos demostrativos de c\u00f3mo se ve el proceso en la pr\u00e1ctica. Este es un micro curso autodirigido por m\u00f3dulos que te ofrece una credencial con certificado de equivalencia de 8 horas contacto donde se demuestra el aprendizaje mediante pruebas objetivas y la tarea de aplicaci\u00f3n final.<\/p>\n<p>El curso de Pensamiento de Dise\u00f1o (Design Thinking) es parte de la <a href=\"https:\/\/decepenlinea.uprm.edu\/index.php\/product\/certificacion-profesional-de-especializacion-en-liderazgo-de-la-innovacion-y-creatividad-7\/\">Certificaci\u00f3n Profesional de Especializaci\u00f3n en Liderazgo de la Innovaci\u00f3n y Creatividad .<\/a><\/p>\n<p>Puedes matricular el curso individual o como parte de la certificaci\u00f3n. Al pagarlo como parte de la certificaci\u00f3n, obtienes un descuento.<\/p>\n<p><strong>Modalidad del curso:<\/strong><\/p>\n<p>Este es un curso autodirigido, en modalidad asincr\u00f3nica que te ofrece una credencial con certificado de equivalencia de 8 horas contacto. Se utiliza una estructura que facilita la participaci\u00f3n del estudiante. Las t\u00e9cnicas incluyen video aprendizaje, micro aprendizaje, aprendizaje social y aprendizaje m\u00f3vil.\u00a0 Es un curso flexible ya que se puede participar en cualquier momento y desde cualquier lugar que te encuentres mientras dure el curso.<\/p>\n<p>Una vez pases por el proceso de pago tendr\u00e1s acceso de inmediato al Sistema de Gerencia de Aprendizaje de la clase, todas las lecciones se encontrar\u00e1n abiertas y podr\u00e1s realizar el curso a tu propio paso hasta la fecha de cierre establecida.<\/p>\n<p>Se ofrece un certificado de aprobaci\u00f3n al haber completado el curso con la puntuaci\u00f3n m\u00ednima de ejecuci\u00f3n.<\/p>\n<p><strong>*El certificado del curso se enviar\u00e1 digital por correo electr\u00f3nico.<\/strong><\/p>\n<p>&nbsp;<\/p>\n<p><strong>*\u00bfQu\u00e9 son los cursos autodirigidos?<\/strong><\/p>\n<p>Los cursos autodirigidos son aquellos con una metodolog\u00eda autodidacta. Por lo regular no tienen fecha de comienzo, pero si de cierre. No suele haber metodolog\u00eda de aprendizaje social en estos cursos. Puedes consumir los materiales educativos y participar de cada m\u00f3dulo a tu propio paso, siempre velando que hay una fecha de cierre para la que se espera concluya el curso. En los cursos autodirigidos una vez pasas por el proceso de pago, tendr\u00e1s acceso de inmediato al curso.<\/p>\n","protected":false},"excerpt":{"rendered":"<p><strong>Instructor:<\/strong> CREAD<\/p>\n<p><strong>Horario:<\/strong> Curso en l\u00ednea &#8211; AUTODIRIGIDO<\/p>\n<p><strong>Acceso al curso:<\/strong> Una vez pase por el proceso de pago, tendr\u00e1 acceso al curso de forma inmediata. Las pruebas y tareas cerrar\u00e1n el 12 de diciembre de 2025, pero tendr\u00e1 acceso a los materiales de forma indefinida.<\/p>\n<p><strong>Equivalencia de horas contacto:<\/strong> 8<\/p>\n<p><strong>Espacios:<\/strong> 15<\/p>\n","protected":false},"featured_media":3723,"comment_status":"closed","ping_status":"closed","template":"","meta":{"_links_to":"","_links_to_target":""},"product_brand":[],"product_cat":[17,11147],"product_tag":[],"class_list":{"0":"post-44681","1":"product","2":"type-product","3":"status-publish","4":"has-post-thumbnail","6":"product_cat-uncategorized","7":"product_cat-cursos2025","9":"first","10":"instock","11":"downloadable","12":"virtual","13":"purchasable","14":"product-type-simple"},"_links":{"self":[{"href":"https:\/\/decepenlinea.uprm.edu\/index.php\/wp-json\/wp\/v2\/product\/44681","targetHints":{"allow":["GET"]}}],"collection":[{"href":"https:\/\/decepenlinea.uprm.edu\/index.php\/wp-json\/wp\/v2\/product"}],"about":[{"href":"https:\/\/decepenlinea.uprm.edu\/index.php\/wp-json\/wp\/v2\/types\/product"}],"replies":[{"embeddable":true,"href":"https:\/\/decepenlinea.uprm.edu\/index.php\/wp-json\/wp\/v2\/comments?post=44681"}],"wp:featuredmedia":[{"embeddable":true,"href":"https:\/\/decepenlinea.uprm.edu\/index.php\/wp-json\/wp\/v2\/media\/3723"}],"wp:attachment":[{"href":"https:\/\/decepenlinea.uprm.edu\/index.php\/wp-json\/wp\/v2\/media?parent=44681"}],"wp:term":[{"taxonomy":"product_brand","embeddable":true,"href":"https:\/\/decepenlinea.uprm.edu\/index.php\/wp-json\/wp\/v2\/product_brand?post=44681"},{"taxonomy":"product_cat","embeddable":true,"href":"https:\/\/decepenlinea.uprm.edu\/index.php\/wp-json\/wp\/v2\/product_cat?post=44681"},{"taxonomy":"product_tag","embeddable":true,"href":"https:\/\/decepenlinea.uprm.edu\/index.php\/wp-json\/wp\/v2\/product_tag?post=44681"}],"curies":[{"name":"wp","href":"https:\/\/api.w.org\/{rel}","templated":true}]}}