{"id":44679,"date":"2025-05-27T16:32:16","date_gmt":"2025-05-27T20:32:16","guid":{"rendered":"https:\/\/decepenlinea.uprm.edu\/?post_type=product&#038;p=44679"},"modified":"2025-08-26T11:29:19","modified_gmt":"2025-08-26T15:29:19","slug":"microsoft-teams-14","status":"publish","type":"product","link":"https:\/\/decepenlinea.uprm.edu\/index.php\/product\/microsoft-teams-14\/","title":{"rendered":"Microsoft Teams"},"content":{"rendered":"<p dir=\"ltr\" style=\"text-align: left;\">Como parte de nuestra secuencia de capacitaciones de Teletrabajo, y a petici\u00f3n popular, llega a ustedes el curso de Microsoft Teams. Este es un programado de trabajo colaborativo en l\u00ednea centrado en las comunicaciones con el elemento de video llamada o videoconferencia como el m\u00e1s importante. Pero es mucho m\u00e1s. Permite crear equipos de trabajo, canales dentro de los equipos, compartir documentos, im\u00e1genes, gr\u00e1ficos, enlaces y otros. Tambi\u00e9n permite tener chats privados y p\u00fablicos. Microsoft Teams cuenta tambi\u00e9n con herramientas b\u00e1sicas para los procesos educativos como los son las tareas con r\u00fabricas y pruebas, con una libreta de calificaciones.<\/p>\n<p dir=\"ltr\" style=\"text-align: left;\">Microsoft Teams cuenta con un calendario interactivo que permitir\u00e1 coordinar todos tus eventos de trabajo a distancia, entre otras herramientas de colaboraci\u00f3n sincr\u00f3nica y asincr\u00f3nica. Como es de esperarse, Microsoft Teams permite una integraci\u00f3n perfecta con todo el ambiente de productividad de Microsoft Office 365. Nuevo en este curso: En un m\u00f3dulo adicional se presentan estrategias de c\u00f3mo organizar tu clase con Teams. Se explica que se debe crear un Team para cada materia o grupo, que se puede organizar el con folders las unidades, se muestra c\u00f3mo a\u00f1adir tareas dentro de las unidades, c\u00f3mo a\u00f1adir pruebas y otros recursos dentro del del Team, que tambi\u00e9n puedes organizar tu curso por canales en lugar de folders y se demuestra c\u00f3mo utilizar la libreta de la clase. Tambi\u00e9n ajustes necesarios como bloquear permiso de edici\u00f3n en documentos compartidos, compartir material educativo dentro de cada canal (unidad), c\u00f3mo lograr interacci\u00f3n como aval\u00fao dentro de una video conferencia y c\u00f3mo a\u00f1adir una tarea dentro de un canal (unidad). Con esta nueva lecci\u00f3n evitar\u00e1s que los estudiantes te apaguen el micr\u00f3fo o que enciendan el suyo sin tu permiso, tambi\u00e9n que cambien tus presentaciones de Power Point o tus documentos en Word.<\/p>\n<p>El curso de Microsoft Microsoft Teams es parte de la <a href=\"https:\/\/decepenlinea.uprm.edu\/index.php\/product\/certificacion-en-microsoft-office\/\">Certificaci\u00f3n en Microsoft Office<\/a>.<\/p>\n<p>Puedes matricular el curso individual o como parte de la certificaci\u00f3n. Al pagarlo como parte de la certificaci\u00f3n, obtienes un descuento.<\/p>\n<p><strong>Modalidad del curso:<\/strong><\/p>\n<p>Este es un curso autodirigido, en modalidad asincr\u00f3nica que te ofrece una credencial con certificado de equivalencia de 6 horas contacto. Se utiliza una estructura que facilita la participaci\u00f3n del estudiante. Las t\u00e9cnicas incluyen video aprendizaje, micro aprendizaje, aprendizaje social y aprendizaje m\u00f3vil.\u00a0 Es un curso flexible ya que se puede participar en cualquier momento y desde cualquier lugar que te encuentres mientras dure el curso.<\/p>\n<p>Una vez pases por el proceso de pago tendr\u00e1s acceso de inmediato al Sistema de Gerencia de Aprendizaje de la clase, todas las lecciones se encontrar\u00e1n abiertas y podr\u00e1s realizar el curso a tu propio paso hasta la fecha de cierre establecida.<\/p>\n<p>Se ofrece un certificado de aprobaci\u00f3n al haber completado el curso con la puntuaci\u00f3n m\u00ednima de ejecuci\u00f3n.<\/p>\n<p><strong>*El certificado del curso se enviar\u00e1 digital por correo electr\u00f3nico.<\/strong><\/p>\n<p>&nbsp;<\/p>\n<p><strong>*\u00bfQu\u00e9 son los cursos autodirigidos?<\/strong><\/p>\n<p>Los cursos autodirigidos son aquellos con una metodolog\u00eda autodidacta. Por lo regular no tienen fecha de comienzo, pero si de cierre. No suele haber metodolog\u00eda de aprendizaje social en estos cursos. Puedes consumir los materiales educativos y participar de cada m\u00f3dulo a tu propio paso, siempre velando que hay una fecha de cierre para la que se espera concluya el curso. En los cursos autodirigidos una vez pasas por el proceso de pago, tendr\u00e1s acceso de inmediato al curso.<\/p>\n","protected":false},"excerpt":{"rendered":"<p><strong>Instructor:<\/strong> Centro de Recursos para la Educaci\u00f3n a Distancia (CREAD)<\/p>\n<p><strong>Horario:<\/strong> Curso en l\u00ednea &#8211; AUTODIRIGIDO<\/p>\n<p><strong>Acceso al curso:<\/strong> Una vez pase por el proceso de pago, tendr\u00e1 acceso al curso de forma inmediata. Las pruebas y tareas cerrar\u00e1n el 12 de diciembre de 2025, pero tendr\u00e1 acceso a los materiales de forma indefinida.<\/p>\n<p><strong>Equivalencia de horas contacto:<\/strong> 6<\/p>\n<p><strong>Espacios:<\/strong> 15<\/p>\n","protected":false},"featured_media":3745,"comment_status":"closed","ping_status":"closed","template":"","meta":{"_links_to":"","_links_to_target":""},"product_brand":[],"product_cat":[17,11147],"product_tag":[],"class_list":{"0":"post-44679","1":"product","2":"type-product","3":"status-publish","4":"has-post-thumbnail","6":"product_cat-uncategorized","7":"product_cat-cursos2025","9":"first","10":"instock","11":"sale","12":"virtual","13":"purchasable","14":"product-type-simple"},"_links":{"self":[{"href":"https:\/\/decepenlinea.uprm.edu\/index.php\/wp-json\/wp\/v2\/product\/44679","targetHints":{"allow":["GET"]}}],"collection":[{"href":"https:\/\/decepenlinea.uprm.edu\/index.php\/wp-json\/wp\/v2\/product"}],"about":[{"href":"https:\/\/decepenlinea.uprm.edu\/index.php\/wp-json\/wp\/v2\/types\/product"}],"replies":[{"embeddable":true,"href":"https:\/\/decepenlinea.uprm.edu\/index.php\/wp-json\/wp\/v2\/comments?post=44679"}],"wp:featuredmedia":[{"embeddable":true,"href":"https:\/\/decepenlinea.uprm.edu\/index.php\/wp-json\/wp\/v2\/media\/3745"}],"wp:attachment":[{"href":"https:\/\/decepenlinea.uprm.edu\/index.php\/wp-json\/wp\/v2\/media?parent=44679"}],"wp:term":[{"taxonomy":"product_brand","embeddable":true,"href":"https:\/\/decepenlinea.uprm.edu\/index.php\/wp-json\/wp\/v2\/product_brand?post=44679"},{"taxonomy":"product_cat","embeddable":true,"href":"https:\/\/decepenlinea.uprm.edu\/index.php\/wp-json\/wp\/v2\/product_cat?post=44679"},{"taxonomy":"product_tag","embeddable":true,"href":"https:\/\/decepenlinea.uprm.edu\/index.php\/wp-json\/wp\/v2\/product_tag?post=44679"}],"curies":[{"name":"wp","href":"https:\/\/api.w.org\/{rel}","templated":true}]}}