{"id":44674,"date":"2025-05-27T16:29:02","date_gmt":"2025-05-27T20:29:02","guid":{"rendered":"https:\/\/decepenlinea.uprm.edu\/?post_type=product&#038;p=44674"},"modified":"2025-08-26T11:29:19","modified_gmt":"2025-08-26T15:29:19","slug":"introduccion-a-photoshop-14","status":"publish","type":"product","link":"https:\/\/decepenlinea.uprm.edu\/index.php\/product\/introduccion-a-photoshop-14\/","title":{"rendered":"Introducci\u00f3n a Photoshop"},"content":{"rendered":"<p dir=\"ltr\" style=\"text-align: left;\">En este curso introductorio a Photoshop vas desde 0 conocimiento y destrezas hasta dominar todos los elementos b\u00e1sicos que te permitir\u00e1n luego hacer trabajos incre\u00edbles. No importa si es por motivaci\u00f3n personal, por trabajo o si quieres ser un artista, este curso te brinda la herramientas necesarias para dominar este programado que es el \u201cstandard\u201d del mercado en dise\u00f1o y arte gr\u00e1fico.<\/p>\n<p dir=\"ltr\" style=\"text-align: left;\">El curso de Introducci\u00f3n a Photoshop est\u00e1 dirigido a personas con un inter\u00e9s en la edici\u00f3n y manipulaci\u00f3n de im\u00e1genes digitales. No requiere un conocimiento previo del mismo ya que va desde lo m\u00e1s b\u00e1sico, preparando al estudiante hasta un nivel m\u00e1s avanzado. En cada m\u00f3dulo se discuten poco a poco las caracter\u00edsticas y propiedades del programa.<\/p>\n<p dir=\"ltr\" style=\"text-align: left;\">Aunque Photoshop no est\u00e1 dise\u00f1ado primordialmente para dibujar, tambi\u00e9n se discuten herramientas que nos permiten realizarlo. Entre los temas se encuentran: las caracter\u00edsticas y propiedades de la interfase; como cambiar el tama\u00f1o de una imagen o invertir su orientaci\u00f3n; cambiar la imagen de color y\/o en blanco y negro; remover el fondo y sustituirlo por otro; como crear formas nuevas y editar las existentes; como crear filtros y efectos, manipulaci\u00f3n del color y texto; \u201cshortcuts\u201den Mac y PC, entre otros. Terminar\u00e1s creando tu primera composici\u00f3n gr\u00e1fica en una tarea que aplicar\u00e1s lo que has aprendido, entre otros. El curso cuenta con m\u00e1s de 50 videos donde se discuten los objetivos de cada pr\u00e1ctica.<\/p>\n<p dir=\"ltr\" style=\"text-align: left;\">Para poder tomar el curso se requiere que el estudiante tenga el programa instalado en su computadora, preferiblemente la versi\u00f3n CS5 en adelante.<\/p>\n<p>El curso de Photoshop es parte de la\u00a0<a href=\"https:\/\/decepenlinea.uprm.edu\/index.php\/product\/certificacion-de-diseno-grafico\/\">Certificaci\u00f3n en Dise\u00f1o Gr\u00e1fico<\/a>.<\/p>\n<p>Puedes matricular el curso individual o como parte de la certificaci\u00f3n de Dise\u00f1o Gr\u00e1fico. Al pagarlo como parte de la certificaci\u00f3n, obtienes un descuento.<\/p>\n<p>&nbsp;<\/p>\n<p><strong>Modalidad del curso:<\/strong><\/p>\n<p>Este es un curso autodirigido, en modalidad asincr\u00f3nica que te ofrece una credencial con certificado de equivalencia de 15 horas contacto. Se utiliza una estructura que facilita la participaci\u00f3n del estudiante. Las t\u00e9cnicas incluyen video aprendizaje, micro aprendizaje, aprendizaje social y aprendizaje m\u00f3vil.\u00a0 Es un curso flexible ya que se puede participar en cualquier momento y desde cualquier lugar que te encuentres mientras dure el curso.<\/p>\n<p>Una vez pases por el proceso de pago tendr\u00e1s acceso de inmediato al Sistema de Gerencia de Aprendizaje de la clase, todas las lecciones se encontrar\u00e1n abiertas y podr\u00e1s realizar el curso a tu propio paso hasta la fecha de cierre establecida.<\/p>\n<p>Se ofrece un certificado de aprobaci\u00f3n al haber completado el curso con la puntuaci\u00f3n m\u00ednima de ejecuci\u00f3n.<\/p>\n<p><strong>*El certificado del curso se enviar\u00e1 digital por correo electr\u00f3nico.<\/strong><\/p>\n<p>&nbsp;<\/p>\n<p><strong>*\u00bfQu\u00e9 son los cursos autodirigidos?<\/strong><\/p>\n<p>Los cursos autodirigidos son aquellos con una metodolog\u00eda autodidacta. Por lo regular no tienen fecha de comienzo, pero si de cierre. No suele haber metodolog\u00eda de aprendizaje social en estos cursos. Puedes consumir los materiales educativos y participar de cada m\u00f3dulo a tu propio paso, siempre velando que hay una fecha de cierre para la que se espera concluya el curso. En los cursos autodirigidos una vez pasas por el proceso de pago, tendr\u00e1s acceso de inmediato al curso.<\/p>\n","protected":false},"excerpt":{"rendered":"<p><strong>Instructor:<\/strong> CREAD<\/p>\n<p><strong>Horario:<\/strong> Curso en l\u00ednea &#8211; AUTODIRIGIDO<\/p>\n<p><strong>Acceso al curso:<\/strong> Una vez pase por el proceso de pago, tendr\u00e1 acceso al curso de forma inmediata. Las pruebas y tareas cerrar\u00e1n el 12 de diciembre de 2025, pero tendr\u00e1 acceso a los materiales de forma indefinida.<\/p>\n<p><strong>Equivalencia de horas contacto:<\/strong> 15<\/p>\n<p><strong>Espacios:<\/strong> 15<\/p>\n","protected":false},"featured_media":3729,"comment_status":"closed","ping_status":"closed","template":"","meta":{"_links_to":"","_links_to_target":""},"product_brand":[],"product_cat":[17,11147],"product_tag":[],"class_list":{"0":"post-44674","1":"product","2":"type-product","3":"status-publish","4":"has-post-thumbnail","6":"product_cat-uncategorized","7":"product_cat-cursos2025","9":"first","10":"instock","11":"sale","12":"virtual","13":"purchasable","14":"product-type-simple"},"_links":{"self":[{"href":"https:\/\/decepenlinea.uprm.edu\/index.php\/wp-json\/wp\/v2\/product\/44674","targetHints":{"allow":["GET"]}}],"collection":[{"href":"https:\/\/decepenlinea.uprm.edu\/index.php\/wp-json\/wp\/v2\/product"}],"about":[{"href":"https:\/\/decepenlinea.uprm.edu\/index.php\/wp-json\/wp\/v2\/types\/product"}],"replies":[{"embeddable":true,"href":"https:\/\/decepenlinea.uprm.edu\/index.php\/wp-json\/wp\/v2\/comments?post=44674"}],"wp:featuredmedia":[{"embeddable":true,"href":"https:\/\/decepenlinea.uprm.edu\/index.php\/wp-json\/wp\/v2\/media\/3729"}],"wp:attachment":[{"href":"https:\/\/decepenlinea.uprm.edu\/index.php\/wp-json\/wp\/v2\/media?parent=44674"}],"wp:term":[{"taxonomy":"product_brand","embeddable":true,"href":"https:\/\/decepenlinea.uprm.edu\/index.php\/wp-json\/wp\/v2\/product_brand?post=44674"},{"taxonomy":"product_cat","embeddable":true,"href":"https:\/\/decepenlinea.uprm.edu\/index.php\/wp-json\/wp\/v2\/product_cat?post=44674"},{"taxonomy":"product_tag","embeddable":true,"href":"https:\/\/decepenlinea.uprm.edu\/index.php\/wp-json\/wp\/v2\/product_tag?post=44674"}],"curies":[{"name":"wp","href":"https:\/\/api.w.org\/{rel}","templated":true}]}}