{"id":44669,"date":"2025-05-27T16:25:00","date_gmt":"2025-05-27T20:25:00","guid":{"rendered":"https:\/\/decepenlinea.uprm.edu\/?post_type=product&#038;p=44669"},"modified":"2025-08-26T11:29:19","modified_gmt":"2025-08-26T15:29:19","slug":"introduccion-a-la-creacion-de-paginas-de-internet-con-wordpress-9","status":"publish","type":"product","link":"https:\/\/decepenlinea.uprm.edu\/index.php\/product\/introduccion-a-la-creacion-de-paginas-de-internet-con-wordpress-9\/","title":{"rendered":"Introducci\u00f3n a la creaci\u00f3n de p\u00e1ginas de internet con WordPress"},"content":{"rendered":"<p>Crea p\u00e1ginas de internet con el programado\u00a0<span class=\"marko08br1akm\" data-markjs=\"true\" data-ogac=\"\" data-ogab=\"\" data-ogsc=\"\" data-ogsb=\"\">WordPress<\/span>, est\u00e1ndar mundial para creaci\u00f3n de sitios de internet profesionales. El curso cuenta con 4 m\u00f3dulos b\u00e1sicos y un m\u00f3dulo avanzado de bono. Tendr\u00e1s acceso a m\u00e1s de 20 videos donde puedes ir paso a paso aprendiendo mientras creas tu p\u00e1gina de internet con <span class=\"marko08br1akm\" data-markjs=\"true\" data-ogac=\"\" data-ogab=\"\" data-ogsc=\"\" data-ogsb=\"\">WordPress<\/span>\u00a0de manera gratuita. El curso incluye pruebas y una tarea final donde entregar\u00e1s el URL de tu p\u00e1gina de internet creada durante el curso con\u00a0<span class=\"marko08br1akm\" data-markjs=\"true\" data-ogac=\"\" data-ogab=\"\" data-ogsc=\"\" data-ogsb=\"\">WordPress<\/span>.<\/p>\n<p><strong>Modalidad del curso:<\/strong><\/p>\n<p>Este es un curso autodirigido, en modalidad asincr\u00f3nica que te ofrece una credencial con certificado de equivalencia de 10 horas contacto. Se utiliza una estructura que facilita la participaci\u00f3n del estudiante. Las t\u00e9cnicas incluyen video aprendizaje, micro aprendizaje, aprendizaje social y aprendizaje m\u00f3vil.\u00a0 Es un curso flexible ya que se puede participar en cualquier momento y desde cualquier lugar que te encuentres mientras dure el curso.<\/p>\n<p>Una vez pases por el proceso de pago tendr\u00e1s acceso de inmediato al Sistema de Gerencia de Aprendizaje de la clase, todas las lecciones se encontrar\u00e1n abiertas y podr\u00e1s realizar el curso a tu propio paso hasta la fecha de cierre establecida.<\/p>\n<p>Se ofrece un certificado de aprobaci\u00f3n al haber completado el curso con la puntuaci\u00f3n m\u00ednima de ejecuci\u00f3n.<\/p>\n<p><strong>*El certificado del curso se enviar\u00e1 digital por correo electr\u00f3nico.<\/strong><\/p>\n<p>&nbsp;<\/p>\n<p><strong>*\u00bfQu\u00e9 son los cursos autodirigidos?<\/strong><\/p>\n<p>Los cursos autodirigidos son aquellos con una metodolog\u00eda autodidacta. Por lo regular no tienen fecha de comienzo, pero si de cierre. No suele haber metodolog\u00eda de aprendizaje social en estos cursos. Puedes consumir los materiales educativos y participar de cada m\u00f3dulo a tu propio paso, siempre velando que hay una fecha de cierre para la que se espera concluya el curso. En los cursos autodirigidos una vez pasas por el proceso de pago, tendr\u00e1s acceso de inmediato al curso.<\/p>\n<p>&nbsp;<\/p>\n","protected":false},"excerpt":{"rendered":"<p><strong>Instructor:<\/strong> CREAD<\/p>\n<p><strong>Horario:<\/strong> Curso en l\u00ednea &#8211; AUTODIRIGIDO<\/p>\n<p><strong>Acceso al curso:<\/strong> Una vez pase por el proceso de pago, tendr\u00e1 acceso al curso de forma inmediata. Las pruebas y tareas cerrar\u00e1n el 12 de diciembre de 2025, pero tendr\u00e1 acceso a los materiales de forma indefinida.<\/p>\n<p><strong>Equivalencia de horas contacto:<\/strong> 10<\/p>\n<p><strong>Espacios:<\/strong>\u00a015<\/p>\n","protected":false},"featured_media":17874,"comment_status":"closed","ping_status":"closed","template":"","meta":{"_links_to":"","_links_to_target":""},"product_brand":[],"product_cat":[11147,254],"product_tag":[],"class_list":{"0":"post-44669","1":"product","2":"type-product","3":"status-publish","4":"has-post-thumbnail","6":"product_cat-cursos2025","7":"product_cat-upr-mayaguez","9":"first","10":"instock","11":"downloadable","12":"virtual","13":"purchasable","14":"product-type-simple"},"_links":{"self":[{"href":"https:\/\/decepenlinea.uprm.edu\/index.php\/wp-json\/wp\/v2\/product\/44669","targetHints":{"allow":["GET"]}}],"collection":[{"href":"https:\/\/decepenlinea.uprm.edu\/index.php\/wp-json\/wp\/v2\/product"}],"about":[{"href":"https:\/\/decepenlinea.uprm.edu\/index.php\/wp-json\/wp\/v2\/types\/product"}],"replies":[{"embeddable":true,"href":"https:\/\/decepenlinea.uprm.edu\/index.php\/wp-json\/wp\/v2\/comments?post=44669"}],"wp:featuredmedia":[{"embeddable":true,"href":"https:\/\/decepenlinea.uprm.edu\/index.php\/wp-json\/wp\/v2\/media\/17874"}],"wp:attachment":[{"href":"https:\/\/decepenlinea.uprm.edu\/index.php\/wp-json\/wp\/v2\/media?parent=44669"}],"wp:term":[{"taxonomy":"product_brand","embeddable":true,"href":"https:\/\/decepenlinea.uprm.edu\/index.php\/wp-json\/wp\/v2\/product_brand?post=44669"},{"taxonomy":"product_cat","embeddable":true,"href":"https:\/\/decepenlinea.uprm.edu\/index.php\/wp-json\/wp\/v2\/product_cat?post=44669"},{"taxonomy":"product_tag","embeddable":true,"href":"https:\/\/decepenlinea.uprm.edu\/index.php\/wp-json\/wp\/v2\/product_tag?post=44669"}],"curies":[{"name":"wp","href":"https:\/\/api.w.org\/{rel}","templated":true}]}}