{"id":44662,"date":"2025-05-27T16:19:46","date_gmt":"2025-05-27T20:19:46","guid":{"rendered":"https:\/\/decepenlinea.uprm.edu\/?post_type=product&#038;p=44662"},"modified":"2025-08-26T11:29:19","modified_gmt":"2025-08-26T15:29:19","slug":"crea-tu-portafolio-electronico-con-google-sites-14","status":"publish","type":"product","link":"https:\/\/decepenlinea.uprm.edu\/index.php\/product\/crea-tu-portafolio-electronico-con-google-sites-14\/","title":{"rendered":"Crea tu Portafolio Electr\u00f3nico con Google Sites"},"content":{"rendered":"<p dir=\"ltr\" style=\"text-align: left;\">Cada vez m\u00e1s se habla de marca personal. Las universidades lo solicitan para las admisiones a estudios graduados y los empleadores prefieren tener tus experiencias y referencias en una sola direcci\u00f3n de de Internet (URL). Los portafolios electr\u00f3nicos son mucho m\u00e1s que un resume o un curr\u00edculum vitae. Puedes colocar en ellos evidencias de logros y credenciales en documentos, im\u00e1genes y hasta v\u00eddeo. En este curso se describe la importancia de tener un portafolio electr\u00f3nico, se establecen las caracter\u00edsticas que hacen a Google Sites la herramienta id\u00f3nea para hacer esto. Luego mediante videos tutoriales se lleva paso a paso al participante a crear la estructura de su portafolio electr\u00f3nico mientras se le hacen recomendaciones de los componentes y elementos que debe podr\u00eda o debe tener su portafolio.<\/p>\n<p dir=\"ltr\" style=\"text-align: left;\">Este es un micro *curso autodirigido por m\u00f3dulos que te ofrece una credencial con certificado de equivalencia de 3 horas contacto donde se demuestra el aprendizaje mediante pruebas objetivas y la tarea de aplicaci\u00f3n final. Podr\u00e1s estudiar a tu propio paso y una vez tengas acceso no hay fechas con las cuales cumplir para las tareas. Solo debes completar el curso antes de concluir el semestre.<\/p>\n<p>Se ofrece un certificado de aprobaci\u00f3n al haber completado el curso con la puntuaci\u00f3n m\u00ednima de ejecuci\u00f3n.<\/p>\n<p><b>Modalidad del curso:<\/b><\/p>\n<p>Este es un curso autodirigido, en modalidad asincr\u00f3nica. Se utiliza una estructura que facilita la participaci\u00f3n del estudiante. Las t\u00e9cnicas incluyen video aprendizaje, micro aprendizaje, aprendizaje social y aprendizaje m\u00f3vil.\u00a0 Es un curso flexible ya que se puede participar en cualquier momento y desde cualquier lugar que te encuentres mientras dure el curso.<\/p>\n<p>Una vez pases por el proceso de pago tendr\u00e1s acceso de inmediato al Sistema de Gerencia de Aprendizaje de la clase, todas las lecciones se encontrar\u00e1n abiertas y podr\u00e1s realizar el curso a tu propio paso hasta la fecha de cierre establecida.<\/p>\n<p>Se ofrece un certificado de aprobaci\u00f3n al haber completado el curso con la puntuaci\u00f3n m\u00ednima de ejecuci\u00f3n.<\/p>\n<p><strong>*El certificado del curso se enviar\u00e1 digital por correo electr\u00f3nico.<\/strong><\/p>\n<p>&nbsp;<\/p>\n<p><strong>*\u00bfQu\u00e9 son los cursos autodirigidos?<\/strong><\/p>\n<p>Los cursos autodirigidos son aquellos con una metodolog\u00eda autodidacta. Por lo regular no tienen fecha de comienzo, pero si de cierre. No suele haber metodolog\u00eda de aprendizaje social en estos cursos. Puedes consumir los materiales educativos y participar de cada m\u00f3dulo a tu propio paso, siempre velando que hay una fecha de cierre para la que se espera concluya el curso. En los cursos autodirigidos una vez pasas por el proceso de pago, tendr\u00e1s acceso de inmediato al curso.<\/p>\n","protected":false},"excerpt":{"rendered":"<p><strong>Instructor:<\/strong> CREAD<\/p>\n<p><strong>Horario:<\/strong> Curso en l\u00ednea &#8211; AUTODIRIGIDO<\/p>\n<p><strong>Acceso al curso:<\/strong> Una vez pase por el proceso de pago, tendr\u00e1 acceso al curso de forma inmediata. Las pruebas y tareas cerrar\u00e1n el 12 de diciembre de 2025, pero tendr\u00e1 acceso a los materiales de forma indefinida.<\/p>\n<p><strong>Equivalencia de horas contacto:<\/strong> 3<\/p>\n<p><strong>Espacios:<\/strong> 15<\/p>\n","protected":false},"featured_media":3745,"comment_status":"closed","ping_status":"closed","template":"","meta":{"_links_to":"","_links_to_target":""},"product_brand":[],"product_cat":[17,11147],"product_tag":[],"class_list":{"0":"post-44662","1":"product","2":"type-product","3":"status-publish","4":"has-post-thumbnail","6":"product_cat-uncategorized","7":"product_cat-cursos2025","9":"first","10":"instock","11":"downloadable","12":"virtual","13":"purchasable","14":"product-type-simple"},"_links":{"self":[{"href":"https:\/\/decepenlinea.uprm.edu\/index.php\/wp-json\/wp\/v2\/product\/44662","targetHints":{"allow":["GET"]}}],"collection":[{"href":"https:\/\/decepenlinea.uprm.edu\/index.php\/wp-json\/wp\/v2\/product"}],"about":[{"href":"https:\/\/decepenlinea.uprm.edu\/index.php\/wp-json\/wp\/v2\/types\/product"}],"replies":[{"embeddable":true,"href":"https:\/\/decepenlinea.uprm.edu\/index.php\/wp-json\/wp\/v2\/comments?post=44662"}],"wp:featuredmedia":[{"embeddable":true,"href":"https:\/\/decepenlinea.uprm.edu\/index.php\/wp-json\/wp\/v2\/media\/3745"}],"wp:attachment":[{"href":"https:\/\/decepenlinea.uprm.edu\/index.php\/wp-json\/wp\/v2\/media?parent=44662"}],"wp:term":[{"taxonomy":"product_brand","embeddable":true,"href":"https:\/\/decepenlinea.uprm.edu\/index.php\/wp-json\/wp\/v2\/product_brand?post=44662"},{"taxonomy":"product_cat","embeddable":true,"href":"https:\/\/decepenlinea.uprm.edu\/index.php\/wp-json\/wp\/v2\/product_cat?post=44662"},{"taxonomy":"product_tag","embeddable":true,"href":"https:\/\/decepenlinea.uprm.edu\/index.php\/wp-json\/wp\/v2\/product_tag?post=44662"}],"curies":[{"name":"wp","href":"https:\/\/api.w.org\/{rel}","templated":true}]}}