{"id":44658,"date":"2025-05-27T16:15:54","date_gmt":"2025-05-27T20:15:54","guid":{"rendered":"https:\/\/decepenlinea.uprm.edu\/?post_type=product&#038;p=44658"},"modified":"2025-08-26T11:29:19","modified_gmt":"2025-08-26T15:29:19","slug":"atencion-al-cliente-2-0-4","status":"publish","type":"product","link":"https:\/\/decepenlinea.uprm.edu\/index.php\/product\/atencion-al-cliente-2-0-4\/","title":{"rendered":"Atenci\u00f3n al Cliente 2.0"},"content":{"rendered":"<p>\u00a1Bienvenido al futuro de la Atenci\u00f3n al Cliente! \u00a1Lugar donde se transforma tu trayectoria profesional!<\/p>\n<p>Imagina un mundo donde cada interacci\u00f3n con el cliente se convierte en una oportunidad emocionante para destacar, persuadir y crear conexiones significativas. \u00bfTe visualizas liderando el camino en esta revoluci\u00f3n digital? Si es as\u00ed, est\u00e1s en el lugar adecuado.<\/p>\n<p>Te presentamos \u201cAtenci\u00f3n al cliente 2.0: destrezas que todo empleado debe tener para persuadir, manejar conflictos y lograr m\u00e1s ventas\u201d, tu boleto para desbloquear habilidades que te llevar\u00e1n m\u00e1s all\u00e1 de las expectativas convencionales en el emocionante campo de la atenci\u00f3n al cliente 2.0.<\/p>\n<p><span style=\"font-weight: 400;\">Desde c\u00f3mo adaptar tu tono a diversas plataformas digitales hasta aprender t\u00e9cnicas persuasivas que cambiar\u00e1n tu enfoque de ventas, este curso est\u00e1 dise\u00f1ado para aquellos que aspiran a no solo adaptarse, sino tambi\u00e9n a destacarse y brillar en el din\u00e1mico escenario de la era digital.<\/span><\/p>\n<p><span style=\"font-weight: 400;\">Experimenta el poder manejar situaciones dif\u00edciles con destreza, conectar con tus clientes a un nivel m\u00e1s profundo, y ofrecer un servicio personalizado que haga que vuelvan por m\u00e1s. Este curso no solo se trata de adquirir conocimientos, sino de transformarte en un maestro en el arte de la atenci\u00f3n al cliente.<\/span><\/p>\n<p><b>Detalles del curso:<\/b><\/p>\n<p><span style=\"font-weight: 400;\">\u00bfA qui\u00e9n va dirigido?<\/span><\/p>\n<p><span style=\"font-weight: 400;\">Este curso est\u00e1 especialmente dise\u00f1ado para profesionales en el \u00e1rea de servicio al cliente, representantes de ventas, gerentes de equipo y cualquier persona interesada en mejorar sus habilidades de comunicaci\u00f3n, manejo de conflictos y ventas en la era digital. Si est\u00e1s buscando elevar tu carrera y llevar tus habilidades al siguiente nivel, este curso es para ti.<\/span><\/p>\n<p><b>\u00bfPor qu\u00e9 este curso es diferente?<\/b><\/p>\n<p><span style=\"font-weight: 400;\">Nuestro enfoque es integral, combinando teor\u00eda y pr\u00e1ctica con ejemplos reales y ejercicios interactivos. Te proporcionaremos habilidades pr\u00e1cticas y aplicables inmediatamente en tu entorno laboral.<\/span><\/p>\n<p><strong>Modalidad del curso:<\/strong><\/p>\n<p><span style=\"font-weight: 400;\">Este es un curso autodirigido, en modalidad asincr\u00f3nica, que te ofrece una credencial con certificado de equivalencia de 15 horas de capacitaci\u00f3n. Se utiliza una estructura que facilita la participaci\u00f3n del estudiante. Las t\u00e9cnicas incluyen video aprendizaje, micro aprendizaje y aprendizaje m\u00f3vil.\u00a0 Es un curso flexible, ya que se puede participar en cualquier momento y desde cualquier lugar que te encuentres mientras dure el curso.<\/span><\/p>\n<p><span style=\"font-weight: 400;\">Una vez pases por el proceso de pago tendr\u00e1s acceso de inmediato al Sistema de Gerencia de Aprendizaje de la clase, todas las lecciones se encontrar\u00e1n abiertas y podr\u00e1s realizar el curso a tu propio paso hasta la fecha de cierre establecida.<\/span><\/p>\n<p><span style=\"font-weight: 400;\">Se ofrece un certificado de aprobaci\u00f3n al haber completado el curso con la puntuaci\u00f3n m\u00ednima de ejecuci\u00f3n.<\/span><\/p>\n<p><strong>*El certificado del curso se enviar\u00e1 digital por correo electr\u00f3nico.<\/strong><\/p>\n<p>&nbsp;<\/p>\n<p><strong>*\u00bfQu\u00e9 son los cursos autodirigidos?<\/strong><\/p>\n<p>Los cursos autodirigidos son aquellos con una metodolog\u00eda autodidacta. Por lo regular no tienen fecha de comienzo, pero si de cierre. No suele haber metodolog\u00eda de aprendizaje social en estos cursos. Puedes consumir los materiales educativos y participar de cada m\u00f3dulo a tu propio paso, siempre velando que hay una fecha de cierre para la que se espera concluya el curso. En los cursos autodirigidos una vez pasas por el proceso de pago, tendr\u00e1s acceso de inmediato al curso.<\/p>\n","protected":false},"excerpt":{"rendered":"<p><strong>Instructor:<\/strong> CREAD<\/p>\n<p><strong>Horario:<\/strong> Curso en l\u00ednea &#8211; AUTODIRIGIDO<\/p>\n<p><strong>Acceso al curso:<\/strong> Una vez pase por el proceso de pago, tendr\u00e1 acceso al curso de forma inmediata. Las pruebas y tareas cerrar\u00e1n el 12 de diciembre de 2025, pero tendr\u00e1 acceso a los materiales de forma indefinida.<\/p>\n<p><strong>Equivalencia de horas contacto:<\/strong> 15<\/p>\n<p><strong>Espacios:<\/strong>\u00a015<\/p>\n","protected":false},"featured_media":17874,"comment_status":"closed","ping_status":"closed","template":"","meta":{"_links_to":"","_links_to_target":""},"product_brand":[],"product_cat":[17,11147],"product_tag":[],"class_list":{"0":"post-44658","1":"product","2":"type-product","3":"status-publish","4":"has-post-thumbnail","6":"product_cat-uncategorized","7":"product_cat-cursos2025","9":"first","10":"instock","11":"sale","12":"downloadable","13":"virtual","14":"purchasable","15":"product-type-simple"},"_links":{"self":[{"href":"https:\/\/decepenlinea.uprm.edu\/index.php\/wp-json\/wp\/v2\/product\/44658","targetHints":{"allow":["GET"]}}],"collection":[{"href":"https:\/\/decepenlinea.uprm.edu\/index.php\/wp-json\/wp\/v2\/product"}],"about":[{"href":"https:\/\/decepenlinea.uprm.edu\/index.php\/wp-json\/wp\/v2\/types\/product"}],"replies":[{"embeddable":true,"href":"https:\/\/decepenlinea.uprm.edu\/index.php\/wp-json\/wp\/v2\/comments?post=44658"}],"wp:featuredmedia":[{"embeddable":true,"href":"https:\/\/decepenlinea.uprm.edu\/index.php\/wp-json\/wp\/v2\/media\/17874"}],"wp:attachment":[{"href":"https:\/\/decepenlinea.uprm.edu\/index.php\/wp-json\/wp\/v2\/media?parent=44658"}],"wp:term":[{"taxonomy":"product_brand","embeddable":true,"href":"https:\/\/decepenlinea.uprm.edu\/index.php\/wp-json\/wp\/v2\/product_brand?post=44658"},{"taxonomy":"product_cat","embeddable":true,"href":"https:\/\/decepenlinea.uprm.edu\/index.php\/wp-json\/wp\/v2\/product_cat?post=44658"},{"taxonomy":"product_tag","embeddable":true,"href":"https:\/\/decepenlinea.uprm.edu\/index.php\/wp-json\/wp\/v2\/product_tag?post=44658"}],"curies":[{"name":"wp","href":"https:\/\/api.w.org\/{rel}","templated":true}]}}