{"id":44259,"date":"2025-03-14T11:04:33","date_gmt":"2025-03-14T15:04:33","guid":{"rendered":"https:\/\/decepenlinea.uprm.edu\/?post_type=product&#038;p=44259"},"modified":"2025-03-14T11:28:07","modified_gmt":"2025-03-14T15:28:07","slug":"certificado-de-convalidacion-horas-contacto-webinar-uso-etico-y-herramientas-de-inteligencia-artificial-para-estudiantes","status":"publish","type":"product","link":"https:\/\/decepenlinea.uprm.edu\/index.php\/product\/certificado-de-convalidacion-horas-contacto-webinar-uso-etico-y-herramientas-de-inteligencia-artificial-para-estudiantes\/","title":{"rendered":"Certificado de convalidaci\u00f3n horas contacto Webinar: Uso \u00c9tico y Herramientas de Inteligencia Artificial para Estudiantes"},"content":{"rendered":"<p data-start=\"111\" data-end=\"251\">Si participaste en el webinar <em data-start=\"141\" data-end=\"192\">&#8220;<b>Uso \u00c9tico y Herramientas de IA para Estudiantes<\/b>&#8221; <\/em>y deseas obtener un certificado de participaci\u00f3n, aqu\u00ed podr\u00e1s pagar el certificado de convalidaci\u00f3n por las 1.5 horas contacto de participaci\u00f3n.<\/p>\n<p data-start=\"253\" data-end=\"341\">\ud83d\udd39 <strong data-start=\"256\" data-end=\"266\">Costo:<\/strong> $10<br data-start=\"270\" data-end=\"273\" \/>\ud83d\udd39 <strong data-start=\"276\" data-end=\"288\">Incluye:<\/strong> Certificado digital con tu nombre y horas contacto<\/p>\n<p data-start=\"343\" data-end=\"479\">Para obtener tu certificado, completa el pago a trav\u00e9s de esta plataforma y recibir\u00e1s tu documento en un plazo de no m\u00e1s de 2 d\u00edas laborables.<\/p>\n<p><strong>Beneficios de obtener un Certificado de Participaci\u00f3n en este tema<\/strong><\/p>\n<ol>\n<li><strong>Credibilidad y Prestigio Profesional<\/strong>: Tener un certificado de participaci\u00f3n en un webinar sobre Inteligencia Artificial es un distintivo que puede potenciar su perfil profesional. Este tipo de credenciales puede diferenciarlo en un mercado laboral cada vez m\u00e1s competitivo, demostrando su compromiso con el aprendizaje continuo y la innovaci\u00f3n.<\/li>\n<li><strong>Requisito para la Educaci\u00f3n Continua<\/strong>: Muchos organismos reguladores y juntas examinadoras requieren que sus miembros completen horas de educaci\u00f3n continua para mantener sus credenciales. Nuestro certificado puede ser presentado como prueba de cumplimiento de estas horas, lo cual no solo le mantiene al d\u00eda, sino que tambi\u00e9n fortalece su posicionamiento en su campo.<\/li>\n<li><strong>Ventaja Competitiva<\/strong>: Un conocimiento actualizado sobre IA puede abrirle puertas a nuevas oportunidades laborales y de negocios, ya que las empresas buscan constantemente a profesionales capacitados en estas tecnolog\u00edas emergentes.<\/li>\n<\/ol>\n<div>\n<p>Recibir\u00e1s tu certificado al correo electr\u00f3nico. Su certificado saldr\u00e1 con el nombre con el cual se registr\u00f3 al momento de realizar su pago.<\/p>\n<h3>Instrucciones para realizar su pago<\/h3>\n<p>1. Colocar el art\u00edculo (curso, certificaci\u00f3n o seminario en l\u00ednea) en el carrito de compras.<\/p>\n<p>2. Ir al bot\u00f3n titulado MI CUENTA, el cual se encuentra en la parte superior de esta p\u00e1gina.<\/p>\n<p>3. Oprime: Don\u2019t have an Account<\/p>\n<p>4. Crea tu cuenta colocando: Nombre, Apellido y Correo electr\u00f3nico<\/p>\n<p>5. Oprime: Register<\/p>\n<p>6. Ir al carrito de compra<\/p>\n<p>7. Oprime: proceder a pagar<\/p>\n<p>8. Colocar informaci\u00f3n de tarjeta American Express, Visa o Master Card.<\/p>\n<p>9. Al culminar, recibir\u00e1s recibo de pago en el correo electr\u00f3nico con el cual te registraste.<\/p>\n<\/div>\n<p>&nbsp;<\/p>\n<p>\u00a1Gracias por ser parte de esta experiencia de aprendizaje!<\/p>\n","protected":false},"excerpt":{"rendered":"<p>Aqu\u00ed pagar\u00e1s el certificado de convalidaci\u00f3n por las 1.5 horas de asistencia al webinar: <em data-start=\"141\" data-end=\"192\"><b>Uso \u00c9tico y Herramientas de IA para Estudiantes<\/b><\/em><\/p>\n<p>Recibir\u00e1s tu certificado al correo electr\u00f3nico el d\u00eda del webinar, al culminar el mismo. Su certificado saldr\u00e1 con el nombre con el cual se registr\u00f3 al momento de realizar su pago.<\/p>\n<h3>Instrucciones para realizar su pago<\/h3>\n<p>1. Colocar el art\u00edculo (curso, certificaci\u00f3n o seminario en l\u00ednea) en el carrito de compras.<\/p>\n<p>2. Ir al bot\u00f3n titulado MI CUENTA, el cual se encuentra en la parte superior de esta p\u00e1gina.<\/p>\n<p>3. Oprime: Don\u2019t have an Account<\/p>\n<p>4. Crea tu cuenta colocando: Nombre, Apellido y Correo electr\u00f3nico<\/p>\n<p>5. Oprime: Register<\/p>\n<p>6. Ir al carrito de compra<\/p>\n<p>7. Oprime: proceder a pagar<\/p>\n<p>8. Colocar informaci\u00f3n de tarjeta American Express, Visa o Master Card.<\/p>\n<p>9. Al culminar, recibir\u00e1s recibo de pago en el correo electr\u00f3nico con el cual te registraste.<\/p>\n","protected":false},"featured_media":3753,"comment_status":"closed","ping_status":"closed","template":"","meta":{"_links_to":"","_links_to_target":""},"product_brand":[],"product_cat":[17],"product_tag":[],"class_list":{"0":"post-44259","1":"product","2":"type-product","3":"status-publish","4":"has-post-thumbnail","6":"product_cat-uncategorized","8":"first","9":"instock","10":"virtual","11":"purchasable","12":"product-type-simple"},"_links":{"self":[{"href":"https:\/\/decepenlinea.uprm.edu\/index.php\/wp-json\/wp\/v2\/product\/44259","targetHints":{"allow":["GET"]}}],"collection":[{"href":"https:\/\/decepenlinea.uprm.edu\/index.php\/wp-json\/wp\/v2\/product"}],"about":[{"href":"https:\/\/decepenlinea.uprm.edu\/index.php\/wp-json\/wp\/v2\/types\/product"}],"replies":[{"embeddable":true,"href":"https:\/\/decepenlinea.uprm.edu\/index.php\/wp-json\/wp\/v2\/comments?post=44259"}],"wp:featuredmedia":[{"embeddable":true,"href":"https:\/\/decepenlinea.uprm.edu\/index.php\/wp-json\/wp\/v2\/media\/3753"}],"wp:attachment":[{"href":"https:\/\/decepenlinea.uprm.edu\/index.php\/wp-json\/wp\/v2\/media?parent=44259"}],"wp:term":[{"taxonomy":"product_brand","embeddable":true,"href":"https:\/\/decepenlinea.uprm.edu\/index.php\/wp-json\/wp\/v2\/product_brand?post=44259"},{"taxonomy":"product_cat","embeddable":true,"href":"https:\/\/decepenlinea.uprm.edu\/index.php\/wp-json\/wp\/v2\/product_cat?post=44259"},{"taxonomy":"product_tag","embeddable":true,"href":"https:\/\/decepenlinea.uprm.edu\/index.php\/wp-json\/wp\/v2\/product_tag?post=44259"}],"curies":[{"name":"wp","href":"https:\/\/api.w.org\/{rel}","templated":true}]}}