{"id":43727,"date":"2024-12-18T13:42:01","date_gmt":"2024-12-18T17:42:01","guid":{"rendered":"https:\/\/decepenlinea.uprm.edu\/?post_type=product&#038;p=43727"},"modified":"2025-08-26T11:29:20","modified_gmt":"2025-08-26T15:29:20","slug":"certificacion-profesional-en-pensamiento-estrategico-planificacion-manejo-del-tiempo-y-colaboracion-efectiva","status":"publish","type":"product","link":"https:\/\/decepenlinea.uprm.edu\/index.php\/product\/certificacion-profesional-en-pensamiento-estrategico-planificacion-manejo-del-tiempo-y-colaboracion-efectiva\/","title":{"rendered":"Certificaci\u00f3n Profesional en Pensamiento Estrat\u00e9gico: Planificaci\u00f3n, Manejo del Tiempo y Colaboraci\u00f3n Efectiva"},"content":{"rendered":"<p>La certificaci\u00f3n de &#8220;Pensamiento Estrat\u00e9gico: Planificaci\u00f3n, Manejo del Tiempo y Colaboraci\u00f3n Efectiva&#8221; es una combinaci\u00f3n \u00fanica de cursos dise\u00f1ados para desarrollar las habilidades cr\u00edticas necesarias para el \u00e9xito en el mundo empresarial de hoy. Esta certificaci\u00f3n brinda a los profesionales las herramientas y t\u00e9cnicas necesarias para planificar y ejecutar proyectos con \u00e9xito, mejorar el manejo del tiempo y colaborar de manera efectiva con colegas y equipos. Al completar esta certificaci\u00f3n, los empleados demostrar\u00e1n a los empleadores su dedicaci\u00f3n a mejorar sus habilidades y ser m\u00e1s eficientes en el trabajo. Esto puede llevar a una mayor satisfacci\u00f3n en el trabajo, una mejor colaboraci\u00f3n con colegas y equipos y una mayor eficacia en la planificaci\u00f3n y ejecuci\u00f3n de proyectos.<\/p>\n<p>Estas certificaci\u00f3n fue dise\u00f1ada con\u00a0<span class=\"mark4feroayhb\" data-markjs=\"true\" data-ogac=\"\" data-ogab=\"\" data-ogsc=\"\" data-ogsb=\"\">la<\/span>s estructura m\u00e1s flexible posible manteniendo su efectividad.<\/p>\n<p>Queremos asegurarte que nuestra certificaci\u00f3n\u00a0 est\u00e1 dise\u00f1ada para adaptarse a tus necesidades y ritmo de aprendizaje. Los cursos incluidos en esta certificaci\u00f3n no tienen requisitos previos y pueden ser tomados en el orden que prefieras. Entendemos que la carga de trabajo puede variar de una persona a otra, por lo que una vez\u00a0 hayas completado el proceso de pago, recibir\u00e1s un correo electr\u00f3nico de nuestra oficina de educaci\u00f3n a distancia, donde te preguntaremos qu\u00e9 cursos deseas que te demos acceso en el semestre actual. Esto te brinda la flexibilidad de elegir cu\u00e1ntos cursos deseas tomar en cada semestre, ya sea dos, tres o m\u00e1s. Puedes distribuirlos de manera que se ajusten a tu disponibilidad y comodidad. Nuestro objetivo es que obtengas el m\u00e1ximo beneficio de tu certificaci\u00f3n mientras te adaptas a tu propio horario y ritmo de estudio.<\/p>\n<p>Esta certificaci\u00f3n requiere que el participante pase por el proceso riguroso de certificarse en los siguientes cursos:\u00a0 *cursos no tienen pre requisito uno del otro y pueden tomarse en cualquier orden*<\/p>\n<ol>\n<li><a href=\"https:\/\/decepenlinea.uprm.edu\/index.php\/product\/redaccion-de-objetivos-inteligentes-smart-9\/\">Redacci\u00f3n\u00a0<span class=\"mark4mktfr2fn\" data-markjs=\"true\" data-ogac=\"\" data-ogab=\"\" data-ogsc=\"\" data-ogsb=\"\">de<\/span> Objetivos Inteligentes (SMART)<\/a>&#8211; Instructor: CREAD\/ Acceso al curso de forma inmediata luego de realizar su reservaci\u00f3n y hasta el 12 de diciembre de 2025 \/ curso autodirigido de 5 horas contacto.<\/li>\n<li><a href=\"https:\/\/decepenlinea.uprm.edu\/index.php\/product\/planeacion-estrategica-analisis-foda-11\/\">Planeaci\u00f3n estrat\u00e9gica: An\u00e1lisis FODA<\/a>&#8211; Instructor: CREAD\/ Acceso al curso de forma inmediata luego de realizar su reservaci\u00f3n y hasta el 12 de diciembre de 2025\/ curso autodirigido de 5 horas contacto.<\/li>\n<li><a href=\"https:\/\/decepenlinea.uprm.edu\/index.php\/product\/programado-para-el-manejo-de-proyectos-15\/\">Programado para Manejo\u00a0<span class=\"mark4mktfr2fn\" data-markjs=\"true\" data-ogac=\"\" data-ogab=\"\" data-ogsc=\"\" data-ogsb=\"\">de<\/span> Proyectos<\/a>&#8211; Instructor: CREAD\/ Acceso al curso de forma inmediata luego de realizar su reservaci\u00f3n y hasta el 12 de diciembre de 2025 \/ curso autodirigido de 4 horas contacto.<\/li>\n<li><a href=\"https:\/\/decepenlinea.uprm.edu\/index.php\/product\/manejo-del-tiempo-6\/\">Manejo de Tiempo<\/a>&#8211; Instructor: CREAD\/ Acceso al curso de forma inmediata luego de realizar su reservaci\u00f3n y hasta el 12 de diciembre de 2025 \/ curso autodirigido de 5 horas contacto.<\/li>\n<li><a href=\"https:\/\/decepenlinea.uprm.edu\/index.php\/product\/comunicacion-y-colaboracion-efectiva-2\/\">Comunicaci\u00f3n y colaboraci\u00f3n efectiva<\/a>&#8211; Instructor: CREAD\/ Acceso al curso de forma inmediata luego de realizar su reservaci\u00f3n y hasta el 12 de diciembre de 2025 \/ curso autodirigido de 1 horas contacto.<\/li>\n<\/ol>\n<p>La certificaci\u00f3n cuenta con 5 cursos autodirigidos en modalidad asincr\u00f3nica. Se utiliza una estructura que facilita la participaci\u00f3n del estudiante. Las t\u00e9cnicas incluyen video aprendizaje, micro aprendizaje y aprendizaje m\u00f3vil. Las estrategias para facilitar todos los cursos son los 7 principios de la ense\u00f1anza efectiva, la ense\u00f1anza constructivista, la ense\u00f1anza basada en problemas y la ense\u00f1anza diferenciada.<\/p>\n<p>En conjunto, el participante culmina el proceso con 5 cursos certificados y una certificaci\u00f3n de especialidad (6 certificados en total) con la equivalencia de 20 horas de capacitaci\u00f3n en el tema.<\/p>\n<p>Se ofrece un certificado por cada curso completado con la puntuaci\u00f3n m\u00ednima de ejecuci\u00f3n.<\/p>\n<p>En esta \u00e1rea estar\u00eda pagando por los 5 cursos en bloque. Para una descripci\u00f3n m\u00e1s detallada de cada curso puede visitar cada producto de manera individual.<\/p>\n<p>Una vez pases por el proceso de pago tendr\u00e1s acceso de inmediato al Sistema de Gerencia de Aprendizaje de la clase, pero no tendr\u00e1s acceso al contenido hasta la fecha de comienzo de cada curso.<\/p>\n<p><strong>*El certificado del curso se enviar\u00e1 digital por correo electr\u00f3nico.<\/strong><\/p>\n<p>&nbsp;<\/p>\n<p><b>\u00bfQue son los cursos autodirigidos?<\/b><\/p>\n<p>Los cursos autodirigidos son aquellos que siguen una metodolog\u00eda autodidacta, lo que significa que no tienen una fecha de inicio fija, pero s\u00ed una fecha de cierre establecida. En general, en estos cursos no se promueve una interacci\u00f3n social significativa en el proceso de aprendizaje. Los participantes pueden consumir los materiales educativos y avanzar a su propio ritmo, siempre teniendo en cuenta la fecha de cierre del curso. Una vez que completas el proceso de pago, obtendr\u00e1s acceso inmediato al contenido del curso.<\/p>\n","protected":false},"excerpt":{"rendered":"<p><b>Horas Contacto:<\/b> 20<\/p>\n","protected":false},"featured_media":43738,"comment_status":"closed","ping_status":"closed","template":"","meta":{"_links_to":"","_links_to_target":""},"product_brand":[],"product_cat":[17,11147],"product_tag":[],"class_list":{"0":"post-43727","1":"product","2":"type-product","3":"status-publish","4":"has-post-thumbnail","6":"product_cat-uncategorized","7":"product_cat-cursos2025","9":"first","10":"instock","11":"sold-individually","12":"shipping-taxable","13":"purchasable","14":"product-type-simple"},"_links":{"self":[{"href":"https:\/\/decepenlinea.uprm.edu\/index.php\/wp-json\/wp\/v2\/product\/43727","targetHints":{"allow":["GET"]}}],"collection":[{"href":"https:\/\/decepenlinea.uprm.edu\/index.php\/wp-json\/wp\/v2\/product"}],"about":[{"href":"https:\/\/decepenlinea.uprm.edu\/index.php\/wp-json\/wp\/v2\/types\/product"}],"replies":[{"embeddable":true,"href":"https:\/\/decepenlinea.uprm.edu\/index.php\/wp-json\/wp\/v2\/comments?post=43727"}],"wp:featuredmedia":[{"embeddable":true,"href":"https:\/\/decepenlinea.uprm.edu\/index.php\/wp-json\/wp\/v2\/media\/43738"}],"wp:attachment":[{"href":"https:\/\/decepenlinea.uprm.edu\/index.php\/wp-json\/wp\/v2\/media?parent=43727"}],"wp:term":[{"taxonomy":"product_brand","embeddable":true,"href":"https:\/\/decepenlinea.uprm.edu\/index.php\/wp-json\/wp\/v2\/product_brand?post=43727"},{"taxonomy":"product_cat","embeddable":true,"href":"https:\/\/decepenlinea.uprm.edu\/index.php\/wp-json\/wp\/v2\/product_cat?post=43727"},{"taxonomy":"product_tag","embeddable":true,"href":"https:\/\/decepenlinea.uprm.edu\/index.php\/wp-json\/wp\/v2\/product_tag?post=43727"}],"curies":[{"name":"wp","href":"https:\/\/api.w.org\/{rel}","templated":true}]}}