{"id":43723,"date":"2024-12-18T10:55:42","date_gmt":"2024-12-18T14:55:42","guid":{"rendered":"https:\/\/decepenlinea.uprm.edu\/?post_type=product&#038;p=43723"},"modified":"2025-09-04T10:26:27","modified_gmt":"2025-09-04T14:26:27","slug":"aprendiendo-html-creando-paginas-de-internet-6","status":"publish","type":"product","link":"https:\/\/decepenlinea.uprm.edu\/index.php\/product\/aprendiendo-html-creando-paginas-de-internet-6\/","title":{"rendered":"Aprendiendo HTML creando p\u00e1ginas de Internet"},"content":{"rendered":"<p dir=\"ltr\" style=\"text-align: left;\">En la introducci\u00f3n a la creaci\u00f3n de p\u00e1ginas de Internet usted aprender\u00e1 c\u00f3mo dise\u00f1ar y construir hermosos sitios web mediante el aprendizaje de los principios b\u00e1sicos del dise\u00f1o como lo son los enlaces, las redirecciones y el montaje de plantillas b\u00e1sicas. Todas estas teor\u00edas marcan un papel decisivo en el proceso de dise\u00f1o de un sitio de internet. Aprender\u00e1 codificaci\u00f3n HTML, un lenguaje de c\u00f3digo com\u00fan que todos los sitios de internet utilizan. Este lenguaje sienta las bases y la transici\u00f3n a los lenguajes HTML5 y CSS. Es importante adquirir todas estas habilidades a medida que se avanza en el curso pues casi todos las grandes y peque\u00f1as empresas en el mundo las utilizan para comunicarse con sus clientes. Al final de este curso, usted tendr\u00e1 todos los conocimientos necesarios para dise\u00f1ar y construir su propia p\u00e1gina de internet utilizando el lenguaje b\u00e1sico de HTML. El curso tiene una duraci\u00f3n de 6 semanas. Se espera que el estudiante dedique 2.5 horas por semana. El certificado que se le otorgar\u00e1 ser\u00e1 de acuerdo a su ejecuci\u00f3n en el curso.<\/p>\n<p>El curso de Aprendiendo HTML creando p\u00e1ginas de Internet es parte de la <a href=\"https:\/\/decepenlinea.uprm.edu\/index.php\/product\/academia-de-programacion-cread-coding-school-4\/\">Academia de Programaci\u00f3n CREAD Coding School<\/a>.<\/p>\n<p>Puedes matricular el curso individual o como parte de la certificaci\u00f3n. Al pagarlo como parte de la certificaci\u00f3n, obtienes un descuento.<\/p>\n<p><strong>Modalidad del curso:<\/strong><\/p>\n<p>Este es un curso *moderado con estrategia asincr\u00f3nica donde el participante adquiere la informaci\u00f3n con video aprendizaje. Es un curso flexible ya que se puede participar en cualquier momento y desde cualquier lugar que te encuentres mientras dure el curso. Abre una lecci\u00f3n por semana y el estudiante puede realizarla dentro de las fechas de apertura y cierre.<\/p>\n<p>Una vez pases por el proceso de pago tendr\u00e1s acceso de inmediato al Sistema de Gerencia de Aprendizaje (SGA) de la clase para que te familiarices con su funcionamiento. Podr\u00e1s comenzar a ver el curso en tu \u00e1rea personal del SGA el d\u00eda estipulado para su comienzo.<\/p>\n<p>Se ofrece un certificado de aprobaci\u00f3n al haber completado el curso con la puntuaci\u00f3n m\u00ednima de ejecuci\u00f3n.<\/p>\n<p><strong>El certificado del curso se enviar\u00e1 digital por correo electr\u00f3nico<\/strong><strong>.<\/strong><\/p>\n<p>&nbsp;<\/p>\n<p><strong>*\u00bfQue son los c<\/strong><strong>ursos <\/strong><strong>m<\/strong><strong>oderados<\/strong><strong>?<\/strong><\/p>\n<p>Los cursos moderados son aquellos en el que el instructor lo facilita y tiene interacciones frecuentes con los participantes. La mayor\u00eda de estos cursos tienen fecha de apertura y cierre para cada lecci\u00f3n de la clase. Suele haber metodolog\u00eda de aprendizaje social en estos cursos. Puedes hacer preguntas al instructor y te estar\u00e1 respondiendo \u00a0en 72 horas laborables o menos. En los cursos moderados una vez pasas por el proceso de pago, tendr\u00e1s acceso al Sistema de Gerencia de Aprendizaje del curso, pero no al curso, hasta la fecha de comienzo de este.<\/p>\n<p>&nbsp;<\/p>\n<p>Instrucciones para realizar tu pago:<\/p>\n<ol>\n<li>Coloca este art\u00edculo en el carrito de compras.<\/li>\n<li>Dir\u00edgete al bot\u00f3n titulado MI CUENTA, que est\u00e1 en la parte superior de esta p\u00e1gina.<\/li>\n<li>Presiona: No tienes una cuenta<\/li>\n<li>Crea tu cuenta colocando: Nombre, Apellido y Correo electr\u00f3nico<\/li>\n<li>Presiona: Registrarse<\/li>\n<li>Ve al carrito de compras<\/li>\n<li>Presiona: proceder a pagar<\/li>\n<li>Coloca la informaci\u00f3n de tu tarjeta American Express, Visa o MasterCard.<\/li>\n<li>Al finalizar, recibir\u00e1s un recibo de pago en el correo electr\u00f3nico con el que te registraste.<\/li>\n<\/ol>\n<p>&nbsp;<\/p>\n<p>El siguiente tutorial explicar\u00e1 paso a paso c\u00f3mo hacer tu pago:<\/p>\n<p>&nbsp;<\/p>\n<p><iframe loading=\"lazy\" title=\"Video pago examen ingle\u0301s final\" width=\"800\" height=\"450\" src=\"https:\/\/www.youtube.com\/embed\/U_HDK7mLuGA?feature=oembed\" frameborder=\"0\" allow=\"accelerometer; autoplay; clipboard-write; encrypted-media; gyroscope; picture-in-picture; web-share\" referrerpolicy=\"strict-origin-when-cross-origin\" allowfullscreen><\/iframe><\/p>\n<p>&nbsp;<\/p>\n","protected":false},"excerpt":{"rendered":"<p><strong>Instructor:\u00a0<\/strong> Jos\u00e9 Navarro<\/p>\n<p><strong>Horario:<\/strong> Curso en l\u00ednea &#8211; MODERADO<\/p>\n<p><b>Fecha del Curso:<\/b> Comienza el 3 de noviembre y culmina el 15 de diciembre de 2025.<\/p>\n<p><b>Matr\u00edcula:<\/b> Puedes reservar espacio desde este momento (hasta que duren los espacios).<\/p>\n<p><strong>Equivalencia de horas contacto:<\/strong> 15<\/p>\n<p><strong>Espacios:<\/strong>\u00a015<\/p>\n<p>&nbsp;<\/p>\n","protected":false},"featured_media":3742,"comment_status":"closed","ping_status":"closed","template":"","meta":{"_links_to":"","_links_to_target":""},"product_brand":[],"product_cat":[17,11147],"product_tag":[],"class_list":{"0":"post-43723","1":"product","2":"type-product","3":"status-publish","4":"has-post-thumbnail","6":"product_cat-uncategorized","7":"product_cat-cursos2025","9":"first","10":"instock","11":"sold-individually","12":"shipping-taxable","13":"purchasable","14":"product-type-simple"},"_links":{"self":[{"href":"https:\/\/decepenlinea.uprm.edu\/index.php\/wp-json\/wp\/v2\/product\/43723","targetHints":{"allow":["GET"]}}],"collection":[{"href":"https:\/\/decepenlinea.uprm.edu\/index.php\/wp-json\/wp\/v2\/product"}],"about":[{"href":"https:\/\/decepenlinea.uprm.edu\/index.php\/wp-json\/wp\/v2\/types\/product"}],"replies":[{"embeddable":true,"href":"https:\/\/decepenlinea.uprm.edu\/index.php\/wp-json\/wp\/v2\/comments?post=43723"}],"wp:featuredmedia":[{"embeddable":true,"href":"https:\/\/decepenlinea.uprm.edu\/index.php\/wp-json\/wp\/v2\/media\/3742"}],"wp:attachment":[{"href":"https:\/\/decepenlinea.uprm.edu\/index.php\/wp-json\/wp\/v2\/media?parent=43723"}],"wp:term":[{"taxonomy":"product_brand","embeddable":true,"href":"https:\/\/decepenlinea.uprm.edu\/index.php\/wp-json\/wp\/v2\/product_brand?post=43723"},{"taxonomy":"product_cat","embeddable":true,"href":"https:\/\/decepenlinea.uprm.edu\/index.php\/wp-json\/wp\/v2\/product_cat?post=43723"},{"taxonomy":"product_tag","embeddable":true,"href":"https:\/\/decepenlinea.uprm.edu\/index.php\/wp-json\/wp\/v2\/product_tag?post=43723"}],"curies":[{"name":"wp","href":"https:\/\/api.w.org\/{rel}","templated":true}]}}