{"id":43603,"date":"2024-12-06T11:45:36","date_gmt":"2024-12-06T15:45:36","guid":{"rendered":"https:\/\/decepenlinea.uprm.edu\/?post_type=product&#038;p=43603"},"modified":"2024-12-06T11:47:48","modified_gmt":"2024-12-06T15:47:48","slug":"certificado-de-convalidacion-academia-de-programacion-basica","status":"publish","type":"product","link":"https:\/\/decepenlinea.uprm.edu\/index.php\/product\/certificado-de-convalidacion-academia-de-programacion-basica\/","title":{"rendered":"Certificado de convalidaci\u00f3n (Academia de programaci\u00f3n b\u00e1sica)"},"content":{"rendered":"<p>Aqu\u00ed pagar\u00e1s el certificado de convalidaci\u00f3n de la Academia de Programaci\u00f3n B\u00e1sica.<\/p>\n","protected":false},"excerpt":{"rendered":"<p>Aqu\u00ed pagar\u00e1s el certificado de la Academia de Programaci\u00f3n B\u00e1sica.<\/p>\n","protected":false},"featured_media":3753,"comment_status":"closed","ping_status":"closed","template":"","meta":{"_links_to":"","_links_to_target":""},"product_brand":[],"product_cat":[17],"product_tag":[],"class_list":{"0":"post-43603","1":"product","2":"type-product","3":"status-publish","4":"has-post-thumbnail","6":"product_cat-uncategorized","8":"first","9":"instock","10":"virtual","11":"purchasable","12":"product-type-simple"},"_links":{"self":[{"href":"https:\/\/decepenlinea.uprm.edu\/index.php\/wp-json\/wp\/v2\/product\/43603","targetHints":{"allow":["GET"]}}],"collection":[{"href":"https:\/\/decepenlinea.uprm.edu\/index.php\/wp-json\/wp\/v2\/product"}],"about":[{"href":"https:\/\/decepenlinea.uprm.edu\/index.php\/wp-json\/wp\/v2\/types\/product"}],"replies":[{"embeddable":true,"href":"https:\/\/decepenlinea.uprm.edu\/index.php\/wp-json\/wp\/v2\/comments?post=43603"}],"wp:featuredmedia":[{"embeddable":true,"href":"https:\/\/decepenlinea.uprm.edu\/index.php\/wp-json\/wp\/v2\/media\/3753"}],"wp:attachment":[{"href":"https:\/\/decepenlinea.uprm.edu\/index.php\/wp-json\/wp\/v2\/media?parent=43603"}],"wp:term":[{"taxonomy":"product_brand","embeddable":true,"href":"https:\/\/decepenlinea.uprm.edu\/index.php\/wp-json\/wp\/v2\/product_brand?post=43603"},{"taxonomy":"product_cat","embeddable":true,"href":"https:\/\/decepenlinea.uprm.edu\/index.php\/wp-json\/wp\/v2\/product_cat?post=43603"},{"taxonomy":"product_tag","embeddable":true,"href":"https:\/\/decepenlinea.uprm.edu\/index.php\/wp-json\/wp\/v2\/product_tag?post=43603"}],"curies":[{"name":"wp","href":"https:\/\/api.w.org\/{rel}","templated":true}]}}