{"id":43323,"date":"2024-10-28T15:56:50","date_gmt":"2024-10-28T19:56:50","guid":{"rendered":"https:\/\/decepenlinea.uprm.edu\/?post_type=product&#038;p=43323"},"modified":"2024-10-28T15:57:27","modified_gmt":"2024-10-28T19:57:27","slug":"introduccion-a-la-programacion-cca001-estudiante-becado-y-no-completo-curso","status":"publish","type":"product","link":"https:\/\/decepenlinea.uprm.edu\/index.php\/product\/introduccion-a-la-programacion-cca001-estudiante-becado-y-no-completo-curso\/","title":{"rendered":"Introducci\u00f3n a la programaci\u00f3n (CCA001) (estudiante becado y no complet\u00f3 curso)"},"content":{"rendered":"<p>Este curso est\u00e1 dise\u00f1ado para proporcionar a los estudiantes una comprensi\u00f3n s\u00f3lida de los conceptos fundamentales de la programaci\u00f3n. Los estudiantes aprender\u00e1n a trav\u00e9s de una combinaci\u00f3n de lecciones interactivas, ejercicios pr\u00e1cticos y proyectos de programaci\u00f3n. El curso comienza con una introducci\u00f3n a los conceptos b\u00e1sicos de programaci\u00f3n, incluyendo variables, funciones, bucles y condicionales (OC.1). A continuaci\u00f3n, los estudiantes aprender\u00e1n a aplicar estructuras de datos y algoritmos para resolver problemas de programaci\u00f3n (OC.2) y analizar\u00e1n la eficiencia de diferentes algoritmos utilizando la notaci\u00f3n Big O (OC.3). El curso tambi\u00e9n incluye una introducci\u00f3n a los lenguajes de programaci\u00f3n Python y Java. Los estudiantes desarrollar\u00e1n programas utilizando estos lenguajes (OC.4) y aprender\u00e1n a evaluar la calidad del c\u00f3digo (OC.5). Finalmente, los estudiantes tendr\u00e1n la oportunidad de aplicar lo que han aprendido en el curso para crear soluciones de programaci\u00f3n para problemas del mundo real (OC.6). Trabajar\u00e1n en grupos para dise\u00f1ar, desarrollar, probar y depurar su propio programa. Este curso es adecuado para principiantes que buscan una introducci\u00f3n a la programaci\u00f3n, as\u00ed como para aquellos que buscan mejorar sus habilidades de programaci\u00f3n existentes.<\/p>\n<p>El curso de Introducci\u00f3n a la Programaci\u00f3n es parte de la Academia Avanzada de Programaci\u00f3n: <a href=\"https:\/\/decepenlinea.uprm.edu\/index.php\/product\/cread-coding-academy\/\">\u00a0CREAD Coding Academy<\/a>.<\/p>\n<p>Puedes matricular el curso individual o como parte de la certificaci\u00f3n. Al pagarlo como parte de la certificaci\u00f3n, obtienes un descuento.<\/p>\n<p><strong>Modalidad del curso:<\/strong><\/p>\n<p>Este es un curso *moderado con estrategia asincr\u00f3nica donde el participante adquiere la informaci\u00f3n con video aprendizaje. Es un curso flexible ya que se puede participar en cualquier momento y desde cualquier lugar que te encuentres mientras dure el curso. Abre una lecci\u00f3n por semana y el estudiante puede realizarla dentro de las fechas de apertura y cierre.<\/p>\n<p>Una vez pases por el proceso de pago tendr\u00e1s acceso de inmediato al Sistema de Gerencia de Aprendizaje (SGA) de la clase para que te familiarices con su funcionamiento. Podr\u00e1s comenzar a ver el curso en tu \u00e1rea personal del SGA el d\u00eda estipulado para su comienzo.<\/p>\n<p>Se ofrece un certificado de aprobaci\u00f3n al haber completado el curso con la puntuaci\u00f3n m\u00ednima de ejecuci\u00f3n.<\/p>\n<p><strong>El certificado del curso se enviar\u00e1 digital por correo electr\u00f3nico<\/strong><strong>.<\/strong><\/p>\n<p>&nbsp;<\/p>\n<p><strong>*\u00bfQue son los c<\/strong><strong>ursos <\/strong><strong>m<\/strong><strong>oderados<\/strong><strong>?<\/strong><\/p>\n<p>Los cursos moderados son aquellos en el que el instructor lo facilita y tiene interacciones frecuentes con los participantes. La mayor\u00eda de estos cursos tienen fecha de apertura y cierre para cada lecci\u00f3n de la clase. Suele haber metodolog\u00eda de aprendizaje social en estos cursos. Puedes hacer preguntas al instructor y te estar\u00e1 respondiendo \u00a0en 72 horas laborables o menos. En los cursos moderados una vez pasas por el proceso de pago, tendr\u00e1s acceso al Sistema de Gerencia de Aprendizaje del curso, pero no al curso, hasta la fecha de comienzo de este.<\/p>\n","protected":false},"excerpt":{"rendered":"<p><strong>Instructor:\u00a0<\/strong> Oficina de Educaci\u00f3n a Distancia<\/p>\n<p><strong>Horario:<\/strong> Curso en l\u00ednea &#8211; MODERADO<\/p>\n<p><b>Fecha del Curso:<\/b> 2 al 29 de octubre de 2024<\/p>\n<p><b>Matr\u00edcula:<\/b> Puedes reservar espacio desde este momento (hasta que duren los espacios).<\/p>\n<p><strong>Equivalencia de horas contacto:<\/strong> 24<\/p>\n<p><strong>Espacios:<\/strong>\u00a015<\/p>\n<p>&nbsp;<\/p>\n","protected":false},"featured_media":3742,"comment_status":"closed","ping_status":"closed","template":"","meta":{"_links_to":"","_links_to_target":""},"product_brand":[],"product_cat":[17],"product_tag":[],"class_list":{"0":"post-43323","1":"product","2":"type-product","3":"status-publish","4":"has-post-thumbnail","6":"product_cat-uncategorized","8":"first","9":"instock","10":"virtual","11":"purchasable","12":"product-type-simple"},"_links":{"self":[{"href":"https:\/\/decepenlinea.uprm.edu\/index.php\/wp-json\/wp\/v2\/product\/43323","targetHints":{"allow":["GET"]}}],"collection":[{"href":"https:\/\/decepenlinea.uprm.edu\/index.php\/wp-json\/wp\/v2\/product"}],"about":[{"href":"https:\/\/decepenlinea.uprm.edu\/index.php\/wp-json\/wp\/v2\/types\/product"}],"replies":[{"embeddable":true,"href":"https:\/\/decepenlinea.uprm.edu\/index.php\/wp-json\/wp\/v2\/comments?post=43323"}],"wp:featuredmedia":[{"embeddable":true,"href":"https:\/\/decepenlinea.uprm.edu\/index.php\/wp-json\/wp\/v2\/media\/3742"}],"wp:attachment":[{"href":"https:\/\/decepenlinea.uprm.edu\/index.php\/wp-json\/wp\/v2\/media?parent=43323"}],"wp:term":[{"taxonomy":"product_brand","embeddable":true,"href":"https:\/\/decepenlinea.uprm.edu\/index.php\/wp-json\/wp\/v2\/product_brand?post=43323"},{"taxonomy":"product_cat","embeddable":true,"href":"https:\/\/decepenlinea.uprm.edu\/index.php\/wp-json\/wp\/v2\/product_cat?post=43323"},{"taxonomy":"product_tag","embeddable":true,"href":"https:\/\/decepenlinea.uprm.edu\/index.php\/wp-json\/wp\/v2\/product_tag?post=43323"}],"curies":[{"name":"wp","href":"https:\/\/api.w.org\/{rel}","templated":true}]}}