{"id":43161,"date":"2024-10-10T10:48:55","date_gmt":"2024-10-10T14:48:55","guid":{"rendered":"https:\/\/decepenlinea.uprm.edu\/?post_type=product&#038;p=43161"},"modified":"2025-08-26T11:29:20","modified_gmt":"2025-08-26T15:29:20","slug":"laboratorio-practico-4","status":"publish","type":"product","link":"https:\/\/decepenlinea.uprm.edu\/index.php\/product\/laboratorio-practico-4\/","title":{"rendered":"Laboratorio Pr\u00e1ctico"},"content":{"rendered":"<p>Coordinaci\u00f3n y supervisi\u00f3n de un m\u00ednimo de unas (100) cien horas de laboratorio pr\u00e1ctico en un centro reconocido por el Departamento de Recreaci\u00f3n y Deportes con un Instructor de Aptitud F\u00edsica licenciado. Incluye el estudio de dise\u00f1o de facilidades y planificaci\u00f3n, desarrollo de pol\u00edticas y manual de procedimiento, plan de trabajo, facilidades y estilo de vida saludable.<\/p>\n<p>Al completar las horas obtendr\u00e1s el certificado que as\u00ed lo valida.<\/p>\n<p><strong>*El certificado del curso se enviar\u00e1 digital por correo electr\u00f3nico.<\/strong><\/p>\n<p><strong>*Este curso es parte de la <a href=\"https:\/\/decepenlinea.uprm.edu\/index.php\/product\/certificacion-de-aptitud-fisica-entrenador-personal-6\/\">Certificaci\u00f3n de Entrenador Personal<\/a>.<\/strong><\/p>\n<p><strong>\u00a0<\/strong><\/p>\n","protected":false},"excerpt":{"rendered":"<p><strong>Horario:<\/strong> Curso Laboratorio Pr\u00e1ctico &#8211; SUPERVISADO<\/p>\n<p><b>Fecha del curso:<\/b>\u00a0 Pr\u00e1ctica comienza el 12 de febrero de 2026 y debe culminarse en o antes del 31 de marzo de 2026.<\/p>\n<p><b>Matr\u00edcula:<\/b>\u00a0 Puede reservar su espacio desde este momento (mientras duren los espacios).<\/p>\n<p><strong>Equivalencia de horas contacto:<\/strong> 100<\/p>\n<p><strong>Espacios:<\/strong> 20<\/p>\n<p>&nbsp;<\/p>\n","protected":false},"featured_media":26555,"comment_status":"closed","ping_status":"closed","template":"","meta":{"_links_to":"","_links_to_target":""},"product_brand":[],"product_cat":[11147,254],"product_tag":[],"class_list":{"0":"post-43161","1":"product","2":"type-product","3":"status-publish","4":"has-post-thumbnail","6":"product_cat-cursos2025","7":"product_cat-upr-mayaguez","9":"first","10":"instock","11":"sold-individually","12":"shipping-taxable","13":"purchasable","14":"product-type-simple"},"_links":{"self":[{"href":"https:\/\/decepenlinea.uprm.edu\/index.php\/wp-json\/wp\/v2\/product\/43161","targetHints":{"allow":["GET"]}}],"collection":[{"href":"https:\/\/decepenlinea.uprm.edu\/index.php\/wp-json\/wp\/v2\/product"}],"about":[{"href":"https:\/\/decepenlinea.uprm.edu\/index.php\/wp-json\/wp\/v2\/types\/product"}],"replies":[{"embeddable":true,"href":"https:\/\/decepenlinea.uprm.edu\/index.php\/wp-json\/wp\/v2\/comments?post=43161"}],"wp:featuredmedia":[{"embeddable":true,"href":"https:\/\/decepenlinea.uprm.edu\/index.php\/wp-json\/wp\/v2\/media\/26555"}],"wp:attachment":[{"href":"https:\/\/decepenlinea.uprm.edu\/index.php\/wp-json\/wp\/v2\/media?parent=43161"}],"wp:term":[{"taxonomy":"product_brand","embeddable":true,"href":"https:\/\/decepenlinea.uprm.edu\/index.php\/wp-json\/wp\/v2\/product_brand?post=43161"},{"taxonomy":"product_cat","embeddable":true,"href":"https:\/\/decepenlinea.uprm.edu\/index.php\/wp-json\/wp\/v2\/product_cat?post=43161"},{"taxonomy":"product_tag","embeddable":true,"href":"https:\/\/decepenlinea.uprm.edu\/index.php\/wp-json\/wp\/v2\/product_tag?post=43161"}],"curies":[{"name":"wp","href":"https:\/\/api.w.org\/{rel}","templated":true}]}}