{"id":43160,"date":"2024-10-10T10:47:40","date_gmt":"2024-10-10T14:47:40","guid":{"rendered":"https:\/\/decepenlinea.uprm.edu\/?post_type=product&#038;p=43160"},"modified":"2025-08-26T11:29:20","modified_gmt":"2025-08-26T15:29:20","slug":"aspectos-administrativos-4","status":"publish","type":"product","link":"https:\/\/decepenlinea.uprm.edu\/index.php\/product\/aspectos-administrativos-4\/","title":{"rendered":"Aspectos Administrativos"},"content":{"rendered":"<p>Incluye el estudio de dise\u00f1o de facilidades y planificaci\u00f3n, desarrollo de pol\u00edticas y manual de procedimiento, plan de trabajo, facilidades y estilo de vida saludable.<\/p>\n<p>El curso de Aspectos Administrativos es parte de la <a href=\"https:\/\/decepenlinea.uprm.edu\/index.php\/product\/certificacion-de-aptitud-fisica-entrenador-personal-6\/\">Certificaci\u00f3n en Aptitud F\u00edsica (Entrenador Personal)<\/a>.<\/p>\n<p>Puedes matricular el curso individual o como parte de la certificaci\u00f3n. Al pagarlo como parte de la certificaci\u00f3n, obtienes un descuento.<\/p>\n<p>Se ofrece un certificado de aprobaci\u00f3n al haber completado el curso con la puntuaci\u00f3n m\u00ednima de ejecuci\u00f3n.<\/p>\n<p>Los cursos se ofrecen con una metodolog\u00eda de aprendizaje activo y social por video conferencia a trav\u00e9s de la internet. Estos cursos son moderados por un instructor especialista en el tema. Cada uno de los cursos estar\u00e1 disponible para el participante en el Sistema de Gesti\u00f3n de Aprendizaje Institucional de las DECEP de la UPR en http:\/\/decep.upr.edu. Este sistema basado en Moodle integra no solo la video conferencia a celebrarse en los d\u00edas en horas estipulados con el instructor, tambi\u00e9n se comparte otro contenido mediante videos, textos, enlaces y documentos, actividades de colaboraci\u00f3n como foros y chat, adem\u00e1s de las actividades de evaluaci\u00f3n como tareas con sus r\u00fabricas y pruebas. Estas \u00faltimas van preparado al participantes para el examen, para obtener la licencia de Instructor de Aptitud F\u00edsica de Puerto Rico, que es administrado por el Departamento de Recreaci\u00f3n y Deportes de Puerto Rico. Cada uno de estos cursos se aprueba con 70% o m\u00e1s de ejecuci\u00f3n y el participante recibe un certificado de aprobaci\u00f3n con la cantidad de horas contacto para cada uno.<\/p>\n<p>Una vez pases por el proceso de pago tendr\u00e1s acceso de inmediato al Sistema de Gerencia de Aprendizaje de la clase, pero no tendr\u00e1s acceso al contenido hasta la fecha de comienzo del curso.<\/p>\n<p><strong>*El certificado del curso se enviar\u00e1 digital por correo electr\u00f3nico.<\/strong><\/p>\n","protected":false},"excerpt":{"rendered":"<p><strong>Horario:<\/strong> Curso en l\u00ednea por video conferencia &#8211; MODERADO<\/p>\n<p><b>Fecha del curso: <\/b>Curso comienza el 28 de enero de 2026 y culmina el 11 de febrero de 2026\/ curso moderado de 15 horas contacto las cuales 7.5 horas son de videoconferencia (mi\u00e9rcoles de 6:30 a 9:00 pm) y 7.5 horas son de material asincr\u00f3nico.<\/p>\n<p><b>Matr\u00edcula:<\/b>\u00a0 Puede reservar su espacio desde este momento (mientras durante los espacios).<\/p>\n<p><strong>Equivalencia de horas contacto:<\/strong> 15<\/p>\n<p><strong>Espacios:<\/strong> 20<\/p>\n<p>&nbsp;<\/p>\n","protected":false},"featured_media":26555,"comment_status":"closed","ping_status":"closed","template":"","meta":{"_links_to":"","_links_to_target":""},"product_brand":[],"product_cat":[17,11147],"product_tag":[],"class_list":{"0":"post-43160","1":"product","2":"type-product","3":"status-publish","4":"has-post-thumbnail","6":"product_cat-uncategorized","7":"product_cat-cursos2025","9":"first","10":"instock","11":"sold-individually","12":"shipping-taxable","13":"purchasable","14":"product-type-simple"},"_links":{"self":[{"href":"https:\/\/decepenlinea.uprm.edu\/index.php\/wp-json\/wp\/v2\/product\/43160","targetHints":{"allow":["GET"]}}],"collection":[{"href":"https:\/\/decepenlinea.uprm.edu\/index.php\/wp-json\/wp\/v2\/product"}],"about":[{"href":"https:\/\/decepenlinea.uprm.edu\/index.php\/wp-json\/wp\/v2\/types\/product"}],"replies":[{"embeddable":true,"href":"https:\/\/decepenlinea.uprm.edu\/index.php\/wp-json\/wp\/v2\/comments?post=43160"}],"wp:featuredmedia":[{"embeddable":true,"href":"https:\/\/decepenlinea.uprm.edu\/index.php\/wp-json\/wp\/v2\/media\/26555"}],"wp:attachment":[{"href":"https:\/\/decepenlinea.uprm.edu\/index.php\/wp-json\/wp\/v2\/media?parent=43160"}],"wp:term":[{"taxonomy":"product_brand","embeddable":true,"href":"https:\/\/decepenlinea.uprm.edu\/index.php\/wp-json\/wp\/v2\/product_brand?post=43160"},{"taxonomy":"product_cat","embeddable":true,"href":"https:\/\/decepenlinea.uprm.edu\/index.php\/wp-json\/wp\/v2\/product_cat?post=43160"},{"taxonomy":"product_tag","embeddable":true,"href":"https:\/\/decepenlinea.uprm.edu\/index.php\/wp-json\/wp\/v2\/product_tag?post=43160"}],"curies":[{"name":"wp","href":"https:\/\/api.w.org\/{rel}","templated":true}]}}