{"id":42946,"date":"2024-08-29T10:44:50","date_gmt":"2024-08-29T14:44:50","guid":{"rendered":"https:\/\/decepenlinea.uprm.edu\/?post_type=product&#038;p=42946"},"modified":"2025-08-26T11:29:20","modified_gmt":"2025-08-26T15:29:20","slug":"certificacion-de-diseno-grafico","status":"publish","type":"product","link":"https:\/\/decepenlinea.uprm.edu\/index.php\/product\/certificacion-de-diseno-grafico\/","title":{"rendered":"Certificaci\u00f3n de Dise\u00f1o Gr\u00e1fico"},"content":{"rendered":"<div>\n<p>La certificaci\u00f3n de Dise\u00f1o Gr\u00e1fico es una formaci\u00f3n completa dise\u00f1ada para aquellos que deseen desarrollar habilidades en dise\u00f1o gr\u00e1fico y edici\u00f3n multimedia. Esta certificaci\u00f3n est\u00e1 dirigida tanto a principiantes como a profesionales que deseen mejorar sus habilidades y conocimientos en dise\u00f1o gr\u00e1fico y multimedia.<\/p>\n<p>Los cursos est\u00e1n dise\u00f1ados para brindar una formaci\u00f3n completa en las herramientas y t\u00e9cnicas necesarias para crear materiales educativos, mejorar la creatividad y dominar la edici\u00f3n de im\u00e1genes y videos. Los estudiantes aprender\u00e1n los principios b\u00e1sicos de dise\u00f1o, c\u00f3mo aplicarlos a la creaci\u00f3n de materiales educativos en l\u00ednea, y c\u00f3mo desarrollar su creatividad y pensamiento innovador en el dise\u00f1o gr\u00e1fico.<\/p>\n<p>Adem\u00e1s, los estudiantes adquirir\u00e1n habilidades en la creaci\u00f3n de contenido multimedia, como im\u00e1genes y videos, para mejorar la calidad y atractivo de los materiales educativos. Los estudiantes tambi\u00e9n aprender\u00e1n a usar herramientas populares como GIMP, Photoshop y ShotCut para la edici\u00f3n y creaci\u00f3n de im\u00e1genes y videos.<\/p>\n<p>Al completar la certificaci\u00f3n, los estudiantes habr\u00e1n adquirido una comprensi\u00f3n s\u00f3lida de los principios de dise\u00f1o gr\u00e1fico, as\u00ed como la habilidad para crear materiales educativos en l\u00ednea efectivos, editar y crear im\u00e1genes y videos. Con esta certificaci\u00f3n, los estudiantes pueden mejorar sus habilidades de dise\u00f1o gr\u00e1fico y multimedia, y aplicarlas a una variedad de proyectos personales o profesionales.<\/p>\n<\/div>\n<div>\n<p><b>Esta certificaci\u00f3n requiere que el participante pase por el proceso riguroso de certificarse en los siguientes cursos:\u00a0<\/b><\/p>\n<p>1. <a href=\"https:\/\/decepenlinea.uprm.edu\/index.php\/product\/diseno-y-creacion-de-materiales-educativos-para-cursos-en-linea-8\/\">Dise\u00f1o y Creaci\u00f3n de Materiales Educativos para Cursos en L\u00ednea<\/a>: Curso comienza el 23 de octubre y culmina el 4 de noviembre de 2025 \/ curso moderado y asincr\u00f3nico de 22.5 horas contacto. *no tiene pre requisitos*<\/p>\n<p>Se explica y describe los pasos en el dise\u00f1o y creaci\u00f3n de materiales educativos para cursos en l\u00ednea. Se describen las caracter\u00edsticas ideales desde el punto de vista pedag\u00f3gico para cada uno de estos materiales y su efecto en el aprendizaje efectivo, seg\u00fan la evidencia emp\u00edrica. Se presentan y discuten herramientas y programados disponibles para facilitar la creaci\u00f3n de estos materiales digitales. Se planifican y crean, a manera de pr\u00e1ctica, algunos de estos materiales digitales tales como audio, infogramas, voice-overs, videos, y screencasts, entre otros.<\/p>\n<p>2. <a href=\"https:\/\/decepenlinea.uprm.edu\/index.php\/product\/introduccion-a-photoshop-14\/\">Introducci\u00f3n a Photoshop<\/a>: Instructor: CREAD\/ Acceso al curso de forma inmediata luego de realizar su reservaci\u00f3n y hasta el 12 de diciembre de 2025 \/ curso autodirigido de 15 horas contacto. *no tiene pre requisitos*<\/p>\n<p>En este curso introductorio a Photoshop vas desde 0 conocimiento y destrezas hasta dominar todos los elementos b\u00e1sicos que te permitir\u00e1n luego hacer trabajos incre\u00edbles. No importa si es por motivaci\u00f3n personal, por trabajo o si quieres ser un artista, este curso te brinda las herramientas necesarias para dominar este programado que es el \u201cstandard\u201d del mercado en dise\u00f1o y arte gr\u00e1fico.<\/p>\n<p>3. <a href=\"https:\/\/decepenlinea.uprm.edu\/index.php\/product\/introduccion-a-la-edicion-y-creacion-de-imagenes-con-gimp-13\/\">Introducci\u00f3n a la creaci\u00f3n y edici\u00f3n de im\u00e1genes con GIMP<\/a>: Instructor: CREAD\/ Acceso al curso de forma inmediata luego de realizar su reservaci\u00f3n y hasta el 12 de diciembre de 2025\/ curso autodirigido de 5 horas contacto. *no tiene pre requisitos*<\/p>\n<p>Curso introductorio al dise\u00f1o gr\u00e1fico con el programa gratuito GIMP el cual es el equivalente a Photoshop. En el mismo se discute paso a paso c\u00f3mo adquirir e instalar el programado, abrir y eliminar im\u00e1genes en el \u00e1rea de trabajo, edici\u00f3n de im\u00e1genes haciendo cambios de color, iluminaci\u00f3n y a\u00f1adiendo filtros. Se demuestra c\u00f3mo combinar im\u00e1genes eliminando el fondo y a\u00f1adiendo uno nuevo, t\u00e9cnicas para hacer la composici\u00f3n m\u00e1s real y est\u00e9tica. Finalmente te ense\u00f1a a c\u00f3mo crear una imagen utilizando vectores y colores digitales.<\/p>\n<p>4. <a href=\"https:\/\/decepenlinea.uprm.edu\/index.php\/product\/edicion-de-videos-con-el-programado-gratuito-shotcut-microsoft-y-mac-12\/\">Edici\u00f3n de Videos con el Programado Gratuito ShotCut (Microsoft y Mac)<\/a>: Instructor: CREAD\/ Acceso al curso de forma inmediata luego de realizar su reservaci\u00f3n y hasta el 12 de diciembre de 2025\/ curso autodirigido de 3 horas contacto. *no tiene pre requisitos*<\/p>\n<p><span lang=\"es-pr\" xml:lang=\"es-pr\">ShotCut<\/span><span lang=\"es-pr\" xml:lang=\"es-pr\">\u00a0<\/span><span lang=\"es-pr\" xml:lang=\"es-pr\">es un programa de C\u00f3digo abierto y gratuito que puedes usar tanto en Mac como en computadoras con sistema operativo Microsft<\/span>.\u00a0<span lang=\"es-pr\" xml:lang=\"es-pr\">ShotCut<\/span>\u00a0es ideal para editar v\u00eddeos familiares, promociones y mercadeo, material educativo, material documental como evidencia de trabajos realizados, tus capturas en v\u00eddeo de drones, para hacer v\u00eddeos de bodas y collage de fotos, entre otras funciones. Si est\u00e1s en el campo de la educaci\u00f3n, educaci\u00f3n en l\u00ednea, dise\u00f1o instruccional, desarrollo de multimedios para redes sociales, haces \u201cfreelancing\u201d o tienes negocio propio,\u00a0<span lang=\"es-pr\" xml:lang=\"es-pr\">ShotCut<\/span>\u00a0es el programa para comenzar a desarrollar tus destrezas de edici\u00f3n. Incluso si est\u00e1s pensado en crear cortometrajes o largometrajes para cine,\u00a0<span lang=\"es-pr\" xml:lang=\"es-pr\">ShotCut<\/span>\u00a0es el programa para comenzar.<\/p>\n<p>5. <a href=\"https:\/\/decepenlinea.uprm.edu\/index.php\/product\/ser-mas-creativo-13\/\">Ser m\u00e1s creativo<\/a>: Instructor: CREAD\/ Acceso al curso de forma inmediata luego de realizar su reservaci\u00f3n y hasta el 12 de diciembre de 2025\/ curso autodirigido de 8 horas contacto. *no tiene pre requisitos*<\/p>\n<p>En este curso se comparten los conocimientos pr\u00e1cticos y estrategias que te pueden ayudar en el proceso de resolver problemas de forma creativa. La creatividad es una destreza fascinante que se manifiesta de diferentes formas en cada persona, ya sea para una, varias o muchas disciplinas del saber o el saber hacer. Hay una lucha interna entre lo que entendemos queremos lograr y lo que de verdad hacemos. De esta manera, primero abrazando la idea de que eres lo que haces y no lo que dices o quieres ser, puedes comenzar a desarrollar comportamientos espec\u00edficos que te gu\u00eden en el proceso creativo. En el curso se presentan conceptos, destrezas, tambi\u00e9n actitudes y por supuesto t\u00e9cnicas, estrategias y procedimientos que puedes llevar a cabo para \u201cSer m\u00e1s creativo\u201d. Sin importar si eres ni\u00f1o o ni\u00f1a, hombre o mujer, o de avanzada edad, sin importar tu pa\u00eds de origen, si eres estudiante, sin importar tu condici\u00f3n social, econ\u00f3mica o tu profesi\u00f3n, puedes aprender a \u201cSer m\u00e1s creativo\u201d.<\/p>\n<p>&nbsp;<\/p>\n<p><b>*Para una descripci\u00f3n m\u00e1s detallada de cada curso puede visitar cada producto de manera individual.*<\/b><\/p>\n<p><b>Modalidad de los cursos:<\/b><\/p>\n<p>Nuestros cursos ofrecen flexibilidad total. Puedes estudiar en tu propio tiempo y desde cualquier lugar, adaptando el aprendizaje a tu ritmo y agenda. Contamos con dos modalidades: autodirigida y moderada. Ambas ofrecen una experiencia de aprendizaje efectiva y accesible.<\/p>\n<p><b>Certificaci\u00f3n:<\/b><\/p>\n<p>Al completar cada curso con \u00e9xito y alcanzar la puntuaci\u00f3n m\u00ednima requerida, recibir\u00e1s un certificado digital que valida tus habilidades en Dise\u00f1o Gr\u00e1fico. Estos certificados son reconocidos y valorados en el mercado laboral y acad\u00e9mico. En conjunto, el participante culmina el proceso con 5 cursos certificados y una certificaci\u00f3n de especialidad (6 certificados en total) con la equivalencia de 53.5 horas de capacitaci\u00f3n en el tema.<\/p>\n<p><b>C\u00f3mo inscribirte:<\/b><\/p>\n<p>1. Coloca la certificaci\u00f3n deseada en tu carrito de compras.<br \/>\n2. Crea una cuenta proporcionando tu nombre, apellido y correo electr\u00f3nico.<br \/>\n3. Realiza el pago de manera segura con tu tarjeta de cr\u00e9dito (American Express, Visa o MasterCard).<br \/>\n4. Una vez inscrito, tendr\u00e1s acceso inmediato al Sistema de Gerencia de Aprendizaje (SGA) y podr\u00e1s comenzar tu aprendizaje.<\/p>\n<p><b>** En esta \u00e1rea estar\u00eda pagando por los 5 cursos en bloque.\u00a0 Una vez pases por el proceso de pago tendr\u00e1s acceso de inmediato al Sistema de Gerencia de Aprendizaje de la clase, pero no tendr\u00e1s acceso al contenido hasta la fecha de comienzo de cada curso.**<\/b><\/p>\n<\/div>\n<div>\n<p><font color=\"#FF0000\"><b>INFORMACI\u00d3N IMPORTANTE:\u00a0<\/b><\/font><\/p>\n<ul>\n<li>Esta certificaci\u00f3n fue dise\u00f1ada con las estructura m\u00e1s flexible posible manteniendo su efectividad.<\/li>\n<\/ul>\n<\/div>\n<ul>\n<li>Queremos asegurarte que nuestra Certificaci\u00f3n de Dise\u00f1o Gr\u00e1fico est\u00e1 dise\u00f1ada para adaptarse a tus necesidades y ritmo de aprendizaje.<\/li>\n<li><b>Los cursos de Photoshop, GIMP, ShotCut y Ser m\u00e1s creativo<\/b>\u00a0en esta certificaci\u00f3n son autodirigidos, lo que significa que puedes tomarlos a tu propio paso, no tienen requisitos previos y pueden ser tomados en el orden que prefieras. Una vez te matricules, recibir\u00e1s un correo electr\u00f3nico por parte de la Oficina de Educaci\u00f3n a Distancia para que selecciones los cursos que deseas acceder en el semestre actual y aquellos que planeas tomar en el pr\u00f3ximo semestre.\u00a0 <i>Por ejemplo:<\/i> Puedes pedir acceso de inmediato a los tres cursos o si deseas puedes pedir acceso en el semestre corriente solo a uno o dos cursos, y el siguiente semestre tomas el que te falta. Esta flexibilidad te brinda la opci\u00f3n de decidir cu\u00e1ntos cursos deseas cursar en cada semestre, ya sea dos, tres o m\u00e1s, adapt\u00e1ndolos a tu disponibilidad y comodidad. Nuestro objetivo es que obtengas el m\u00e1ximo beneficio de tu certificaci\u00f3n mientras te ajustas a tu propio horario y ritmo de estudio.<\/li>\n<li>Por otro lado, el curso de <b>Dise\u00f1o y Creaci\u00f3n de Materiales Educativos para Cursos en L\u00ednea<\/b> est\u00e1 programado de manera moderada, lo que significa que se abrir\u00e1 una lecci\u00f3n por semana y tienen fechas de inicio y finalizaci\u00f3n establecidas.<\/li>\n<\/ul>\n<p>&nbsp;<\/p>\n","protected":false},"excerpt":{"rendered":"<p><b>Horas Contacto: 53.5<\/b><\/p>\n<p>&nbsp;<\/p>\n","protected":false},"featured_media":42950,"comment_status":"closed","ping_status":"closed","template":"","meta":{"_links_to":"","_links_to_target":""},"product_brand":[],"product_cat":[17,11147],"product_tag":[],"class_list":{"0":"post-42946","1":"product","2":"type-product","3":"status-publish","4":"has-post-thumbnail","6":"product_cat-uncategorized","7":"product_cat-cursos2025","9":"first","10":"instock","11":"sale","12":"shipping-taxable","13":"purchasable","14":"product-type-simple"},"_links":{"self":[{"href":"https:\/\/decepenlinea.uprm.edu\/index.php\/wp-json\/wp\/v2\/product\/42946","targetHints":{"allow":["GET"]}}],"collection":[{"href":"https:\/\/decepenlinea.uprm.edu\/index.php\/wp-json\/wp\/v2\/product"}],"about":[{"href":"https:\/\/decepenlinea.uprm.edu\/index.php\/wp-json\/wp\/v2\/types\/product"}],"replies":[{"embeddable":true,"href":"https:\/\/decepenlinea.uprm.edu\/index.php\/wp-json\/wp\/v2\/comments?post=42946"}],"wp:featuredmedia":[{"embeddable":true,"href":"https:\/\/decepenlinea.uprm.edu\/index.php\/wp-json\/wp\/v2\/media\/42950"}],"wp:attachment":[{"href":"https:\/\/decepenlinea.uprm.edu\/index.php\/wp-json\/wp\/v2\/media?parent=42946"}],"wp:term":[{"taxonomy":"product_brand","embeddable":true,"href":"https:\/\/decepenlinea.uprm.edu\/index.php\/wp-json\/wp\/v2\/product_brand?post=42946"},{"taxonomy":"product_cat","embeddable":true,"href":"https:\/\/decepenlinea.uprm.edu\/index.php\/wp-json\/wp\/v2\/product_cat?post=42946"},{"taxonomy":"product_tag","embeddable":true,"href":"https:\/\/decepenlinea.uprm.edu\/index.php\/wp-json\/wp\/v2\/product_tag?post=42946"}],"curies":[{"name":"wp","href":"https:\/\/api.w.org\/{rel}","templated":true}]}}