{"id":42838,"date":"2024-08-20T15:31:34","date_gmt":"2024-08-20T19:31:34","guid":{"rendered":"https:\/\/decepenlinea.uprm.edu\/?post_type=product&#038;p=42838"},"modified":"2024-10-21T08:33:58","modified_gmt":"2024-10-21T12:33:58","slug":"academia-de-programacion-cread-coding-school-plan-de-pago-luis-angel-tavarez-taveras","status":"publish","type":"product","link":"https:\/\/decepenlinea.uprm.edu\/index.php\/product\/academia-de-programacion-cread-coding-school-plan-de-pago-luis-angel-tavarez-taveras\/","title":{"rendered":"Academia de Programaci\u00f3n (CREAD Coding School) (Plan de pago Luis \u00c1ngel Tav\u00e1rez Taveras)"},"content":{"rendered":"<p>La Academia de Programaci\u00f3n: <i>CREAD Coding School,<\/i> es la escuela de programaci\u00f3n para personas que desean y se apasionan por comenzar a crecer dentro de la rama de la programaci\u00f3n en\u00a0 computadoras.\u00a0 La CREAD Coding School facilitar\u00e1 experiencias educativas en l\u00ednea, dirigidas a desarrollar destrezas en programaci\u00f3n y responder a las necesidades\u00a0 que van en aumento dentro de la econ\u00f3mica del conocimiento\u00a0 y el desarrollo de empresas basadas en servicios digitales.<\/p>\n<p>Esta certificaci\u00f3n requiere que el participante pase por el proceso riguroso de certificarse en los siguientes cursos:\u00a0 *<b>cursos no tienen pre requisito uno del otro y pueden tomarse en cualquier orden<\/b>*<\/p>\n<ol>\n<li><a href=\"https:\/\/decepenlinea.uprm.edu\/index.php\/product\/programado-para-el-manejo-de-proyectos-12\/\">Programado para Manejo de Proyectos<\/a>&#8211; Acceso al curso de forma inmediata luego de realizar su reservaci\u00f3n y hasta el 13 de diciembre de 2024 \/ curso autodirigido de 4 horas contacto.<\/li>\n<li><a href=\"https:\/\/decepenlinea.uprm.edu\/index.php\/product\/introduccion-a-la-logica-de-desarrollo-de-software-3\/\">Introducci\u00f3n a la L\u00f3gica de Desarrollo de Software<\/a>&#8211; Curso comienza el 16 de septiembre y culmina el 21 de octubre de 2024 \/ curso moderado de 15 horas contacto.<\/li>\n<li><a href=\"https:\/\/decepenlinea.uprm.edu\/index.php\/product\/aprendiendo-html-creando-paginas-de-internet-5\/\">Aprendiendo HTML Creando P\u00e1ginas de Internet<\/a>&#8211; Curso comienza el 28 de octubre y culmina el 9 de diciembre de 2024 \/ curso moderado de 15 horas contacto.<\/li>\n<li><a href=\"https:\/\/decepenlinea.uprm.edu\/index.php\/product\/introduccion-al-desarrollo-de-software-con-python-5\/\">Introducci\u00f3n al Desarrollo de Software con Python<\/a>&#8211; Curso comienza en el segundo semestre 2024-2025 \/ curso moderado de 22.5 horas contacto.<\/li>\n<li><a href=\"https:\/\/decepenlinea.uprm.edu\/index.php\/product\/introduccion-a-la-programacion-con-scratch-6\/\">Introducci\u00f3n a la Programaci\u00f3n con Scratch<\/a>&#8211; Curso comienza en el segundo semestre 2024-2025 \/ curso moderado de 15 horas contacto.<\/li>\n<li><a href=\"https:\/\/decepenlinea.uprm.edu\/index.php\/product\/programacion-y-creacion-de-aplicaciones-para-dispositivos-moviles-6\/\">Programaci\u00f3n y Creaci\u00f3n de Aplicaciones para Dispositivos M\u00f3viles<\/a>&#8211; Curso comienza el verano 2025 \/ curso moderado de 15 horas contacto.<\/li>\n<\/ol>\n<p>*ver m\u00e1s adelante la definici\u00f3n de cursos autodirigidos y cursos moderados*<\/p>\n<p>Cursos dise\u00f1ados con el Modelo Multi Estrat\u00e9gico para la Ense\u00f1anza Efectiva en L\u00ednea. Se utiliza una estructura que facilita la participaci\u00f3n del estudiante. Las t\u00e9cnicas incluyen video aprendizaje, micro aprendizaje, aprendizaje social y aprendizaje m\u00f3vil. Las estrategias para facilitar todos los cursos son los 7 principios de la ense\u00f1anza efectiva, la ense\u00f1anza constructivista, la ense\u00f1anza basada en problemas y la ense\u00f1anza diferenciada.<\/p>\n<p>En conjunto, el participante culmina el proceso con 6 cursos certificados y una certificaci\u00f3n de especialidad (7 certificados en total) con la equivalencia de 86.5 horas de capacitaci\u00f3n en el tema.<\/p>\n<p>Se ofrece un certificado por cada curso completado con la puntuaci\u00f3n m\u00ednima de ejecuci\u00f3n.<\/p>\n<p>En esta \u00e1rea estar\u00eda pagando por los 6 cursos en bloque. Para una descripci\u00f3n m\u00e1s detallada de cada curso puede visitar cada producto de manera individual.<\/p>\n<p>Una vez pases por el proceso de pago tendr\u00e1s acceso de inmediato al Sistema de Gerencia de Aprendizaje de la clase, pero no tendr\u00e1s acceso al contenido hasta la fecha de comienzo de cada curso.<\/p>\n<p><strong>*El certificado del curso se enviar\u00e1 digital por correo electr\u00f3nico.<\/strong><\/p>\n<p>&nbsp;<\/p>\n<p><b>\u00bfQue son los cursos autodirigidos y los cursos moderados?<\/b><\/p>\n<p>Los cursos autodirigidos son aquellos que siguen una metodolog\u00eda autodidacta, lo que significa que no tienen una fecha de inicio fija, pero s\u00ed una fecha de cierre establecida. En general, en estos cursos no se promueve una interacci\u00f3n social significativa en el proceso de aprendizaje. Los participantes pueden consumir los materiales educativos y avanzar a su propio ritmo, siempre teniendo en cuenta la fecha de cierre del curso. Una vez que completas el proceso de pago, obtendr\u00e1s acceso inmediato al contenido del curso.<\/p>\n<p>Por otro lado, los cursos moderados son aquellos en los que un instructor facilita el aprendizaje y mantiene interacciones frecuentes con los participantes. Estos cursos suelen tener fechas de inicio y cierre para cada lecci\u00f3n o m\u00f3dulo. Se fomenta la participaci\u00f3n social y la posibilidad de hacer preguntas al instructor, quien se compromete a responder en un plazo de 72 horas laborables o menos. En los cursos moderados, una vez que completas el proceso de pago, obtendr\u00e1s acceso al Sistema de Gerencia de Aprendizaje del curso, pero no al contenido del curso en s\u00ed hasta la fecha de inicio programada.<\/p>\n<p>&nbsp;<\/p>\n","protected":false},"excerpt":{"rendered":"<p><b>Horas Contacto: 86.5<\/b><\/p>\n<p>Plan de pago<\/p>\n<p>Primer pago &#8211; 20 de agosto de 2024 &#8211; $155.00 &#8211; # de recibo 42839<\/p>\n<p>Segundo pago &#8211; 20 de septiembre de 2024 &#8211; $155.00 &#8211; # de recibo 43068<\/p>\n<p>Terce pago &#8211; 20 de octubre de 2024 &#8211; $1555.00 &#8211; # de recibo<\/p>\n","protected":false},"featured_media":3743,"comment_status":"closed","ping_status":"closed","template":"","meta":{"_links_to":"","_links_to_target":""},"product_brand":[],"product_cat":[259],"product_tag":[],"class_list":{"0":"post-42838","1":"product","2":"type-product","3":"status-publish","4":"has-post-thumbnail","6":"product_cat-academia-de-programacion","8":"first","9":"outofstock","10":"downloadable","11":"virtual","12":"purchasable","13":"product-type-simple"},"_links":{"self":[{"href":"https:\/\/decepenlinea.uprm.edu\/index.php\/wp-json\/wp\/v2\/product\/42838","targetHints":{"allow":["GET"]}}],"collection":[{"href":"https:\/\/decepenlinea.uprm.edu\/index.php\/wp-json\/wp\/v2\/product"}],"about":[{"href":"https:\/\/decepenlinea.uprm.edu\/index.php\/wp-json\/wp\/v2\/types\/product"}],"replies":[{"embeddable":true,"href":"https:\/\/decepenlinea.uprm.edu\/index.php\/wp-json\/wp\/v2\/comments?post=42838"}],"wp:featuredmedia":[{"embeddable":true,"href":"https:\/\/decepenlinea.uprm.edu\/index.php\/wp-json\/wp\/v2\/media\/3743"}],"wp:attachment":[{"href":"https:\/\/decepenlinea.uprm.edu\/index.php\/wp-json\/wp\/v2\/media?parent=42838"}],"wp:term":[{"taxonomy":"product_brand","embeddable":true,"href":"https:\/\/decepenlinea.uprm.edu\/index.php\/wp-json\/wp\/v2\/product_brand?post=42838"},{"taxonomy":"product_cat","embeddable":true,"href":"https:\/\/decepenlinea.uprm.edu\/index.php\/wp-json\/wp\/v2\/product_cat?post=42838"},{"taxonomy":"product_tag","embeddable":true,"href":"https:\/\/decepenlinea.uprm.edu\/index.php\/wp-json\/wp\/v2\/product_tag?post=42838"}],"curies":[{"name":"wp","href":"https:\/\/api.w.org\/{rel}","templated":true}]}}