{"id":42732,"date":"2024-08-05T16:42:55","date_gmt":"2024-08-05T20:42:55","guid":{"rendered":"https:\/\/decepenlinea.uprm.edu\/?post_type=product&#038;p=42732"},"modified":"2025-08-06T09:54:26","modified_gmt":"2025-08-06T13:54:26","slug":"examen-para-la-certificacion-en-accesibilidad-en-la-educacion-a-distancia-8","status":"publish","type":"product","link":"https:\/\/decepenlinea.uprm.edu\/index.php\/product\/examen-para-la-certificacion-en-accesibilidad-en-la-educacion-a-distancia-8\/","title":{"rendered":"Examen para la Certificaci\u00f3n en Accesibilidad en la Educaci\u00f3n a Distancia"},"content":{"rendered":"<p><span lang=\"ES\">La educaci\u00f3n a distancia continua en aumento. Cada vez m\u00e1s instituciones optan por esta modalidad y necesitan de recursos humanos cada vez m\u00e1s capacitados en esta. Un tema de extremada importancia es la accesibilidad en la educaci\u00f3n a distancia. Pocos recursos humanos del \u00e1rea de educaci\u00f3n se preparan bien en este tema. Tener un certificado en accesibilidad para la educaci\u00f3n a distancia es un elemento que resalta en cualquier resum\u00e9 o curriculum vitae. \u00a0<\/span><\/p>\n<p><span lang=\"ES\">A trav\u00e9s del Centro de Recurso para la Educaci\u00f3n a Distancia el Recinto Universitario de Mayag\u00fcez (RUM) de la Universidad de Puerto Rico est\u00e1 afilado a Quality Matters. Siendo el RUM el \u00fanico en Puerto Rico en tener un curso aprobado en calidad por esta prestigiosa instituci\u00f3n internacional. \u00a0<\/span><\/p>\n<p><span lang=\"ES\">La certificaci\u00f3n de Accesibilidad en la Educaci\u00f3n a Distancia es una de aprobaci\u00f3n mediante examen. El manual de estudio es completamente gratuito y lo puedes bajar aqu\u00ed:\u00a0<a title=\"Direcci\u00f3n URL original: https:\/\/drive.google.com\/file\/d\/1RGs8CUqsBZtlNQVNiHa3BYdJDtBzHmdY\/view?usp=sharing. Haga clic o pulse si conf\u00eda en este v\u00ednculo.\" href=\"https:\/\/nam02.safelinks.protection.outlook.com\/?url=https%3A%2F%2Fdrive.google.com%2Ffile%2Fd%2F1RGs8CUqsBZtlNQVNiHa3BYdJDtBzHmdY%2Fview%3Fusp%3Dsharing&amp;data=04%7C01%7Cyaritza.gonzalez%40upr.edu%7C83de5d12459a4d77f77e08d9ea45775d%7C0dfa5dc0036f461599e494af822f2b84%7C0%7C0%7C637798406336367944%7CUnknown%7CTWFpbGZsb3d8eyJWIjoiMC4wLjAwMDAiLCJQIjoiV2luMzIiLCJBTiI6Ik1haWwiLCJXVCI6Mn0%3D%7C3000&amp;sdata=J0ZxlzJLfvWyp61pb%2Bk0mV6wpdqqkcNoh8eq%2BkbM3mQ%3D&amp;reserved=0\" target=\"_blank\" rel=\"noopener noreferrer\" data-auth=\"Verified\" data-linkindex=\"0\">Baja el manual presionado Download y luego Download Anyway.<\/a>\u00a0\u00a0<\/span><\/p>\n<p><span lang=\"ES\">\u00a0<\/span><span lang=\"ES\">En el material facilitado se tocan los temas: \u00bfQu\u00e9 es la accesibilidad en la educaci\u00f3n a distancia?, Resumen de algunas leyes, Americans with Disabilities Act (ADA, Estadounidenses con Discapacidades) 1973, Secci\u00f3n 508, Ley de Rehabilitaci\u00f3n de 1973, Ley de Educaci\u00f3n para Personas con Discapacidades (IDEA), Ley 229, Ley para Garantizar el Acceso a la Informaci\u00f3n para Personas con Discapacidades, Algunos casos legales, Dise\u00f1o Universal (UD), Dise\u00f1o, Universal para el Aprendizaje (UDL), C\u00f3mo hacer un curso a distancia accesible, Sistema de Gesti\u00f3n de Aprendizaje (SGA, Formato de los materiales educativos, Recomendaciones para visuales, Recomendaciones para videos, Portable Document Format (PDF), Herramientas de interacci\u00f3n, Metodolog\u00eda de ense\u00f1anza y Fuentes con informaci\u00f3n adicional. \u00a0<\/span><\/p>\n<p><span lang=\"ES\">\u00a0<\/span><span lang=\"ES\">Puedes estudiar el tiempo que estimes pertinente. Una vez pagues el examen tendr\u00e1s acceso inmediato a este. El examen es uno objetivo con reactivo de selecci\u00f3n sencilla, selecci\u00f3n m\u00faltiple y cierto y falso. El examen tiene unos 100 reactivos y puedes tomarlo hasta en dos ocasiones. La segunda vez que lo tomes podr\u00edas ver diferentes reactivos o en diferente orden. \u00a0<\/span><\/p>\n<p><span lang=\"ES\">La certificaci\u00f3n se aprueba con 80% o m\u00e1s de puntuaci\u00f3n obtenida en una de las dos ocasiones que lo tomes. El certificado se obtiene de manera autom\u00e1tica una vez cumples con este criterio. \u00a0<\/span><\/p>\n","protected":false},"excerpt":{"rendered":"<p><strong>Instructor:<\/strong> CREAD<\/p>\n<p><b>Acceso al examen:<\/b> Una vez pases por el proceso de pago, obtendr\u00e1s acceso al examen de forma inmediata hasta el 12 de diciembre de 2025.<\/p>\n<p><strong>Equivalencia de horas contacto:<\/strong> 7<\/p>\n","protected":false},"featured_media":24325,"comment_status":"closed","ping_status":"closed","template":"","meta":{"_links_to":"","_links_to_target":""},"product_brand":[],"product_cat":[17],"product_tag":[],"class_list":{"0":"post-42732","1":"product","2":"type-product","3":"status-publish","4":"has-post-thumbnail","6":"product_cat-uncategorized","8":"first","9":"instock","10":"sale","11":"shipping-taxable","12":"purchasable","13":"product-type-simple"},"_links":{"self":[{"href":"https:\/\/decepenlinea.uprm.edu\/index.php\/wp-json\/wp\/v2\/product\/42732","targetHints":{"allow":["GET"]}}],"collection":[{"href":"https:\/\/decepenlinea.uprm.edu\/index.php\/wp-json\/wp\/v2\/product"}],"about":[{"href":"https:\/\/decepenlinea.uprm.edu\/index.php\/wp-json\/wp\/v2\/types\/product"}],"replies":[{"embeddable":true,"href":"https:\/\/decepenlinea.uprm.edu\/index.php\/wp-json\/wp\/v2\/comments?post=42732"}],"wp:featuredmedia":[{"embeddable":true,"href":"https:\/\/decepenlinea.uprm.edu\/index.php\/wp-json\/wp\/v2\/media\/24325"}],"wp:attachment":[{"href":"https:\/\/decepenlinea.uprm.edu\/index.php\/wp-json\/wp\/v2\/media?parent=42732"}],"wp:term":[{"taxonomy":"product_brand","embeddable":true,"href":"https:\/\/decepenlinea.uprm.edu\/index.php\/wp-json\/wp\/v2\/product_brand?post=42732"},{"taxonomy":"product_cat","embeddable":true,"href":"https:\/\/decepenlinea.uprm.edu\/index.php\/wp-json\/wp\/v2\/product_cat?post=42732"},{"taxonomy":"product_tag","embeddable":true,"href":"https:\/\/decepenlinea.uprm.edu\/index.php\/wp-json\/wp\/v2\/product_tag?post=42732"}],"curies":[{"name":"wp","href":"https:\/\/api.w.org\/{rel}","templated":true}]}}