{"id":41622,"date":"2024-06-07T16:20:21","date_gmt":"2024-06-07T20:20:21","guid":{"rendered":"https:\/\/decepenlinea.uprm.edu\/?post_type=product&#038;p=41622"},"modified":"2024-06-10T13:23:42","modified_gmt":"2024-06-10T17:23:42","slug":"transformando-el-coaching-con-el-modelo-grow-7-participantes-head-start-sabana-grande","status":"publish","type":"product","link":"https:\/\/decepenlinea.uprm.edu\/index.php\/product\/transformando-el-coaching-con-el-modelo-grow-7-participantes-head-start-sabana-grande\/","title":{"rendered":"Transformando el coaching con el modelo GROW (7 participantes Head Start Sabana Grande)"},"content":{"rendered":"<p>El modelo GROW es una estrategia de coaching que fomenta el uso de preguntas abiertas y la escucha activa para identificar las metas fundamentales, analizar la situaci\u00f3n actual y trazar planes de acci\u00f3n generales basados en la informaci\u00f3n obtenida. Antes de centrarse en los problemas m\u00e1s espec\u00edficos, se hace necesario saber cu\u00e1l es la finalidad \u00faltima de cualquier proyecto y contar con una visi\u00f3n integral del mismo, de manera que todas las decisiones a tomar est\u00e9n correctamente alineadas y que nunca se pierda el prop\u00f3sito original.<\/p>\n<p>Este es un curso autodirigido con estrategia asincr\u00f3nica donde el participante adquiere la informaci\u00f3n con video y micro aprendizaje. Es un curso flexible ya que se puede participar en cualquier momento y desde cualquier lugar mientras dure el curso. Se espera que estudiante dedique 7 horas para completarlo. El certificado que se le otorgar\u00e1 ser\u00e1 de acuerdo con la ejecuci\u00f3n en el curso.<\/p>\n<p>Este curso va dirigido a cualquier persona que quiera mejorar y hacer un cambio a nivel personal o profesional. Tambi\u00e9n a quienes necesiten establecer la finalidad de cualquier proyecto meta u objetivo de empresarismo o personal. Adem\u00e1s, para todos aquellos, que, teniendo ya conocimientos de coaching, deseen ponerse al d\u00eda de las novedades que introduce este modelo. La persona que inicia un proceso de coaching, por lo general, est\u00e1 decidida a avanzar en objetivos propios, espec\u00edficos, pero debe saber de antemano que en este proceso los resultados m\u00e1gicos no existen. El mejor resultado es encontrar modos de actuar, aumentar la responsabilidad y reducir al m\u00ednimo las limitaciones que se interponen cuando el coachee quiere lograr algo.<\/p>\n<p>El curso de Transformando el coaching con el modelo GROW es parte de la <a href=\"https:\/\/decepenlinea.uprm.edu\/index.php\/product\/certificacion-profesional-de-especializacion-en-liderazgo-de-la-innovacion-y-creatividad-5\/\">Certificaci\u00f3n Profesional de Especializaci\u00f3n en Liderazgo de la Innovaci\u00f3n y Creatividad .<\/a><\/p>\n<p>Puedes matricular el curso individual o como parte de la certificaci\u00f3n. Al pagarlo como parte de la certificaci\u00f3n, obtienes un descuento.<\/p>\n<p><strong>Modalidad del curso:<\/strong><\/p>\n<p>Este es un curso autodirigido, en modalidad asincr\u00f3nica que te ofrece una credencial con certificado de equivalencia de 7 horas contacto. Se utiliza una estructura que facilita la participaci\u00f3n del estudiante. Las t\u00e9cnicas incluyen video aprendizaje, micro aprendizaje, aprendizaje social y aprendizaje m\u00f3vil.\u00a0 Es un curso flexible ya que se puede participar en cualquier momento y desde cualquier lugar que te encuentres mientras dure el curso.<\/p>\n<p>Una vez pases por el proceso de pago tendr\u00e1s acceso de inmediato al Sistema de Gerencia de Aprendizaje de la clase, todas las lecciones se encontrar\u00e1n abiertas y podr\u00e1s realizar el curso a tu propio paso hasta la fecha de cierre establecida.<\/p>\n<p>Se ofrece un certificado de aprobaci\u00f3n al haber completado el curso con la puntuaci\u00f3n m\u00ednima de ejecuci\u00f3n.<\/p>\n<p><strong>*El certificado del curso se enviar\u00e1 digital por correo electr\u00f3nico.<\/strong><\/p>\n<p>&nbsp;<\/p>\n<p><strong>*\u00bfQu\u00e9 son los cursos autodirigidos?<\/strong><\/p>\n<p>Los cursos autodirigidos son aquellos con una metodolog\u00eda autodidacta. Por lo regular no tienen fecha de comienzo, pero si de cierre. No suele haber metodolog\u00eda de aprendizaje social en estos cursos. Puedes consumir los materiales educativos y participar de cada m\u00f3dulo a tu propio paso, siempre velando que hay una fecha de cierre para la que se espera concluya el curso. En los cursos autodirigidos una vez pasas por el proceso de pago, tendr\u00e1s acceso de inmediato al curso.<\/p>\n<p>&nbsp;<\/p>\n","protected":false},"excerpt":{"rendered":"<p><strong>Instructor:<\/strong> CREAD<\/p>\n<p><strong>Horario:<\/strong> Curso en l\u00ednea &#8211; AUTODIRIGIDO<\/p>\n<p><strong>Acceso al curso:<\/strong> Una vez pase por el proceso de pago, tendr\u00e1 acceso al curso de forma inmediata. Las pruebas y tareas cerrar\u00e1n el 31 de julio de 2024, pero tendr\u00e1 acceso a los materiales de forma indefinida.<\/p>\n<p><strong>Equivalencia de horas contacto:<\/strong> 7<\/p>\n<p><strong>Espacios:<\/strong>\u00a015<\/p>\n","protected":false},"featured_media":3723,"comment_status":"closed","ping_status":"closed","template":"","meta":{"_links_to":"","_links_to_target":""},"product_brand":[],"product_cat":[17],"product_tag":[],"class_list":{"0":"post-41622","1":"product","2":"type-product","3":"status-publish","4":"has-post-thumbnail","6":"product_cat-uncategorized","8":"first","9":"outofstock","10":"downloadable","11":"virtual","12":"purchasable","13":"product-type-simple"},"_links":{"self":[{"href":"https:\/\/decepenlinea.uprm.edu\/index.php\/wp-json\/wp\/v2\/product\/41622","targetHints":{"allow":["GET"]}}],"collection":[{"href":"https:\/\/decepenlinea.uprm.edu\/index.php\/wp-json\/wp\/v2\/product"}],"about":[{"href":"https:\/\/decepenlinea.uprm.edu\/index.php\/wp-json\/wp\/v2\/types\/product"}],"replies":[{"embeddable":true,"href":"https:\/\/decepenlinea.uprm.edu\/index.php\/wp-json\/wp\/v2\/comments?post=41622"}],"wp:featuredmedia":[{"embeddable":true,"href":"https:\/\/decepenlinea.uprm.edu\/index.php\/wp-json\/wp\/v2\/media\/3723"}],"wp:attachment":[{"href":"https:\/\/decepenlinea.uprm.edu\/index.php\/wp-json\/wp\/v2\/media?parent=41622"}],"wp:term":[{"taxonomy":"product_brand","embeddable":true,"href":"https:\/\/decepenlinea.uprm.edu\/index.php\/wp-json\/wp\/v2\/product_brand?post=41622"},{"taxonomy":"product_cat","embeddable":true,"href":"https:\/\/decepenlinea.uprm.edu\/index.php\/wp-json\/wp\/v2\/product_cat?post=41622"},{"taxonomy":"product_tag","embeddable":true,"href":"https:\/\/decepenlinea.uprm.edu\/index.php\/wp-json\/wp\/v2\/product_tag?post=41622"}],"curies":[{"name":"wp","href":"https:\/\/api.w.org\/{rel}","templated":true}]}}