{"id":41513,"date":"2024-05-30T10:33:13","date_gmt":"2024-05-30T14:33:13","guid":{"rendered":"https:\/\/decepenlinea.uprm.edu\/?post_type=product&#038;p=41513"},"modified":"2025-08-28T09:08:04","modified_gmt":"2025-08-28T13:08:04","slug":"certificacion-en-ciberseguridad","status":"publish","type":"product","link":"https:\/\/decepenlinea.uprm.edu\/index.php\/product\/certificacion-en-ciberseguridad\/","title":{"rendered":"Academia de Ciberseguridad"},"content":{"rendered":"<p>La Academia de Ciberseguridad est\u00e1 dise\u00f1ada para proporcionar a los participantes una comprensi\u00f3n integral de la seguridad cibern\u00e9tica, desde los conceptos b\u00e1sicos hasta las operaciones avanzadas en centros de seguridad. Esta certificaci\u00f3n consta de tres cursos secuenciales que cubren un amplio espectro de temas y habilidades necesarias para una carrera en ciberseguridad.<\/p>\n<h3>\u00bfA qui\u00e9nes va dirigido?<\/h3>\n<p>Esta certificaci\u00f3n est\u00e1 dirigida a:<\/p>\n<ul>\n<li><strong>Profesionales de TI<\/strong> que desean especializarse en ciberseguridad.<\/li>\n<li><strong>Estudiantes<\/strong> que buscan una carrera en el campo de la seguridad cibern\u00e9tica.<\/li>\n<li><strong>Emprendedores y due\u00f1os de negocios<\/strong> que desean proteger sus empresas de amenazas cibern\u00e9ticas.<\/li>\n<li><strong>Cualquier persona interesada<\/strong> en aprender sobre la seguridad en l\u00ednea y c\u00f3mo protegerse contra ciberataques.<\/li>\n<\/ul>\n<h3>Beneficios de la certificaci\u00f3n<\/h3>\n<p>Al matricularse en esta certificaci\u00f3n, los participantes obtendr\u00e1n:<\/p>\n<ul>\n<li><strong>Conocimiento integral y actualizado<\/strong>: Desde los fundamentos hasta las operaciones avanzadas de ciberseguridad.<\/li>\n<li><strong>Certificados individuales por curso<\/strong>: Validando las competencias adquiridas en cada etapa.<\/li>\n<li><strong>Desarrollo de habilidades pr\u00e1cticas<\/strong>: Uso de herramientas y simulaciones reales, como Cisco Packet Tracer.<\/li>\n<li><strong>Preparaci\u00f3n para el mercado laboral<\/strong>: En un campo con una alta demanda de profesionales calificados.<\/li>\n<li><strong>Acceso guiado a contenidos y recursos<\/strong>: A trav\u00e9s del Sistema de Gerencia de Aprendizaje, bajo la supervisi\u00f3n de instructores expertos.<\/li>\n<li><strong>Flexibilidad y estructura<\/strong>: Cursos dise\u00f1ados para ser completados semanalmente, permitiendo un balance entre estudio y otras responsabilidades.<\/li>\n<\/ul>\n<p>&nbsp;<\/p>\n<p>Esta certificaci\u00f3n requiere que el participante pase por el proceso riguroso de certificarse en los siguientes cursos:\u00a0 *cursos no tienen pre requisito uno del otro y pueden tomarse en cualquier orden aunque recomendamos tomarlos desde el b\u00e1sico al avanzado.*<\/p>\n<ol>\n<li><a href=\"https:\/\/decepenlinea.uprm.edu\/index.php\/product\/introduccion-a-la-ciberseguridad-cybersecurity-6\/\">Introducci\u00f3n a la Ciberseguridad<\/a>&#8211; Curso comienza el 18 de septiembre de 2025 y culmina el 23 de octubre de 2025. \/ curso moderado de15 horas contacto.<\/li>\n<li><a href=\"https:\/\/decepenlinea.uprm.edu\/index.php\/product\/cybersecurity-essentials-6\/\">CyberSecurity Essentials<\/a>&#8211; Curso comienza el 27 de octubre de 2025 y culminar\u00e1 el 3 de diciembre de 2025.<\/li>\n<li><a href=\"https:\/\/decepenlinea.uprm.edu\/index.php\/product\/ccna-cybersecurity-operations-cyberops-5\/\">CCNA Cybersecurity Operations<\/a>&#8211; <b>secci\u00f3n 001<\/b> dar\u00e1 comienzo el 19 de septiembre de 2025 y culminar\u00e1 el 20 de diciembre de 2025.\/ <b>secci\u00f3n 002<\/b> dar\u00e1 comienzo el 4 de febrero de 2026y culminar\u00e1 el 7 de mayo de 2026\u00a0 \/ curso moderado de 70 horas contacto.<\/li>\n<\/ol>\n<p style=\"margin-top: 0in; background: white;\"><span style=\"font-size: 10.5pt; font-family: 'Open Sans',sans-serif; color: #777777;\">Todos los cursos son moderados y asincr\u00f3nicos\u00a0 donde demuestras tus conocimientos y destrezas adquiridas mediante pruebas objetivas y tareas.\u00a0<\/span><\/p>\n<p style=\"margin-top: 0in; background: white; box-sizing: inherit; margin-bottom: 0.9375rem; word-break: break-word; overflow-wrap: break-word; font-variant-ligatures: normal; font-variant-caps: normal; orphans: 2; text-align: start; widows: 2; -webkit-text-stroke-width: 0px; text-decoration-thickness: initial; text-decoration-style: initial; text-decoration-color: initial; word-spacing: 0px;\"><span style=\"font-size: 10.5pt; font-family: 'Open Sans',sans-serif; color: #777777;\">Se espera que cada semana completes una lecci\u00f3n. El instructor te guiar\u00e1 en este proceso. Debes completar cada una de las tareas en o antes de las fechas estipuladas. Al completar cada curso con la puntuaci\u00f3n m\u00ednima requerida obtendr\u00e1s el certificado que as\u00ed lo valida. Una vez pases por el proceso de pago tendr\u00e1s acceso al Sistema de Gerencia de Aprendizaje de la clase, pero no tendr\u00e1s acceso al contenido hasta la fecha de comienzo del curso.<\/span><\/p>\n<p>En conjunto, el participante culmina el proceso con 3 cursos certificados y una certificaci\u00f3n de especialidad (4 certificados en total) con la equivalencia de 115 horas de capacitaci\u00f3n en el tema de ciberseguridad.<\/p>\n<p>En esta \u00e1rea estar\u00eda pagando por los 3 cursos en bloque. Para una descripci\u00f3n m\u00e1s detallada de cada curso puede visitar cada producto de manera individual.<\/p>\n<p>Una vez pases por el proceso de pago tendr\u00e1s acceso de inmediato al Sistema de Gerencia de Aprendizaje de la clase, pero no tendr\u00e1s acceso al contenido hasta la fecha de comienzo del curso.<\/p>\n<p><strong>*El certificado del curso se enviar\u00e1 digital por correo electr\u00f3nico.<\/strong><\/p>\n","protected":false},"excerpt":{"rendered":"<p><strong>Horas Contacto: 115<\/strong><\/p>\n","protected":false},"featured_media":3750,"comment_status":"closed","ping_status":"closed","template":"","meta":{"_links_to":"","_links_to_target":""},"product_brand":[],"product_cat":[11147,254],"product_tag":[],"class_list":{"0":"post-41513","1":"product","2":"type-product","3":"status-publish","4":"has-post-thumbnail","6":"product_cat-cursos2025","7":"product_cat-upr-mayaguez","9":"first","10":"instock","11":"sale","12":"sold-individually","13":"shipping-taxable","14":"purchasable","15":"product-type-simple"},"_links":{"self":[{"href":"https:\/\/decepenlinea.uprm.edu\/index.php\/wp-json\/wp\/v2\/product\/41513","targetHints":{"allow":["GET"]}}],"collection":[{"href":"https:\/\/decepenlinea.uprm.edu\/index.php\/wp-json\/wp\/v2\/product"}],"about":[{"href":"https:\/\/decepenlinea.uprm.edu\/index.php\/wp-json\/wp\/v2\/types\/product"}],"replies":[{"embeddable":true,"href":"https:\/\/decepenlinea.uprm.edu\/index.php\/wp-json\/wp\/v2\/comments?post=41513"}],"wp:featuredmedia":[{"embeddable":true,"href":"https:\/\/decepenlinea.uprm.edu\/index.php\/wp-json\/wp\/v2\/media\/3750"}],"wp:attachment":[{"href":"https:\/\/decepenlinea.uprm.edu\/index.php\/wp-json\/wp\/v2\/media?parent=41513"}],"wp:term":[{"taxonomy":"product_brand","embeddable":true,"href":"https:\/\/decepenlinea.uprm.edu\/index.php\/wp-json\/wp\/v2\/product_brand?post=41513"},{"taxonomy":"product_cat","embeddable":true,"href":"https:\/\/decepenlinea.uprm.edu\/index.php\/wp-json\/wp\/v2\/product_cat?post=41513"},{"taxonomy":"product_tag","embeddable":true,"href":"https:\/\/decepenlinea.uprm.edu\/index.php\/wp-json\/wp\/v2\/product_tag?post=41513"}],"curies":[{"name":"wp","href":"https:\/\/api.w.org\/{rel}","templated":true}]}}