{"id":40908,"date":"2024-03-13T10:43:23","date_gmt":"2024-03-13T14:43:23","guid":{"rendered":"https:\/\/decepenlinea.uprm.edu\/?post_type=product&#038;p=40908"},"modified":"2024-03-13T10:48:53","modified_gmt":"2024-03-13T14:48:53","slug":"reservacion-y-uso-de-estudio-de-grabacion-dr-jose-r-ferrer","status":"publish","type":"product","link":"https:\/\/decepenlinea.uprm.edu\/index.php\/product\/reservacion-y-uso-de-estudio-de-grabacion-dr-jose-r-ferrer\/","title":{"rendered":"Reservaci\u00f3n y uso de Estudio de Grabaci\u00f3n (Dr. Jos\u00e9 R. Ferrer)"},"content":{"rendered":"<p>Pago Reservaci\u00f3n de Estudio de Grabaci\u00f3n por parte de Dr. Jos\u00e9 R. Ferrer (9 de febrero de 2024)<\/p>\n<p>1 hora de utilizaci\u00f3n de estudio con t\u00e9cnico de producci\u00f3n de tv<br \/>\n$25.00 por hora= $25.00<\/p>\n","protected":false},"excerpt":{"rendered":"<p>Pago Reservaci\u00f3n de Estudio de Grabaci\u00f3n por parte de Dr. Jos\u00e9 R. Ferrer (9 de febrero de 2024)<\/p>\n<p>1 hora de utilizaci\u00f3n de estudio con t\u00e9cnico de producci\u00f3n de tv<br \/>\n$25.00 por hora= $25.00<\/p>\n","protected":false},"featured_media":0,"comment_status":"closed","ping_status":"closed","template":"","meta":{"_links_to":"","_links_to_target":""},"product_brand":[],"product_cat":[17],"product_tag":[],"class_list":{"0":"post-40908","1":"product","2":"type-product","3":"status-publish","5":"product_cat-uncategorized","7":"first","8":"outofstock","9":"shipping-taxable","10":"purchasable","11":"product-type-simple"},"_links":{"self":[{"href":"https:\/\/decepenlinea.uprm.edu\/index.php\/wp-json\/wp\/v2\/product\/40908","targetHints":{"allow":["GET"]}}],"collection":[{"href":"https:\/\/decepenlinea.uprm.edu\/index.php\/wp-json\/wp\/v2\/product"}],"about":[{"href":"https:\/\/decepenlinea.uprm.edu\/index.php\/wp-json\/wp\/v2\/types\/product"}],"replies":[{"embeddable":true,"href":"https:\/\/decepenlinea.uprm.edu\/index.php\/wp-json\/wp\/v2\/comments?post=40908"}],"wp:attachment":[{"href":"https:\/\/decepenlinea.uprm.edu\/index.php\/wp-json\/wp\/v2\/media?parent=40908"}],"wp:term":[{"taxonomy":"product_brand","embeddable":true,"href":"https:\/\/decepenlinea.uprm.edu\/index.php\/wp-json\/wp\/v2\/product_brand?post=40908"},{"taxonomy":"product_cat","embeddable":true,"href":"https:\/\/decepenlinea.uprm.edu\/index.php\/wp-json\/wp\/v2\/product_cat?post=40908"},{"taxonomy":"product_tag","embeddable":true,"href":"https:\/\/decepenlinea.uprm.edu\/index.php\/wp-json\/wp\/v2\/product_tag?post=40908"}],"curies":[{"name":"wp","href":"https:\/\/api.w.org\/{rel}","templated":true}]}}