{"id":40714,"date":"2024-02-06T11:18:05","date_gmt":"2024-02-06T15:18:05","guid":{"rendered":"https:\/\/decepenlinea.uprm.edu\/?post_type=product&#038;p=40714"},"modified":"2025-08-26T11:29:20","modified_gmt":"2025-08-26T15:29:20","slug":"proyecto-final-e-integracion-de-conocimientos","status":"publish","type":"product","link":"https:\/\/decepenlinea.uprm.edu\/index.php\/product\/proyecto-final-e-integracion-de-conocimientos\/","title":{"rendered":"Proyecto final e integraci\u00f3n de conocimientos (CCA009)"},"content":{"rendered":"<p>Este curso est\u00e1 dise\u00f1ado para proporcionar a los estudiantes la oportunidad de aplicar y integrar los conocimientos adquiridos en los cursos anteriores. Los estudiantes trabajar\u00e1n en equipos para desarrollar un proyecto de software, utilizando metodolog\u00edas \u00e1giles para gestionar el proyecto (OC.1). El curso incluye el an\u00e1lisis de requisitos y el dise\u00f1o de soluciones (OC.2), as\u00ed como el desarrollo, implementaci\u00f3n y prueba de software, incluyendo elementos de IA (OC.3). Los estudiantes tambi\u00e9n preparar\u00e1n una presentaci\u00f3n del proyecto final y defender\u00e1n el proyecto final ante un panel de evaluadores (OC.4). El curso concluye con una reflexi\u00f3n sobre el proceso de desarrollo de software y el aprendizaje obtenido (OC.5), as\u00ed como una discusi\u00f3n sobre los desaf\u00edos \u00e9ticos y responsabilidades en el desarrollo de software (OC.6). Este curso es adecuado para estudiantes de ciencias de la computaci\u00f3n y campos relacionados que buscan aplicar e integrar los conocimientos adquiridos en un proyecto de desarrollo de software pr\u00e1ctico.<\/p>\n<p>El curso de Proyecto final e integraci\u00f3n de conocimientos es parte de la Academia Avanzada de Programaci\u00f3n: <a href=\"https:\/\/decepenlinea.uprm.edu\/index.php\/product\/cread-coding-academy\/\">\u00a0CREAD Coding Academy<\/a>.<\/p>\n<p>Puedes matricular el curso individual o como parte de la certificaci\u00f3n. Al pagarlo como parte de la certificaci\u00f3n, obtienes un descuento.<\/p>\n<p><strong>Modalidad del curso:<\/strong><\/p>\n<p>Este es un curso autodirigido, en modalidad asincr\u00f3nica que te ofrece una credencial con certificado de equivalencia de 24 horas contacto. Se utiliza una estructura que facilita la participaci\u00f3n del estudiante. Las t\u00e9cnicas incluyen video aprendizaje, micro aprendizaje, aprendizaje social y aprendizaje m\u00f3vil.\u00a0 Es un curso flexible ya que se puede participar en cualquier momento y desde cualquier lugar que te encuentres mientras dure el curso.<\/p>\n<p>Una vez pases por el proceso de pago tendr\u00e1s acceso de inmediato al Sistema de Gerencia de Aprendizaje de la clase, todas las lecciones se encontrar\u00e1n abiertas y podr\u00e1s realizar el curso a tu propio paso hasta la fecha de cierre establecida.<\/p>\n<p>Se ofrece un certificado de aprobaci\u00f3n al haber completado el curso con la puntuaci\u00f3n m\u00ednima de ejecuci\u00f3n.<\/p>\n<p><strong>*El certificado del curso se enviar\u00e1 digital por correo electr\u00f3nico.<\/strong><\/p>\n<p>&nbsp;<\/p>\n<p><strong>*\u00bfQu\u00e9 son los cursos autodirigidos?<\/strong><\/p>\n<p>Los cursos autodirigidos son aquellos con una metodolog\u00eda autodidacta. Por lo regular no tienen fecha de comienzo, pero si de cierre. No suele haber metodolog\u00eda de aprendizaje social en estos cursos. Puedes consumir los materiales educativos y participar de cada m\u00f3dulo a tu propio paso, siempre velando que hay una fecha de cierre para la que se espera concluya el curso. En los cursos autodirigidos una vez pasas por el proceso de pago, tendr\u00e1s acceso de inmediato al curso.<\/p>\n","protected":false},"excerpt":{"rendered":"<p><strong>Instructor:\u00a0<\/strong> Oficina de Educaci\u00f3n a Distancia<\/p>\n<p><strong>Horario:<\/strong> Curso en l\u00ednea &#8211; MODERADO<\/p>\n<p><b>Fecha del Curso:<\/b> Agosto-2025<\/p>\n<p><b>Fecha del Curso:<\/b> Acceso al curso de forma inmediata luego de realizar su reservaci\u00f3n y hasta el 12 de diciembre de 2025<\/p>\n<p><strong>Equivalencia de horas contacto:<\/strong> 24<\/p>\n<p><strong>Espacios:<\/strong>\u00a015<\/p>\n<p>&nbsp;<\/p>\n","protected":false},"featured_media":3742,"comment_status":"closed","ping_status":"closed","template":"","meta":{"_links_to":"","_links_to_target":""},"product_brand":[],"product_cat":[17,11147],"product_tag":[],"class_list":{"0":"post-40714","1":"product","2":"type-product","3":"status-publish","4":"has-post-thumbnail","6":"product_cat-uncategorized","7":"product_cat-cursos2025","9":"first","10":"instock","11":"virtual","12":"purchasable","13":"product-type-simple"},"_links":{"self":[{"href":"https:\/\/decepenlinea.uprm.edu\/index.php\/wp-json\/wp\/v2\/product\/40714","targetHints":{"allow":["GET"]}}],"collection":[{"href":"https:\/\/decepenlinea.uprm.edu\/index.php\/wp-json\/wp\/v2\/product"}],"about":[{"href":"https:\/\/decepenlinea.uprm.edu\/index.php\/wp-json\/wp\/v2\/types\/product"}],"replies":[{"embeddable":true,"href":"https:\/\/decepenlinea.uprm.edu\/index.php\/wp-json\/wp\/v2\/comments?post=40714"}],"wp:featuredmedia":[{"embeddable":true,"href":"https:\/\/decepenlinea.uprm.edu\/index.php\/wp-json\/wp\/v2\/media\/3742"}],"wp:attachment":[{"href":"https:\/\/decepenlinea.uprm.edu\/index.php\/wp-json\/wp\/v2\/media?parent=40714"}],"wp:term":[{"taxonomy":"product_brand","embeddable":true,"href":"https:\/\/decepenlinea.uprm.edu\/index.php\/wp-json\/wp\/v2\/product_brand?post=40714"},{"taxonomy":"product_cat","embeddable":true,"href":"https:\/\/decepenlinea.uprm.edu\/index.php\/wp-json\/wp\/v2\/product_cat?post=40714"},{"taxonomy":"product_tag","embeddable":true,"href":"https:\/\/decepenlinea.uprm.edu\/index.php\/wp-json\/wp\/v2\/product_tag?post=40714"}],"curies":[{"name":"wp","href":"https:\/\/api.w.org\/{rel}","templated":true}]}}