{"id":4068,"date":"2019-12-12T14:30:59","date_gmt":"2019-12-12T18:30:59","guid":{"rendered":"https:\/\/decepenlinea.uprm.edu\/?post_type=product&#038;p=4068"},"modified":"2022-01-25T18:26:53","modified_gmt":"2022-01-25T22:26:53","slug":"ensenanza-a-distancia-para-docentes-del-rum-s2-2019-2020","status":"publish","type":"product","link":"https:\/\/decepenlinea.uprm.edu\/index.php\/product\/ensenanza-a-distancia-para-docentes-del-rum-s2-2019-2020\/","title":{"rendered":"Ense\u00f1anza a Distancia para docentes del RUM (S2-2019-2020)"},"content":{"rendered":"<p>Este es un curso autodirigido por estudio independiente que presenta los conocimientos y destrezas m\u00ednimas necesarias para crear y administrar un curso h\u00edbrido o a distancia en el Sistema de Gerencia de Aprendizaje (SGA) de la Universidad de Puerto Rico. Este curso se facilita para el cumplimiento con la Certificaci\u00f3n del Senado Acad\u00e9mico N\u00famero 19-85:\u00a0Gu\u00edas para el ofrecimiento de cursos a distancia, del 26 de noviembre del 2019. Los temas cubren los aspectos de ense\u00f1anza, la creaci\u00f3n de materiales educativos y el uso del SGA.\u00a0\u00a0<\/p>\n","protected":false},"excerpt":{"rendered":"<p>Este es un curso autodirigido por estudio independiente que presenta los conocimientos y destrezas m\u00ednimas necesarias para crear y administrar un curso h\u00edbrido o a distancia en el Sistema de &#8230;<\/p>\n","protected":false},"featured_media":4069,"comment_status":"closed","ping_status":"closed","template":"","meta":{"_links_to":"","_links_to_target":""},"product_brand":[],"product_cat":[17],"product_tag":[],"class_list":{"0":"post-4068","1":"product","2":"type-product","3":"status-publish","4":"has-post-thumbnail","6":"product_cat-uncategorized","8":"first","9":"instock","10":"downloadable","11":"virtual","12":"purchasable","13":"product-type-simple"},"_links":{"self":[{"href":"https:\/\/decepenlinea.uprm.edu\/index.php\/wp-json\/wp\/v2\/product\/4068","targetHints":{"allow":["GET"]}}],"collection":[{"href":"https:\/\/decepenlinea.uprm.edu\/index.php\/wp-json\/wp\/v2\/product"}],"about":[{"href":"https:\/\/decepenlinea.uprm.edu\/index.php\/wp-json\/wp\/v2\/types\/product"}],"replies":[{"embeddable":true,"href":"https:\/\/decepenlinea.uprm.edu\/index.php\/wp-json\/wp\/v2\/comments?post=4068"}],"wp:featuredmedia":[{"embeddable":true,"href":"https:\/\/decepenlinea.uprm.edu\/index.php\/wp-json\/wp\/v2\/media\/4069"}],"wp:attachment":[{"href":"https:\/\/decepenlinea.uprm.edu\/index.php\/wp-json\/wp\/v2\/media?parent=4068"}],"wp:term":[{"taxonomy":"product_brand","embeddable":true,"href":"https:\/\/decepenlinea.uprm.edu\/index.php\/wp-json\/wp\/v2\/product_brand?post=4068"},{"taxonomy":"product_cat","embeddable":true,"href":"https:\/\/decepenlinea.uprm.edu\/index.php\/wp-json\/wp\/v2\/product_cat?post=4068"},{"taxonomy":"product_tag","embeddable":true,"href":"https:\/\/decepenlinea.uprm.edu\/index.php\/wp-json\/wp\/v2\/product_tag?post=4068"}],"curies":[{"name":"wp","href":"https:\/\/api.w.org\/{rel}","templated":true}]}}