{"id":40149,"date":"2023-12-08T14:51:46","date_gmt":"2023-12-08T18:51:46","guid":{"rendered":"https:\/\/decepenlinea.uprm.edu\/?post_type=product&#038;p=40149"},"modified":"2025-08-26T11:29:20","modified_gmt":"2025-08-26T15:29:20","slug":"contrato-de-alquiler-de-salon-de-alta-tecnologia-2","status":"publish","type":"product","link":"https:\/\/decepenlinea.uprm.edu\/index.php\/product\/contrato-de-alquiler-de-salon-de-alta-tecnologia-2\/","title":{"rendered":"CONTRATO DE ALQUILER DE SAL\u00d3N DE ALTA TECNOLOG\u00cdA"},"content":{"rendered":"<p><strong>CONTRATO DE ALQUILER DE SAL\u00d3N DE ALTA TECNOLOG\u00cdA<\/strong><\/p>\n<p><strong>Partes<\/strong>:<\/p>\n<p>&nbsp;<\/p>\n<p>Arrendador: Centro de Recursos para la Educaci\u00f3n a Distancia (CREAD) de la UPRM<\/p>\n<p>Arrendatario: Rosaly Correa<\/p>\n<p>&nbsp;<\/p>\n<p>Fecha de Inicio: viernes, 26 de enero de 2023<\/p>\n<p>Fecha de T\u00e9rmino: viernes, 26 de enero de 2023<\/p>\n<p>&nbsp;<\/p>\n<p><strong>Servicios Incluidos:<\/strong><\/p>\n<p>&nbsp;<\/p>\n<ol start=\"3\">\n<li>Uso del Sal\u00f3n: El arrendatario tiene el derecho de utilizar el sal\u00f3n de alta tecnolog\u00eda ubicado en el edificio Efra\u00edn S\u00e1nchez Hidalgo, sal\u00f3n 204 ubicado en el Recinto de Mayag\u00fcez de la Universidad de Puerto Rico, durante el per\u00edodo de alquiler especificado anteriormente.<\/li>\n<li>Equipamiento Tecnol\u00f3gico: El arrendatario puede utilizar estos equipos durante el per\u00edodo de alquiler. El sal\u00f3n est\u00e1 equipado con las siguientes tecnolog\u00edas:\n<ul>\n<li>Computadora de escritorio para profesor<\/li>\n<li>Pantalla computadora t\u00e1ctil para presentar<\/li>\n<li>Pantalla computadora movible<\/li>\n<li>Pantalla para ver estudiantes los cuales est\u00e9n conectados a distancia<\/li>\n<li>Sistema de c\u00e1maras y micr\u00f3fonos para estudiantes a distancia<\/li>\n<\/ul>\n<\/li>\n<li>Conexi\u00f3n a Internet: Se proporcionar\u00e1 acceso a Internet (wifi) de alta velocidad.<\/li>\n<li>Mobiliario: El sal\u00f3n se suministrar\u00e1 con mesas, sillas y mobiliario necesario para llevar a cabo las actividades planificadas. Sal\u00f3n cuenta con:<\/li>\n<li>12 mesas<\/li>\n<li>24 sillas<\/li>\n<li>1 podio<\/li>\n<li>Escritorio para profesor<\/li>\n<li>Silla para profesor<\/li>\n<\/ol>\n<p><strong>\u00a0<\/strong><\/p>\n<p><strong>Reglas de Uso del Sal\u00f3n:<\/strong><\/p>\n<p>&nbsp;<\/p>\n<ol>\n<li>Horario: El arrendatario debe respetar el horario de alquiler acordado. Cualquier tiempo adicional de uso del sal\u00f3n debe ser previamente acordado con el arrendador y puede estar sujeto a cargos adicionales.<\/li>\n<\/ol>\n<p>&nbsp;<\/p>\n<ol start=\"2\">\n<li>Mantenimiento: El arrendatario se compromete a mantener el sal\u00f3n en buenas condiciones durante el per\u00edodo de alquiler y a dejarlo en el mismo estado en que lo encontr\u00f3. Cualquier da\u00f1o causado ser\u00e1 responsabilidad del arrendatario.<\/li>\n<\/ol>\n<p>&nbsp;<\/p>\n<ol start=\"3\">\n<li>Seguridad: El arrendatario es responsable de la seguridad de las personas y equipos en el sal\u00f3n durante el per\u00edodo de alquiler. Se deben seguir todas las regulaciones de seguridad y normas de prevenci\u00f3n de incendios.<\/li>\n<\/ol>\n<p>&nbsp;<\/p>\n<ol start=\"4\">\n<li>Ruido: El arrendatario debe mantener un nivel de ruido razonable y respetar a otros inquilinos o residentes en el edificio.<\/li>\n<\/ol>\n<p>&nbsp;<\/p>\n<ol start=\"5\">\n<li>Prohibiciones: Est\u00e1 prohibido fumar, consumir alcohol o drogas ilegales en el sal\u00f3n. Tambi\u00e9n est\u00e1 prohibido llevar a cabo actividades ilegales o que infrinjan las leyes locales.<\/li>\n<\/ol>\n<p>&nbsp;<\/p>\n<ol start=\"6\">\n<li>Cancelaci\u00f3n: En caso de cancelaci\u00f3n por parte del arrendatario, se aplicar\u00e1n pol\u00edticas de reembolso o cargos por cancelaci\u00f3n seg\u00fan lo acordado en el contrato.<\/li>\n<\/ol>\n<p>&nbsp;<\/p>\n<p><strong>Tarifas y Pago:<\/strong><\/p>\n<p>&nbsp;<\/p>\n<p>El arrendatario acuerda pagar la tarifa de alquiler seg\u00fan lo acordado en el contrato de alquiler. El pago debe realizarse antes del inicio del per\u00edodo de alquiler.<\/p>\n<p>&nbsp;<\/p>\n<p>$80.00 por d\u00eda<\/p>\n<p>1 Viernes = $80.00<\/p>\n","protected":false},"excerpt":{"rendered":"<p>$80.00 por d\u00eda<\/p>\n<p>1 viernes = $80.00<\/p>\n","protected":false},"featured_media":37202,"comment_status":"closed","ping_status":"closed","template":"","meta":{"_links_to":"","_links_to_target":""},"product_brand":[],"product_cat":[11147,254],"product_tag":[],"class_list":{"0":"post-40149","1":"product","2":"type-product","3":"status-publish","4":"has-post-thumbnail","6":"product_cat-cursos2025","7":"product_cat-upr-mayaguez","9":"first","10":"outofstock","11":"downloadable","12":"virtual","13":"sold-individually","14":"purchasable","15":"product-type-simple"},"_links":{"self":[{"href":"https:\/\/decepenlinea.uprm.edu\/index.php\/wp-json\/wp\/v2\/product\/40149","targetHints":{"allow":["GET"]}}],"collection":[{"href":"https:\/\/decepenlinea.uprm.edu\/index.php\/wp-json\/wp\/v2\/product"}],"about":[{"href":"https:\/\/decepenlinea.uprm.edu\/index.php\/wp-json\/wp\/v2\/types\/product"}],"replies":[{"embeddable":true,"href":"https:\/\/decepenlinea.uprm.edu\/index.php\/wp-json\/wp\/v2\/comments?post=40149"}],"wp:featuredmedia":[{"embeddable":true,"href":"https:\/\/decepenlinea.uprm.edu\/index.php\/wp-json\/wp\/v2\/media\/37202"}],"wp:attachment":[{"href":"https:\/\/decepenlinea.uprm.edu\/index.php\/wp-json\/wp\/v2\/media?parent=40149"}],"wp:term":[{"taxonomy":"product_brand","embeddable":true,"href":"https:\/\/decepenlinea.uprm.edu\/index.php\/wp-json\/wp\/v2\/product_brand?post=40149"},{"taxonomy":"product_cat","embeddable":true,"href":"https:\/\/decepenlinea.uprm.edu\/index.php\/wp-json\/wp\/v2\/product_cat?post=40149"},{"taxonomy":"product_tag","embeddable":true,"href":"https:\/\/decepenlinea.uprm.edu\/index.php\/wp-json\/wp\/v2\/product_tag?post=40149"}],"curies":[{"name":"wp","href":"https:\/\/api.w.org\/{rel}","templated":true}]}}