{"id":40108,"date":"2023-12-05T15:42:02","date_gmt":"2023-12-05T19:42:02","guid":{"rendered":"https:\/\/decepenlinea.uprm.edu\/?post_type=product&#038;p=40108"},"modified":"2025-08-26T11:29:20","modified_gmt":"2025-08-26T15:29:20","slug":"certificacion-en-microsoft-office","status":"publish","type":"product","link":"https:\/\/decepenlinea.uprm.edu\/index.php\/product\/certificacion-en-microsoft-office\/","title":{"rendered":"Certificaci\u00f3n en Microsoft Office"},"content":{"rendered":"<div>\n<p>\u00bfEst\u00e1s listo para potenciar tus habilidades en Microsoft Office y destacarte en el mundo laboral y acad\u00e9mico? Te presentamos nuestra Certificaci\u00f3n de Microsoft Office, una oportunidad \u00fanica para adquirir un dominio completo de las herramientas esenciales de Microsoft: PowerPoint, Word, y Excel en sus niveles B\u00e1sico, Intermedio y Avanzado. Adem\u00e1s, aprender\u00e1s a utilizar Microsoft Teams para potenciar la colaboraci\u00f3n y la productividad en entornos de trabajo remoto.<\/p>\n<\/div>\n<p>Y lo m\u00e1s significativo e impresionante de esta certificaci\u00f3n es su modalidad completamente a distancia. Podr\u00e1s tomar los cursos desde cualquier parte del mundo, a tu propio ritmo, brind\u00e1ndote la oportunidad \u00fanica de certificarte y crecer profesionalmente sin necesidad de interrumpir tu vida o tus tareas diarias al evitar desplazamientos a lugares presenciales. Adem\u00e1s, te ofrece la flexibilidad de conectarte y realizar los cursos en el momento que tengas disponible y desees, ya que son completamente asincr\u00f3nicos. No tendr\u00e1s que ajustarte a una hora espec\u00edfica para realizar las tareas, permiti\u00e9ndote adaptar el aprendizaje a tu horario y ritmo de vida. \u00a1Esta es tu oportunidad de impulsar tu carrera desde la comodidad de tu hogar!<\/p>\n<div>\n<p><b>Esta certificaci\u00f3n requiere que el participante pase por el proceso riguroso de certificarse en los siguientes cursos:\u00a0<\/b><\/p>\n<p>1. <a href=\"https:\/\/decepenlinea.uprm.edu\/index.php\/product\/introduccion-a-microsoft-power-point-12\/\">Microsoft PowerPoint<\/a>: Instructor: CREAD\/ Acceso al curso de forma inmediata luego de realizar su reservaci\u00f3n y hasta el 12 de diciembre de 2025 \/ curso autodirigido de 15 horas contacto. *no tiene pre requisitos*<\/p>\n<p>Este curso te ense\u00f1ar\u00e1 a crear presentaciones impactantes con PowerPoint. Aprender\u00e1s a dise\u00f1ar diapositivas efectivas, incorporar animaciones y mejorar tus habilidades de comunicaci\u00f3n visual. Es ideal para estudiantes, educadores, profesionales y emprendedores que desean mejorar su capacidad de presentaci\u00f3n.<\/p>\n<p>2. <a href=\"https:\/\/decepenlinea.uprm.edu\/index.php\/product\/introduccion-a-microsoft-word-v2025\/\">Microsoft Word<\/a>: Instructor: CREAD\/ Acceso al curso de forma inmediata luego de realizar su reservaci\u00f3n y hasta el 12 de diciembre de 2025 \/ curso autodirigido de 15 horas contacto. *no tiene pre requisitos*<\/p>\n<p>Convi\u00e9rtete en un experto en el procesador de textos m\u00e1s utilizado en el mundo. Aprende a crear, editar e imprimir documentos de manera eficiente y profesional. Este curso es esencial tanto para tu vida acad\u00e9mica como profesional.<\/p>\n<p>3. <a href=\"https:\/\/decepenlinea.uprm.edu\/index.php\/product\/microsoft-teams-14\/\">Microsoft Teams<\/a>: Instructor: CREAD\/ Acceso al curso de forma inmediata luego de realizar su reservaci\u00f3n y hasta el 12 de diciembre de 2025\/ curso autodirigido de 6 horas contacto. *no tiene pre requisitos*<\/p>\n<p>Descubre c\u00f3mo aprovechar al m\u00e1ximo Microsoft Teams para la colaboraci\u00f3n en l\u00ednea y la comunicaci\u00f3n efectiva. Este curso es esencial para profesionales que trabajan en entornos remotos y desean optimizar su productividad.<\/p>\n<p>4. <a href=\"https:\/\/decepenlinea.uprm.edu\/index.php\/product\/microsoft-excel-basico-6\/\">Microsoft Excel B\u00e1sico<\/a>: Curso comienza el 20 de agosto y culmina el 24 de septiembre de 2025\/ curso moderado y asincr\u00f3nico de 15 horas contacto. *no tiene pre requisitos*<\/p>\n<p>Descubre el poder de Excel desde cero. Aprende a trabajar con hojas de c\u00e1lculo, f\u00f3rmulas y funciones b\u00e1sicas. Este curso te proporcionar\u00e1 las habilidades necesarias para manejar datos y realizar c\u00e1lculos efectivos en el entorno laboral.<\/p>\n<p>5. <a href=\"https:\/\/decepenlinea.uprm.edu\/index.php\/product\/microsoft-excel-intermedio-5\/\">Microsoft Excel Intermedio<\/a>: Curso comienza el 25 de septiembre y culmina el 30 de octubre de 2025 \/ curso moderado y asincr\u00f3nico de 15 horas contacto. *pre requisito: Microsoft Excel B\u00e1sico*<\/p>\n<p>Avanza en tu dominio de Excel. Aprende a utilizar f\u00f3rmulas avanzadas, funciones espec\u00edficas, tablas din\u00e1micas y m\u00e1s. Este curso es un paso esencial en tu camino hacia la maestr\u00eda en el manejo de datos.<\/p>\n<p>6. <a href=\"https:\/\/decepenlinea.uprm.edu\/index.php\/product\/excel-avanzado-para-empresas-9\/\">Microsoft Excel Avanzado<\/a>: Curso comienza el 4 de noviembre y culmina el 9 de diciembre de 2025 \/ curso moderado y asincr\u00f3nico de 15 horas contacto. *pre requisito: Microsoft Excel Avanzado*<\/p>\n<p>Domina Excel para aplicaciones empresariales. Aprender\u00e1s a utilizar funciones de b\u00fasqueda, tablas pivote, formato condicional y mucho m\u00e1s. Este curso es fundamental para aquellos que desean utilizar Excel como una herramienta estrat\u00e9gica en el mundo empresarial.<\/p>\n<p><b>*Para una descripci\u00f3n m\u00e1s detallada de cada curso puede visitar cada producto de manera individual.*<\/b><\/p>\n<p><b>Modalidad de los cursos:<\/b><\/p>\n<p>Nuestros cursos ofrecen flexibilidad total. Puedes estudiar en tu propio tiempo y desde cualquier lugar, adaptando el aprendizaje a tu ritmo y agenda. Contamos con dos modalidades: autodirigida y moderada. Ambas ofrecen una experiencia de aprendizaje efectiva y accesible.<\/p>\n<p><b>Certificaci\u00f3n:<\/b><\/p>\n<p>Al completar cada curso con \u00e9xito y alcanzar la puntuaci\u00f3n m\u00ednima requerida, recibir\u00e1s un certificado digital que valida tus habilidades en Microsoft Office. Estos certificados son reconocidos y valorados en el mercado laboral y acad\u00e9mico. En conjunto, el participante culmina el proceso con 6 cursos certificados y una certificaci\u00f3n de especialidad (7 certificados en total) con la equivalencia de 81 horas de capacitaci\u00f3n en el tema.<\/p>\n<p><b>C\u00f3mo inscribirte:<\/b><\/p>\n<p>1. Coloca los cursos deseados en tu carrito de compras.<br \/>\n2. Crea una cuenta proporcionando tu nombre, apellido y correo electr\u00f3nico.<br \/>\n3. Realiza el pago de manera segura con tu tarjeta de cr\u00e9dito (American Express, Visa o MasterCard).<br \/>\n4. Una vez inscrito, tendr\u00e1s acceso inmediato al Sistema de Gerencia de Aprendizaje (SGA) y podr\u00e1s comenzar tu aprendizaje.<\/p>\n<p><b>** En esta \u00e1rea estar\u00eda pagando por los 6 cursos en bloque.\u00a0 Una vez pases por el proceso de pago tendr\u00e1s acceso de inmediato al Sistema de Gerencia de Aprendizaje de la clase, pero no tendr\u00e1s acceso al contenido hasta la fecha de comienzo de cada curso.**<\/b><\/p>\n<\/div>\n<div>\n<p><font color=\"#FF0000\"><b>INFORMACI\u00d3N IMPORTANTE:\u00a0<\/b><\/font><\/p>\n<ul>\n<li>Esta certificaci\u00f3n fue dise\u00f1ada con las estructura m\u00e1s flexible posible manteniendo su efectividad.<\/li>\n<\/ul>\n<\/div>\n<ul>\n<li>Queremos asegurarte que nuestra Certificaci\u00f3n de Microsoft Office est\u00e1 dise\u00f1ada para adaptarse a tus necesidades y ritmo de aprendizaje.<\/li>\n<li><b>Los cursos de Microsoft PowerPoint, Microsoft Word y Microsoft Teams<\/b> en esta certificaci\u00f3n son autodirigidos, lo que significa que puedes tomarlos a tu propio paso, no tienen requisitos previos y pueden ser tomados en el orden que prefieras. Una vez te matricules, recibir\u00e1s un correo electr\u00f3nico por parte de la Oficina de Educaci\u00f3n a Distancia para que selecciones los cursos que deseas acceder en el semestre actual y aquellos que planeas tomar en el pr\u00f3ximo semestre.\u00a0 <i>Por ejemplo:<\/i> Puedes pedir acceso de inmediato a los tres cursos o si deseas puedes pedir acceso en el semestre corriente solo a uno o dos cursos, y el siguiente semestre tomas el que te falta. Esta flexibilidad te brinda la opci\u00f3n de decidir cu\u00e1ntos cursos deseas cursar en cada semestre, ya sea dos, tres o m\u00e1s, adapt\u00e1ndolos a tu disponibilidad y comodidad. Nuestro objetivo es que obtengas el m\u00e1ximo beneficio de tu certificaci\u00f3n mientras te ajustas a tu propio horario y ritmo de estudio.<\/li>\n<li>Por otro lado, los cursos de <b>Microsoft Excel en sus niveles B\u00e1sico, Intermedio y Avanzado<\/b> tienen requisitos previos, ya que cada nivel se basa en el anterior. Adem\u00e1s, estos cursos est\u00e1n programados de manera moderada, lo que significa que se abrir\u00e1 una lecci\u00f3n por semana y tienen fechas de inicio y finalizaci\u00f3n establecidas. Estos tres cursos deber\u00e1s completarlos en orden, comenzando con el nivel B\u00e1sico, luego el Intermedio y finalmente el Avanzado. Esta secuencia garantiza una adquisici\u00f3n progresiva y efectiva de las habilidades necesarias.<\/li>\n<\/ul>\n<p>&nbsp;<\/p>\n","protected":false},"excerpt":{"rendered":"<p><b>Horas Contacto: 81<\/b><\/p>\n<p>&nbsp;<\/p>\n","protected":false},"featured_media":40139,"comment_status":"closed","ping_status":"closed","template":"","meta":{"_links_to":"","_links_to_target":""},"product_brand":[],"product_cat":[17,11147],"product_tag":[],"class_list":{"0":"post-40108","1":"product","2":"type-product","3":"status-publish","4":"has-post-thumbnail","6":"product_cat-uncategorized","7":"product_cat-cursos2025","9":"first","10":"instock","11":"sale","12":"shipping-taxable","13":"purchasable","14":"product-type-simple"},"_links":{"self":[{"href":"https:\/\/decepenlinea.uprm.edu\/index.php\/wp-json\/wp\/v2\/product\/40108","targetHints":{"allow":["GET"]}}],"collection":[{"href":"https:\/\/decepenlinea.uprm.edu\/index.php\/wp-json\/wp\/v2\/product"}],"about":[{"href":"https:\/\/decepenlinea.uprm.edu\/index.php\/wp-json\/wp\/v2\/types\/product"}],"replies":[{"embeddable":true,"href":"https:\/\/decepenlinea.uprm.edu\/index.php\/wp-json\/wp\/v2\/comments?post=40108"}],"wp:featuredmedia":[{"embeddable":true,"href":"https:\/\/decepenlinea.uprm.edu\/index.php\/wp-json\/wp\/v2\/media\/40139"}],"wp:attachment":[{"href":"https:\/\/decepenlinea.uprm.edu\/index.php\/wp-json\/wp\/v2\/media?parent=40108"}],"wp:term":[{"taxonomy":"product_brand","embeddable":true,"href":"https:\/\/decepenlinea.uprm.edu\/index.php\/wp-json\/wp\/v2\/product_brand?post=40108"},{"taxonomy":"product_cat","embeddable":true,"href":"https:\/\/decepenlinea.uprm.edu\/index.php\/wp-json\/wp\/v2\/product_cat?post=40108"},{"taxonomy":"product_tag","embeddable":true,"href":"https:\/\/decepenlinea.uprm.edu\/index.php\/wp-json\/wp\/v2\/product_tag?post=40108"}],"curies":[{"name":"wp","href":"https:\/\/api.w.org\/{rel}","templated":true}]}}