{"id":3949,"date":"2019-12-10T10:19:59","date_gmt":"2019-12-10T14:19:59","guid":{"rendered":"https:\/\/decepenlinea.uprm.edu\/?post_type=product&#038;p=3949"},"modified":"2020-05-15T12:51:20","modified_gmt":"2020-05-15T16:51:20","slug":"seminario-en-linea-la-educacion-en-la-era-inteligencia-artificial","status":"publish","type":"product","link":"https:\/\/decepenlinea.uprm.edu\/index.php\/product\/seminario-en-linea-la-educacion-en-la-era-inteligencia-artificial\/","title":{"rendered":"Seminario en l\u00ednea: La Educaci\u00f3n en la Era de la Inteligencia Artificial"},"content":{"rendered":"<p>La inteligencia artificial, en conjunto con los adelantos en Big Data y Machine Learning, sustituir\u00e1 muchos de los trabajos que hacemos hoy d\u00eda. \u00bfC\u00f3mo afectar\u00e1 esto a los educadores y a las instituciones educativas?, \u00bfCu\u00e1l ser\u00e1 la funci\u00f3n de los educadores en los a\u00f1os venideros frente a estos avances tecnol\u00f3gicos?, \u00bfHay algo que puedan hacer las instituciones educativas para mantenerse pertinentes en la era de la inteligencia artificial?<\/p>\n<p>Estos y otros temas relacionados se discutir\u00e1n en este seminario por video conferencia participativa (webinar). Incluye certificado de educaci\u00f3n continua por 1.5 horas contacto. El mismo ser\u00e1 un certificado de participaci\u00f3n en formato digital. * Se someter\u00e1 para horas de \u00e9tica gubernamental y horas del CEP*<\/p>\n","protected":false},"excerpt":{"rendered":"<p><strong>Recurso:<\/strong> Dr. Jos\u00e9 R. Ferrer<\/p>\n<p><strong>Horario:<\/strong> Live &#8211; 6:00 pm &#8211; 7:30 PM<\/p>\n<p><b>Matricula:<\/b> Hasta el 13 de mayo de 2020<\/p>\n<p><b>Fecha:<\/b>\u00a0 14 de mayo de 2020<\/p>\n<p><strong>Equivalencia de horas contacto:<\/strong> 1.5<\/p>\n<p><strong>Espacios:<\/strong>\u00a025<\/p>\n","protected":false},"featured_media":3947,"comment_status":"closed","ping_status":"closed","template":"","meta":{"_links_to":"","_links_to_target":""},"product_brand":[],"product_cat":[254],"product_tag":[],"class_list":{"0":"post-3949","1":"product","2":"type-product","3":"status-publish","4":"has-post-thumbnail","6":"product_cat-upr-mayaguez","8":"first","9":"outofstock","10":"downloadable","11":"virtual","12":"purchasable","13":"product-type-simple"},"_links":{"self":[{"href":"https:\/\/decepenlinea.uprm.edu\/index.php\/wp-json\/wp\/v2\/product\/3949","targetHints":{"allow":["GET"]}}],"collection":[{"href":"https:\/\/decepenlinea.uprm.edu\/index.php\/wp-json\/wp\/v2\/product"}],"about":[{"href":"https:\/\/decepenlinea.uprm.edu\/index.php\/wp-json\/wp\/v2\/types\/product"}],"replies":[{"embeddable":true,"href":"https:\/\/decepenlinea.uprm.edu\/index.php\/wp-json\/wp\/v2\/comments?post=3949"}],"wp:featuredmedia":[{"embeddable":true,"href":"https:\/\/decepenlinea.uprm.edu\/index.php\/wp-json\/wp\/v2\/media\/3947"}],"wp:attachment":[{"href":"https:\/\/decepenlinea.uprm.edu\/index.php\/wp-json\/wp\/v2\/media?parent=3949"}],"wp:term":[{"taxonomy":"product_brand","embeddable":true,"href":"https:\/\/decepenlinea.uprm.edu\/index.php\/wp-json\/wp\/v2\/product_brand?post=3949"},{"taxonomy":"product_cat","embeddable":true,"href":"https:\/\/decepenlinea.uprm.edu\/index.php\/wp-json\/wp\/v2\/product_cat?post=3949"},{"taxonomy":"product_tag","embeddable":true,"href":"https:\/\/decepenlinea.uprm.edu\/index.php\/wp-json\/wp\/v2\/product_tag?post=3949"}],"curies":[{"name":"wp","href":"https:\/\/api.w.org\/{rel}","templated":true}]}}