{"id":3948,"date":"2019-12-10T10:18:46","date_gmt":"2019-12-10T14:18:46","guid":{"rendered":"https:\/\/decepenlinea.uprm.edu\/?post_type=product&#038;p=3948"},"modified":"2020-04-16T10:29:01","modified_gmt":"2020-04-16T14:29:01","slug":"seminario-en-linea-como-publicar-libros-digitales-y-en-papel-a-traves-de-amazon","status":"publish","type":"product","link":"https:\/\/decepenlinea.uprm.edu\/index.php\/product\/seminario-en-linea-como-publicar-libros-digitales-y-en-papel-a-traves-de-amazon\/","title":{"rendered":"Seminario en l\u00ednea: \u00bfC\u00f3mo publicar libros digitales y en papel a trav\u00e9s de Amazon?"},"content":{"rendered":"<p>Aprende c\u00f3mo publicar t\u00fa libro a trav\u00e9s de las plataformas Amazon y Kindle. Conocer\u00e1s acerca de los formatos necesarios, como imprimir ecuaciones, im\u00e1genes, dise\u00f1ar tu portada, opciones de exclusividad de la casa publicadora, usar im\u00e1genes Creative Commons y mucho m\u00e1s. <\/p>\n<p>El taller ser\u00e1 ofrecido por el Dr. Jos\u00e9 R. Ferrer L\u00f3pez, quien ha publicado varios libros en estas plataformas y narrar\u00e1 sus experiencias y lecciones aprendidas. <\/p>\n<p>Se proveer\u00e1 un certificado de participaci\u00f3n en formato digital.<\/p>\n","protected":false},"excerpt":{"rendered":"<p><strong>Recurso:<\/strong> Dr. Jos\u00e9 R. Ferrer<\/p>\n<p><strong>Horario:<\/strong> Live &#8211; 10:30 am &#8211; 12:00 M<\/p>\n<p><b>Matricula:<\/b> Hasta el 15 de abril de 2020<\/p>\n<p><b>Fecha:<\/b>\u00a0 16 de abril de 2020<\/p>\n<p><strong>Equivalencia de horas contacto:<\/strong> 1.5<\/p>\n<p><strong>Espacios:<\/strong>\u00a015<\/p>\n","protected":false},"featured_media":3947,"comment_status":"closed","ping_status":"closed","template":"","meta":{"_links_to":"","_links_to_target":""},"product_brand":[],"product_cat":[254],"product_tag":[],"class_list":{"0":"post-3948","1":"product","2":"type-product","3":"status-publish","4":"has-post-thumbnail","6":"product_cat-upr-mayaguez","8":"first","9":"outofstock","10":"downloadable","11":"virtual","12":"purchasable","13":"product-type-simple"},"_links":{"self":[{"href":"https:\/\/decepenlinea.uprm.edu\/index.php\/wp-json\/wp\/v2\/product\/3948","targetHints":{"allow":["GET"]}}],"collection":[{"href":"https:\/\/decepenlinea.uprm.edu\/index.php\/wp-json\/wp\/v2\/product"}],"about":[{"href":"https:\/\/decepenlinea.uprm.edu\/index.php\/wp-json\/wp\/v2\/types\/product"}],"replies":[{"embeddable":true,"href":"https:\/\/decepenlinea.uprm.edu\/index.php\/wp-json\/wp\/v2\/comments?post=3948"}],"wp:featuredmedia":[{"embeddable":true,"href":"https:\/\/decepenlinea.uprm.edu\/index.php\/wp-json\/wp\/v2\/media\/3947"}],"wp:attachment":[{"href":"https:\/\/decepenlinea.uprm.edu\/index.php\/wp-json\/wp\/v2\/media?parent=3948"}],"wp:term":[{"taxonomy":"product_brand","embeddable":true,"href":"https:\/\/decepenlinea.uprm.edu\/index.php\/wp-json\/wp\/v2\/product_brand?post=3948"},{"taxonomy":"product_cat","embeddable":true,"href":"https:\/\/decepenlinea.uprm.edu\/index.php\/wp-json\/wp\/v2\/product_cat?post=3948"},{"taxonomy":"product_tag","embeddable":true,"href":"https:\/\/decepenlinea.uprm.edu\/index.php\/wp-json\/wp\/v2\/product_tag?post=3948"}],"curies":[{"name":"wp","href":"https:\/\/api.w.org\/{rel}","templated":true}]}}