{"id":3943,"date":"2019-12-10T10:03:12","date_gmt":"2019-12-10T14:03:12","guid":{"rendered":"https:\/\/decepenlinea.uprm.edu\/?post_type=product&#038;p=3943"},"modified":"2022-01-25T18:26:53","modified_gmt":"2022-01-25T22:26:53","slug":"excel-completo-basico-intermedio-y-avanzado-para-empresas","status":"publish","type":"product","link":"https:\/\/decepenlinea.uprm.edu\/index.php\/product\/excel-completo-basico-intermedio-y-avanzado-para-empresas\/","title":{"rendered":"Excel Completo (B\u00e1sico, Intermedio y Avanzado para Empresas)"},"content":{"rendered":"<p>En este curso el estudiantes adquiere los conceptos avanzados del uso del programa Microsoft Excel con prop\u00f3sitos empresariales. Se incluyen temas desde la validaci\u00f3n de datos, formulas de b\u00fasqueda, s\u00faper formulas, funciones de decisi\u00f3n, tablas pivote hasta formato condicional.<\/p>\n","protected":false},"excerpt":{"rendered":"<p>En este curso el estudiantes adquiere los conceptos avanzados del uso del programa Microsoft Excel con prop\u00f3sitos empresariales. Se incluyen temas desde la validaci\u00f3n de datos, formulas de b\u00fasqueda, s\u00faper &#8230;<\/p>\n","protected":false},"featured_media":0,"comment_status":"closed","ping_status":"closed","template":"","meta":{"_links_to":"","_links_to_target":""},"product_brand":[],"product_cat":[17],"product_tag":[],"class_list":{"0":"post-3943","1":"product","2":"type-product","3":"status-publish","5":"product_cat-uncategorized","7":"first","8":"outofstock","9":"sale","10":"shipping-taxable","11":"purchasable","12":"product-type-simple"},"_links":{"self":[{"href":"https:\/\/decepenlinea.uprm.edu\/index.php\/wp-json\/wp\/v2\/product\/3943","targetHints":{"allow":["GET"]}}],"collection":[{"href":"https:\/\/decepenlinea.uprm.edu\/index.php\/wp-json\/wp\/v2\/product"}],"about":[{"href":"https:\/\/decepenlinea.uprm.edu\/index.php\/wp-json\/wp\/v2\/types\/product"}],"replies":[{"embeddable":true,"href":"https:\/\/decepenlinea.uprm.edu\/index.php\/wp-json\/wp\/v2\/comments?post=3943"}],"wp:attachment":[{"href":"https:\/\/decepenlinea.uprm.edu\/index.php\/wp-json\/wp\/v2\/media?parent=3943"}],"wp:term":[{"taxonomy":"product_brand","embeddable":true,"href":"https:\/\/decepenlinea.uprm.edu\/index.php\/wp-json\/wp\/v2\/product_brand?post=3943"},{"taxonomy":"product_cat","embeddable":true,"href":"https:\/\/decepenlinea.uprm.edu\/index.php\/wp-json\/wp\/v2\/product_cat?post=3943"},{"taxonomy":"product_tag","embeddable":true,"href":"https:\/\/decepenlinea.uprm.edu\/index.php\/wp-json\/wp\/v2\/product_tag?post=3943"}],"curies":[{"name":"wp","href":"https:\/\/api.w.org\/{rel}","templated":true}]}}