{"id":39287,"date":"2023-09-25T15:19:24","date_gmt":"2023-09-25T19:19:24","guid":{"rendered":"https:\/\/decepenlinea.uprm.edu\/?post_type=product&#038;p=39287"},"modified":"2023-09-25T22:01:26","modified_gmt":"2023-09-26T02:01:26","slug":"certificado-de-convalidacion-curso-pensamiento-de-diseno","status":"publish","type":"product","link":"https:\/\/decepenlinea.uprm.edu\/index.php\/product\/certificado-de-convalidacion-curso-pensamiento-de-diseno\/","title":{"rendered":"Certificado de convalidaci\u00f3n (Curso Pensamiento de Dise\u00f1o)"},"content":{"rendered":"<p>Curso: Pensamiento de Dise\u00f1o<\/p>\n<p>Profesora: Vera J. Santiago Mart\u00ednez<\/p>\n<p>Horas contacto: 24 horas<\/p>\n<p>Cantidad de participantes: 24<\/p>\n<p>Certificado de: Aprobaci\u00f3n<\/p>\n<p>Modalidad: Virtual por Microsoft Teams<\/p>\n<p>Fecha del curso: 3 al 31 de agosto de 2023<\/p>\n<p>Certificado de aprobaci\u00f3n por convalidaci\u00f3n de horas contacto correspondiente al curso de Pensamiento de Dise\u00f1o de los siguientes participantes:<\/p>\n<table width=\"376\">\n<tbody>\n<tr>\n<td width=\"40\">1<\/td>\n<td width=\"336\">AREIZA FRIERI PRISCILLA<\/td>\n<\/tr>\n<tr>\n<td>2<\/td>\n<td>BARRIOS ZABALETA VIVIANA MARCELA<\/td>\n<\/tr>\n<tr>\n<td>3<\/td>\n<td>CASSIANI RODRIGUEZ LUZ MERY<\/td>\n<\/tr>\n<tr>\n<td>4<\/td>\n<td>FANDI\u00d1O ARROYO KATIANA MARIA<\/td>\n<\/tr>\n<tr>\n<td>5<\/td>\n<td>GIL DE LOS RIOS CARLOS EDUARDO<\/td>\n<\/tr>\n<tr>\n<td>6<\/td>\n<td>GONZALEZ REINEMER MELANIE JOHANA<\/td>\n<\/tr>\n<tr>\n<td>7<\/td>\n<td>GUERRA RAMIREZ YESLIS ALICIA<\/td>\n<\/tr>\n<tr>\n<td>8<\/td>\n<td>IBARRA NEGRETTE DEIVI<\/td>\n<\/tr>\n<tr>\n<td>9<\/td>\n<td>LARA MENDOZA ANGELICA DEL CARMEN<\/td>\n<\/tr>\n<tr>\n<td>10<\/td>\n<td>LOPEZ URZOLA KARINE ANDREA<\/td>\n<\/tr>\n<tr>\n<td>11<\/td>\n<td>MARRUGO LLORENTE STEFANY DEL PILAR<\/td>\n<\/tr>\n<tr>\n<td>12<\/td>\n<td>MORENO ARTUZ VICTORIA MARGARITA<\/td>\n<\/tr>\n<tr>\n<td>13<\/td>\n<td>ORDO\u00d1EZ VILLAREAL ENRIQUE CARLOS<\/td>\n<\/tr>\n<tr>\n<td>14<\/td>\n<td>OSORIO LOPEZ WALTER DAVID<\/td>\n<\/tr>\n<tr>\n<td>15<\/td>\n<td>PEREZ ALCALA KATHRIN MARGARITA<\/td>\n<\/tr>\n<tr>\n<td>16<\/td>\n<td>PICO PICO ANGELICA ROSA<\/td>\n<\/tr>\n<tr>\n<td>17<\/td>\n<td>RODRIGUEZ JARABA CARLOS MANUEL<\/td>\n<\/tr>\n<tr>\n<td>18<\/td>\n<td>SAGRE HERNANDEZ FAUSTA ISABEL<\/td>\n<\/tr>\n<tr>\n<td>19<\/td>\n<td>SIERRA VEGA AMALIA TERESA<\/td>\n<\/tr>\n<tr>\n<td>20<\/td>\n<td>SILVA BOHORQUEZ ADOLFO<\/td>\n<\/tr>\n<tr>\n<td>21<\/td>\n<td>SILVA DE LA OSSA ANGELICA MARIA<\/td>\n<\/tr>\n<tr>\n<td>22<\/td>\n<td>SOLANO BECERRA FREDY RAUL<\/td>\n<\/tr>\n<tr>\n<td>23<\/td>\n<td>SUAREZ RODRIGUEZ INGRID ALEXANDRA<\/td>\n<\/tr>\n<tr>\n<td>24<\/td>\n<td>VASQUEZ BERDUGO OMAR DAVID<\/td>\n<\/tr>\n<\/tbody>\n<\/table>\n<p>Instrucciones para realizar tu pago:<\/p>\n<ol>\n<li>Coloca este art\u00edculo en el carrito de compras.<\/li>\n<li>Dir\u00edgete al bot\u00f3n titulado MI CUENTA, que est\u00e1 en la parte superior de esta p\u00e1gina.<\/li>\n<li>Presiona: No tienes una cuenta<\/li>\n<li>Crea tu cuenta colocando: Nombre, Apellido y Correo electr\u00f3nico<\/li>\n<li>Presiona: Registrarse<\/li>\n<li>Ve al carrito de compras<\/li>\n<li>Presiona: proceder a pagar<\/li>\n<li>Coloca la informaci\u00f3n de tu tarjeta American Express, Visa o MasterCard.<\/li>\n<li>Al finalizar, recibir\u00e1s un recibo de pago en el correo electr\u00f3nico con el que te registraste.<\/li>\n<\/ol>\n","protected":false},"excerpt":{"rendered":"<p>Aqu\u00ed pagar\u00e1s la convalidaci\u00f3n de horas contacto, correspondientes al curso de Pensamiento de Dise\u00f1o (certificado de aprobaci\u00f3n) de 24 participantes que aprobaron satisfactoriamente el curso.<\/p>\n<p>Instrucciones para realizar tu pago:<\/p>\n<ol>\n<li>Coloca este art\u00edculo en el carrito de compras.<\/li>\n<li>Dir\u00edgete al bot\u00f3n titulado MI CUENTA, que est\u00e1 en la parte superior de esta p\u00e1gina.<\/li>\n<li>Presiona: No tienes una cuenta<\/li>\n<li>Crea tu cuenta colocando: Nombre, Apellido y Correo electr\u00f3nico<\/li>\n<li>Presiona: Registrarse<\/li>\n<li>Ve al carrito de compras<\/li>\n<li>Presiona: proceder a pagar<\/li>\n<li>Coloca la informaci\u00f3n de tu tarjeta American Express, Visa o MasterCard.<\/li>\n<li>Al finalizar, recibir\u00e1s un recibo de pago en el correo electr\u00f3nico con el que te registraste.<\/li>\n<\/ol>\n","protected":false},"featured_media":3753,"comment_status":"closed","ping_status":"closed","template":"","meta":{"_links_to":"","_links_to_target":""},"product_brand":[],"product_cat":[17],"product_tag":[],"class_list":{"0":"post-39287","1":"product","2":"type-product","3":"status-publish","4":"has-post-thumbnail","6":"product_cat-uncategorized","8":"first","9":"outofstock","10":"virtual","11":"purchasable","12":"product-type-simple"},"_links":{"self":[{"href":"https:\/\/decepenlinea.uprm.edu\/index.php\/wp-json\/wp\/v2\/product\/39287","targetHints":{"allow":["GET"]}}],"collection":[{"href":"https:\/\/decepenlinea.uprm.edu\/index.php\/wp-json\/wp\/v2\/product"}],"about":[{"href":"https:\/\/decepenlinea.uprm.edu\/index.php\/wp-json\/wp\/v2\/types\/product"}],"replies":[{"embeddable":true,"href":"https:\/\/decepenlinea.uprm.edu\/index.php\/wp-json\/wp\/v2\/comments?post=39287"}],"wp:featuredmedia":[{"embeddable":true,"href":"https:\/\/decepenlinea.uprm.edu\/index.php\/wp-json\/wp\/v2\/media\/3753"}],"wp:attachment":[{"href":"https:\/\/decepenlinea.uprm.edu\/index.php\/wp-json\/wp\/v2\/media?parent=39287"}],"wp:term":[{"taxonomy":"product_brand","embeddable":true,"href":"https:\/\/decepenlinea.uprm.edu\/index.php\/wp-json\/wp\/v2\/product_brand?post=39287"},{"taxonomy":"product_cat","embeddable":true,"href":"https:\/\/decepenlinea.uprm.edu\/index.php\/wp-json\/wp\/v2\/product_cat?post=39287"},{"taxonomy":"product_tag","embeddable":true,"href":"https:\/\/decepenlinea.uprm.edu\/index.php\/wp-json\/wp\/v2\/product_tag?post=39287"}],"curies":[{"name":"wp","href":"https:\/\/api.w.org\/{rel}","templated":true}]}}