{"id":39268,"date":"2023-09-22T11:04:17","date_gmt":"2023-09-22T15:04:17","guid":{"rendered":"https:\/\/decepenlinea.uprm.edu\/?post_type=product&#038;p=39268"},"modified":"2024-01-16T15:14:42","modified_gmt":"2024-01-16T19:14:42","slug":"academia-de-programacion-cread-coding-school-plan-de-pago-miguel-f-rivera-sepulveda","status":"publish","type":"product","link":"https:\/\/decepenlinea.uprm.edu\/index.php\/product\/academia-de-programacion-cread-coding-school-plan-de-pago-miguel-f-rivera-sepulveda\/","title":{"rendered":"Academia de Programaci\u00f3n (CREAD Coding School) (Plan de pago Miguel F. Rivera Sep\u00falveda)"},"content":{"rendered":"<p>La Academia de Programaci\u00f3n: <i>CREAD Coding School,<\/i> es la escuela de programaci\u00f3n para personas que desean y se apasionan por comenzar a crecer dentro de la rama de la programaci\u00f3n en\u00a0 computadoras.\u00a0 La CREAD Coding School facilitar\u00e1 experiencias educativas en l\u00ednea, dirigidas a desarrollar destrezas en programaci\u00f3n y responder a las necesidades\u00a0 que van en aumento dentro de la econ\u00f3mica del conocimiento\u00a0 y el desarrollo de empresas basadas en servicios digitales.<\/p>\n<p>Esta certificaci\u00f3n requiere que el participante pase por el proceso riguroso de certificarse en los siguientes cursos:\u00a0 *cursos no tienen pre requisito uno del otro y pueden tomarse en cualquier orden*<\/p>\n<ol>\n<li><a href=\"https:\/\/decepenlinea.uprm.edu\/index.php\/product\/programado-para-el-manejo-de-proyectos-8\/\">Programado para Manejo de Proyectos<\/a>&#8211; Instructor: CREAD\/ Acceso al curso de forma inmediata luego de realizar su reservaci\u00f3n y hasta el 13 de diciembre de 2023 \/ curso autodirigido de 4 horas contacto.<\/li>\n<li><a href=\"https:\/\/decepenlinea.uprm.edu\/index.php\/product\/introduccion-al-desarrollo-de-software-con-python-3\/\">Introducci\u00f3n al Desarrollo de Software con Python<\/a>&#8211; Instructor: Prof. Navarro \/ Curso comienza el 18 de octubre y culmina el 5 de diciembre de 2023\/ curso moderado de 22.5 horas contacto.<\/li>\n<li><a href=\"https:\/\/decepenlinea.uprm.edu\/index.php\/product\/aprendiendo-html-creando-paginas-de-internet-4\/\">Aprendiendo HTML Creando P\u00e1ginas de Internet<\/a>&#8211; Instructor: Prof. Navarro \/ Curso comienza en el segundo semestre 2023-2024\/ curso moderado de 15 horas contacto.<\/li>\n<li><a href=\"https:\/\/decepenlinea.uprm.edu\/index.php\/product\/introduccion-a-la-logica-de-desarrollo-de-software-2\/\">Introducci\u00f3n a la L\u00f3gica de Desarrollo de Software<\/a>-Instructor: Prof. Navarro \/ Curso comienza en el segundo semestre 2023-2024\/ curso moderado de 15 horas contacto.<\/li>\n<li><a href=\"https:\/\/decepenlinea.uprm.edu\/index.php\/product\/programacion-y-creacion-de-aplicaciones-para-dispositivos-moviles-5\/\">Programaci\u00f3n y Creaci\u00f3n de Aplicaciones para Dispositivos M\u00f3viles<\/a>&#8211; Instructor: Prof. Su\u00e1rez \/ Curso comienza en el segundo semestre 2023-2024\/ curso moderado de 15 horas contacto.<\/li>\n<li><a href=\"https:\/\/decepenlinea.uprm.edu\/index.php\/product\/introduccion-a-la-programacion-con-scratch-4\/\">Introducci\u00f3n a la Programaci\u00f3n con Scratch<\/a>&#8211; Instructor: Prof. Navarro \/ Curso comienza el primer semestre 2024-2025\/ curso moderado de 15 horas contacto.<\/li>\n<\/ol>\n<p>Cursos dise\u00f1ados con el Modelo Multi Estrat\u00e9gico para la Ense\u00f1anza Efectiva en L\u00ednea. Se utiliza una estructura que facilita la participaci\u00f3n del estudiante. Las t\u00e9cnicas incluyen video aprendizaje, micro aprendizaje, aprendizaje social y aprendizaje m\u00f3vil. Las estrategias para facilitar todos los cursos son los 7 principios de la ense\u00f1anza efectiva, la ense\u00f1anza constructivista, la ense\u00f1anza basada en problemas y la ense\u00f1anza diferenciada.<\/p>\n<p>En conjunto, el participante culmina el proceso con 6 cursos certificados y una certificaci\u00f3n de especialidad (7 certificados en total) con la equivalencia de 86.5 horas de capacitaci\u00f3n en el tema.<\/p>\n<p>Se ofrece un certificado por cada curso completado con la puntuaci\u00f3n m\u00ednima de ejecuci\u00f3n.<\/p>\n<p>En esta \u00e1rea estar\u00eda pagando por los 6 cursos en bloque. Para una descripci\u00f3n m\u00e1s detallada de cada curso puede visitar cada producto de manera individual.<\/p>\n<p>Una vez pases por el proceso de pago tendr\u00e1s acceso de inmediato al Sistema de Gerencia de Aprendizaje de la clase, pero no tendr\u00e1s acceso al contenido hasta la fecha de comienzo de cada curso.<\/p>\n<p><strong>*El certificado del curso se enviar\u00e1 digital por correo electr\u00f3nico.<\/strong><\/p>\n<p>&nbsp;<\/p>\n","protected":false},"excerpt":{"rendered":"<p>Plan de pago:<\/p>\n<p>Primer plazo-22 de septiembre de 2023 ($116.25)-# recibo: 39269<\/p>\n<p>Segundo plazo-26 de octubre de 2023 ($116.25)-# recibo: 39609<\/p>\n<p>Tercero plazo-15 de noviembre de 2023 ($116.25)-# recibo: 39859<\/p>\n<p>Cuarto plazo-26 de diciembre de 2023 ($116.25)-# recibo: 40408<\/p>\n<p>&nbsp;<\/p>\n<p><b>Horas Contacto: 86.5<\/b><\/p>\n<p>&nbsp;<\/p>\n","protected":false},"featured_media":0,"comment_status":"closed","ping_status":"closed","template":"","meta":{"_links_to":"","_links_to_target":""},"product_brand":[],"product_cat":[259],"product_tag":[],"class_list":{"0":"post-39268","1":"product","2":"type-product","3":"status-publish","5":"product_cat-academia-de-programacion","7":"first","8":"outofstock","9":"downloadable","10":"virtual","11":"sold-individually","12":"purchasable","13":"product-type-simple"},"_links":{"self":[{"href":"https:\/\/decepenlinea.uprm.edu\/index.php\/wp-json\/wp\/v2\/product\/39268","targetHints":{"allow":["GET"]}}],"collection":[{"href":"https:\/\/decepenlinea.uprm.edu\/index.php\/wp-json\/wp\/v2\/product"}],"about":[{"href":"https:\/\/decepenlinea.uprm.edu\/index.php\/wp-json\/wp\/v2\/types\/product"}],"replies":[{"embeddable":true,"href":"https:\/\/decepenlinea.uprm.edu\/index.php\/wp-json\/wp\/v2\/comments?post=39268"}],"wp:attachment":[{"href":"https:\/\/decepenlinea.uprm.edu\/index.php\/wp-json\/wp\/v2\/media?parent=39268"}],"wp:term":[{"taxonomy":"product_brand","embeddable":true,"href":"https:\/\/decepenlinea.uprm.edu\/index.php\/wp-json\/wp\/v2\/product_brand?post=39268"},{"taxonomy":"product_cat","embeddable":true,"href":"https:\/\/decepenlinea.uprm.edu\/index.php\/wp-json\/wp\/v2\/product_cat?post=39268"},{"taxonomy":"product_tag","embeddable":true,"href":"https:\/\/decepenlinea.uprm.edu\/index.php\/wp-json\/wp\/v2\/product_tag?post=39268"}],"curies":[{"name":"wp","href":"https:\/\/api.w.org\/{rel}","templated":true}]}}