{"id":39017,"date":"2023-09-12T14:51:53","date_gmt":"2023-09-12T18:51:53","guid":{"rendered":"https:\/\/decepenlinea.uprm.edu\/?post_type=product&#038;p=39017"},"modified":"2023-09-14T07:19:50","modified_gmt":"2023-09-14T11:19:50","slug":"uso-y-manejo-de-la-plataforma-canva-descuento-de-empleados","status":"publish","type":"product","link":"https:\/\/decepenlinea.uprm.edu\/index.php\/product\/uso-y-manejo-de-la-plataforma-canva-descuento-de-empleados\/","title":{"rendered":"Uso y manejo de la plataforma Canva (Descuento de empleados)"},"content":{"rendered":"<p>\u00a1Bienvenidos al curso a distancia &#8220;Uso y Manejo de la Plataforma Canva&#8221;!<\/p>\n<p>En este curso, te sumergir\u00e1s en el fascinante mundo de Canva, una herramienta de dise\u00f1o gr\u00e1fico en l\u00ednea de gran versatilidad y utilidad. Aprender\u00e1s desde los conceptos b\u00e1sicos hasta t\u00e9cnicas avanzadas para crear dise\u00f1os profesionales de forma f\u00e1cil y r\u00e1pida.<\/p>\n<p>Comenzaremos con una introducci\u00f3n a Canva, explorando su funcionalidad y c\u00f3mo puedes sacarle el m\u00e1ximo provecho. Te familiarizar\u00e1s con la p\u00e1gina de inicio y aprender\u00e1s c\u00f3mo crear una cuenta gratuita para empezar a dise\u00f1ar de inmediato.<\/p>\n<p>A medida que avanzamos, descubrir\u00e1s las paletas de colores y sus variaciones, as\u00ed como los elementos de dise\u00f1o y tipograf\u00eda disponibles en la plataforma. Exploraremos diferentes tipos de archivos, como PNG, PDF y MP4, para que puedas utilizarlos en tus proyectos de manera efectiva.<\/p>\n<p>Adem\u00e1s, te adentrar\u00e1s en el mundo del mercadeo, recorriendo las plantillas disponibles en Canva para crear contenido atractivo y profesional. Tambi\u00e9n aprender\u00e1s a dise\u00f1ar decoraciones y tarjetas de negocio (Business Cards) con facilidad.<\/p>\n<p>Conocer\u00e1s Canva Teams, una opci\u00f3n para trabajar en equipo y colaborar de manera eficiente. Aprender\u00e1s c\u00f3mo aprovechar al m\u00e1ximo esta funci\u00f3n y explorar\u00e1s las caracter\u00edsticas de Canva Docs.<\/p>\n<p><b>Adem\u00e1s, te sumergir\u00e1s en las herramientas de Inteligencia Artificial de Canva y descubrir\u00e1s c\u00f3mo utilizarlas para agilizar tus dise\u00f1os.<\/b><\/p>\n<p>Por \u00faltimo, aprender\u00e1s c\u00f3mo generar ingresos a trav\u00e9s de Canva, descubriendo oportunidades para monetizar tus habilidades de dise\u00f1o.<\/p>\n<p>\u00a1No importa si eres principiante o si ya tienes experiencia en dise\u00f1o gr\u00e1fico, este curso te ayudar\u00e1 a dominar Canva y llevar tus creaciones al siguiente nivel! \u00a1\u00danete ahora y desata tu creatividad con Canva!<\/p>\n<p><strong>Modalidad del curso:<\/strong><\/p>\n<p>Este es un curso *moderado con estrategia sincr\u00f3nica y asincr\u00f3nica. Es un curso flexible ya que se puede participar en cualquier momento y desde cualquier lugar que te encuentres mientras dure el curso. Abre una lecci\u00f3n por semana y el estudiante puede realizarla dentro de las fechas de apertura y cierre.<\/p>\n<p>Una vez pases por el proceso de pago tendr\u00e1s acceso de inmediato al Sistema de Gerencia de Aprendizaje (SGA) de la clase para que te familiarices con su funcionamiento. Podr\u00e1s comenzar a ver el curso en tu \u00e1rea personal del SGA el d\u00eda estipulado para su comienzo.<\/p>\n<p>Se ofrece un certificado de aprobaci\u00f3n al haber completado el curso con la puntuaci\u00f3n m\u00ednima de ejecuci\u00f3n.<\/p>\n<p><strong>El certificado del curso se enviar\u00e1 digital por correo electr\u00f3nico<\/strong><strong>.<\/strong><\/p>\n<p>&nbsp;<\/p>\n<p><strong>*\u00bfQue son los c<\/strong><strong>ursos <\/strong><strong>m<\/strong><strong>oderados<\/strong><strong>?<\/strong><\/p>\n<p>Los cursos moderados son aquellos en el que el instructor lo facilita y tiene interacciones frecuentes con los participantes. La mayor\u00eda de estos cursos tienen fecha de apertura y cierre para cada lecci\u00f3n de la clase. Suele haber metodolog\u00eda de aprendizaje social en estos cursos. Puedes hacer preguntas al instructor y te estar\u00e1 respondiendo \u00a0en 72 horas laborables o menos. En los cursos moderados una vez pasas por el proceso de pago, tendr\u00e1s acceso al Sistema de Gerencia de Aprendizaje del curso, pero no al curso, hasta la fecha de comienzo de este.<\/p>\n<p>Instrucciones para realizar tu pago:<\/p>\n<ol>\n<li>Coloca este art\u00edculo en el carrito de compras.<\/li>\n<li>Dir\u00edgete al bot\u00f3n titulado MI CUENTA, que est\u00e1 en la parte superior de esta p\u00e1gina.<\/li>\n<li>Presiona: No tienes una cuenta<\/li>\n<li>Crea tu cuenta colocando: Nombre, Apellido y Correo electr\u00f3nico<\/li>\n<li>Presiona: Registrarse<\/li>\n<li>Ve al carrito de compras<\/li>\n<li>Presiona: proceder a pagar<\/li>\n<li>Coloca la informaci\u00f3n de tu tarjeta American Express, Visa o MasterCard.<\/li>\n<li>Al finalizar, recibir\u00e1s un recibo de pago en el correo electr\u00f3nico con el que te registraste.<\/li>\n<\/ol>\n<p>&nbsp;<\/p>\n<p>El siguiente tutorial explicar\u00e1 paso a paso c\u00f3mo hacer tu pago:<\/p>\n<p>&nbsp;<\/p>\n<p><iframe loading=\"lazy\" title=\"Video pago examen ingle\u0301s final\" width=\"800\" height=\"450\" src=\"https:\/\/www.youtube.com\/embed\/U_HDK7mLuGA?feature=oembed\" frameborder=\"0\" allow=\"accelerometer; autoplay; clipboard-write; encrypted-media; gyroscope; picture-in-picture; web-share\" allowfullscreen><\/iframe><\/p>\n<p>&nbsp;<\/p>\n<p>&nbsp;<\/p>\n<p>&nbsp;<\/p>\n","protected":false},"excerpt":{"rendered":"<p><strong>Horario:<\/strong> Curso en l\u00ednea &#8211; MODERADO por Prof. Carlos Jim\u00e9nez Cordero<\/p>\n<p><b>Fecha del curso:<\/b>\u00a0 20 de septiembre al 7 de noviembre de 2023<\/p>\n<p><b>Matr\u00edcula:<\/b>\u00a0 Puedes reservar espacio desde el este momento (mientras duren los espacios).<\/p>\n<p><strong>Equivalencia de horas contacto:<\/strong> 21<\/p>\n<p><strong>Espacios:<\/strong> 20<\/p>\n","protected":false},"featured_media":37202,"comment_status":"closed","ping_status":"closed","template":"","meta":{"_links_to":"","_links_to_target":""},"product_brand":[],"product_cat":[17],"product_tag":[],"class_list":{"0":"post-39017","1":"product","2":"type-product","3":"status-publish","4":"has-post-thumbnail","6":"product_cat-uncategorized","8":"first","9":"instock","10":"sold-individually","11":"shipping-taxable","12":"purchasable","13":"product-type-simple"},"_links":{"self":[{"href":"https:\/\/decepenlinea.uprm.edu\/index.php\/wp-json\/wp\/v2\/product\/39017","targetHints":{"allow":["GET"]}}],"collection":[{"href":"https:\/\/decepenlinea.uprm.edu\/index.php\/wp-json\/wp\/v2\/product"}],"about":[{"href":"https:\/\/decepenlinea.uprm.edu\/index.php\/wp-json\/wp\/v2\/types\/product"}],"replies":[{"embeddable":true,"href":"https:\/\/decepenlinea.uprm.edu\/index.php\/wp-json\/wp\/v2\/comments?post=39017"}],"wp:featuredmedia":[{"embeddable":true,"href":"https:\/\/decepenlinea.uprm.edu\/index.php\/wp-json\/wp\/v2\/media\/37202"}],"wp:attachment":[{"href":"https:\/\/decepenlinea.uprm.edu\/index.php\/wp-json\/wp\/v2\/media?parent=39017"}],"wp:term":[{"taxonomy":"product_brand","embeddable":true,"href":"https:\/\/decepenlinea.uprm.edu\/index.php\/wp-json\/wp\/v2\/product_brand?post=39017"},{"taxonomy":"product_cat","embeddable":true,"href":"https:\/\/decepenlinea.uprm.edu\/index.php\/wp-json\/wp\/v2\/product_cat?post=39017"},{"taxonomy":"product_tag","embeddable":true,"href":"https:\/\/decepenlinea.uprm.edu\/index.php\/wp-json\/wp\/v2\/product_tag?post=39017"}],"curies":[{"name":"wp","href":"https:\/\/api.w.org\/{rel}","templated":true}]}}