{"id":37320,"date":"2023-07-17T11:44:03","date_gmt":"2023-07-17T15:44:03","guid":{"rendered":"https:\/\/decepenlinea.uprm.edu\/?post_type=product&#038;p=37320"},"modified":"2025-08-26T11:29:21","modified_gmt":"2025-08-26T15:29:21","slug":"certificacion-de-gamificacion-del-aprendizaje-4","status":"publish","type":"product","link":"https:\/\/decepenlinea.uprm.edu\/index.php\/product\/certificacion-de-gamificacion-del-aprendizaje-4\/","title":{"rendered":"Certificaci\u00f3n de Gamificaci\u00f3n del Aprendizaje"},"content":{"rendered":"<p><span lang=\"es\">En el \u00e1mbito de la educaci\u00f3n es muy importante que los profesionales est\u00e9n al d\u00eda con las novedades que van apareciendo en el contexto educativo. Este curso te prepara para poder aplicar en el sal\u00f3n de manera profesional y efectiva, el aprendizaje a trav\u00e9s de la gamificaci\u00f3n.<\/span><span lang=\"es\">\u00a0\u00a0<\/span><span lang=\"es\">Tambi\u00e9n, puedes combinar el conocimiento y desarrollo de habilidades necesarias para aplicar la gamificaci\u00f3n en el proceso de ense\u00f1anza &#8211; aprendizaje. El curso en s\u00ed mismo est\u00e1 gamificado para que el estudiante tenga la experiencia en tiempo real. Hay una narrativa para ir avanzando en la aventura, con desbloqueo de niveles, adquisici\u00f3n de medallas e insignias, puntaje y <i>ranking<\/i> aparecer\u00e1 en la columna derecha de la pantalla. <\/span><span lang=\"es\">\u00a0<\/span><\/p>\n<p>Este es un curso autodirigido con estrategia asincr\u00f3nica donde el participante adquiere la informaci\u00f3n con video y micro aprendizaje. Es un curso flexible ya que se puede participar en cualquier momento y desde cualquier lugar mientras dure el curso. Se espera que el estudiante dedique 20 horas para completarlo.<\/p>\n<p>Este curso va dirigido a\u00a0todos los profesionales de la educaci\u00f3n; maestros, administrativos, profesores que deseen mantenerse actualizados en los nuevos modelos de ense\u00f1anza, y a todas aquellas personas interesadas en adquirir conocimientos relacionados con la gamificaci\u00f3n.<\/p>\n<p><strong>Modalidad del curso:<\/strong><\/p>\n<p>Este es un curso autodirigido, en modalidad asincr\u00f3nica que te ofrece una credencial con certificado de equivalencia de 20 horas contacto. Se utiliza una estructura que facilita la participaci\u00f3n del estudiante. Las t\u00e9cnicas incluyen video aprendizaje, micro aprendizaje, aprendizaje social y aprendizaje m\u00f3vil.\u00a0 Es un curso flexible ya que se puede participar en cualquier momento y desde cualquier lugar que te encuentres mientras dure el curso.<\/p>\n<p>Una vez pases por el proceso de pago tendr\u00e1s acceso de inmediato al Sistema de Gerencia de Aprendizaje de la clase, todas las lecciones se encontrar\u00e1n abiertas y podr\u00e1s realizar el curso a tu propio paso hasta la fecha de cierre establecida.<\/p>\n<p>Se ofrece un certificado de aprobaci\u00f3n al haber completado el curso con la puntuaci\u00f3n m\u00ednima de ejecuci\u00f3n.<\/p>\n<p><strong>*El certificado del curso se enviar\u00e1 digital por correo electr\u00f3nico.<\/strong><\/p>\n<p>&nbsp;<\/p>\n<p><strong>*\u00bfQu\u00e9 son los cursos autodirigidos?<\/strong><\/p>\n<p>Los cursos autodirigidos son aquellos con una metodolog\u00eda autodidacta. Por lo regular no tienen fecha de comienzo, pero si de cierre. No suele haber metodolog\u00eda de aprendizaje social en estos cursos. Puedes consumir los materiales educativos y participar de cada m\u00f3dulo a tu propio paso, siempre velando que hay una fecha de cierre para la que se espera concluya el curso. En los cursos autodirigidos una vez pasas por el proceso de pago, tendr\u00e1s acceso de inmediato al curso.<\/p>\n","protected":false},"excerpt":{"rendered":"<p><strong>Instructor:<\/strong> CREAD<\/p>\n<p><strong>Horario:<\/strong> Curso en l\u00ednea &#8211; AUTODIRIGIDO<\/p>\n<p><strong>Acceso al curso:<\/strong> Una vez pase por el proceso de pago, tendr\u00e1 acceso al curso de forma inmediata. Las pruebas y tareas cerrar\u00e1n el 13 de diciembre de 2023, pero tendr\u00e1 acceso a los materiales de forma indefinida.<\/p>\n<p><strong>Equivalencia de horas contacto:<\/strong> 20<\/p>\n<p><strong>Espacios:<\/strong>\u00a015<\/p>\n","protected":false},"featured_media":17874,"comment_status":"closed","ping_status":"closed","template":"","meta":{"_links_to":"","_links_to_target":""},"product_brand":[],"product_cat":[17,11147],"product_tag":[],"class_list":{"0":"post-37320","1":"product","2":"type-product","3":"status-publish","4":"has-post-thumbnail","6":"product_cat-uncategorized","7":"product_cat-cursos2025","9":"first","10":"outofstock","11":"sale","12":"downloadable","13":"virtual","14":"purchasable","15":"product-type-simple"},"_links":{"self":[{"href":"https:\/\/decepenlinea.uprm.edu\/index.php\/wp-json\/wp\/v2\/product\/37320","targetHints":{"allow":["GET"]}}],"collection":[{"href":"https:\/\/decepenlinea.uprm.edu\/index.php\/wp-json\/wp\/v2\/product"}],"about":[{"href":"https:\/\/decepenlinea.uprm.edu\/index.php\/wp-json\/wp\/v2\/types\/product"}],"replies":[{"embeddable":true,"href":"https:\/\/decepenlinea.uprm.edu\/index.php\/wp-json\/wp\/v2\/comments?post=37320"}],"wp:featuredmedia":[{"embeddable":true,"href":"https:\/\/decepenlinea.uprm.edu\/index.php\/wp-json\/wp\/v2\/media\/17874"}],"wp:attachment":[{"href":"https:\/\/decepenlinea.uprm.edu\/index.php\/wp-json\/wp\/v2\/media?parent=37320"}],"wp:term":[{"taxonomy":"product_brand","embeddable":true,"href":"https:\/\/decepenlinea.uprm.edu\/index.php\/wp-json\/wp\/v2\/product_brand?post=37320"},{"taxonomy":"product_cat","embeddable":true,"href":"https:\/\/decepenlinea.uprm.edu\/index.php\/wp-json\/wp\/v2\/product_cat?post=37320"},{"taxonomy":"product_tag","embeddable":true,"href":"https:\/\/decepenlinea.uprm.edu\/index.php\/wp-json\/wp\/v2\/product_tag?post=37320"}],"curies":[{"name":"wp","href":"https:\/\/api.w.org\/{rel}","templated":true}]}}