{"id":37198,"date":"2023-07-12T13:52:51","date_gmt":"2023-07-12T17:52:51","guid":{"rendered":"https:\/\/decepenlinea.uprm.edu\/?post_type=product&#038;p=37198"},"modified":"2025-08-26T11:29:21","modified_gmt":"2025-08-26T15:29:21","slug":"emprendimiento-para-educadores","status":"publish","type":"product","link":"https:\/\/decepenlinea.uprm.edu\/index.php\/product\/emprendimiento-para-educadores\/","title":{"rendered":"Emprendimiento para Educadores"},"content":{"rendered":"<p>\u00a1Bienvenidos al curso a distancia &#8220;Emprendimiento para Educadores&#8221;!<\/p>\n<p>En este curso, exploraremos el apasionante mundo del emprendimiento y su relevancia en la educaci\u00f3n actual. Aprender\u00e1s c\u00f3mo desarrollar ideas iniciales de negocio, aplicar el modelo FODA para analizar fortalezas, oportunidades, debilidades y amenazas, y elaborar una s\u00f3lida misi\u00f3n y visi\u00f3n para tu emprendimiento.<\/p>\n<p>Descubrir\u00e1s la importancia de establecer objetivos generales y espec\u00edficos para guiar tu camino hacia el \u00e9xito empresarial. Tambi\u00e9n te sumergir\u00e1s en el estudio de mercado, aprendiendo c\u00f3mo realizar investigaciones efectivas para comprender las necesidades de tu p\u00fablico objetivo.<\/p>\n<p>Adem\u00e1s, exploraremos conceptos clave de gerencia y liderazgo, brind\u00e1ndote las herramientas necesarias para dirigir tu negocio de manera eficiente.<\/p>\n<p>Te adentrar\u00e1s en el mundo del mercadeo, aprendiendo t\u00e9cnicas y estrategias para promocionar tu emprendimiento. Tambi\u00e9n explorar\u00e1s la interfaz de MS Excel a nivel b\u00e1sico, lo que te permitir\u00e1 organizar y analizar datos importantes para la toma de decisiones.<\/p>\n<p>Aprender\u00e1s los fundamentos del presupuesto, su importancia en la gesti\u00f3n financiera de tu negocio y c\u00f3mo elaborarlo de manera efectiva.<\/p>\n<p>Adem\u00e1s, adquirir\u00e1s conocimientos b\u00e1sicos de dise\u00f1o gr\u00e1fico, dise\u00f1ando logos empresariales y aprendiendo consejos para crear flyers y volantes publicitarios atractivos.<\/p>\n<p>Descubrir\u00e1s c\u00f3mo crear una p\u00e1gina web sencilla utilizando la interfaz de Wix, lo que te permitir\u00e1 establecer una presencia en l\u00ednea para tu emprendimiento.<\/p>\n<p>Finalmente, presentar\u00e1s un proyecto final que incluir\u00e1 todos los componentes aprendidos, como la misi\u00f3n, visi\u00f3n, presupuesto y m\u00e9todos de mercadeo.<\/p>\n<p>\u00a1Este curso te proporcionar\u00e1 las herramientas necesarias para convertirte en un emprendedor educativo exitoso! \u00a1No importa si eres un educador que busca implementar proyectos empresariales en el aula o si deseas emprender tu propio negocio en el \u00e1mbito educativo, este curso te brindar\u00e1 los conocimientos esenciales para hacerlo realidad! \u00a1\u00danete ahora y da vida a tus ideas emprendedoras en el mundo educativo!<\/p>\n<p><strong>Modalidad del curso:<\/strong><\/p>\n<p>Este es un curso *moderado con estrategia sincr\u00f3nica y asincr\u00f3nica. Es un curso flexible ya que se puede participar en cualquier momento y desde cualquier lugar que te encuentres mientras dure el curso. Abre una lecci\u00f3n por semana y el estudiante puede realizarla dentro de las fechas de apertura y cierre.<\/p>\n<p>Una vez pases por el proceso de pago tendr\u00e1s acceso de inmediato al Sistema de Gerencia de Aprendizaje (SGA) de la clase para que te familiarices con su funcionamiento. Podr\u00e1s comenzar a ver el curso en tu \u00e1rea personal del SGA el d\u00eda estipulado para su comienzo.<\/p>\n<p>Se ofrece un certificado de aprobaci\u00f3n al haber completado el curso con la puntuaci\u00f3n m\u00ednima de ejecuci\u00f3n.<\/p>\n<p><strong>El certificado del curso se enviar\u00e1 digital por correo electr\u00f3nico<\/strong><strong>.<\/strong><\/p>\n<p>&nbsp;<\/p>\n<p><strong>*\u00bfQue son los c<\/strong><strong>ursos <\/strong><strong>m<\/strong><strong>oderados<\/strong><strong>?<\/strong><\/p>\n<p>Los cursos moderados son aquellos en el que el instructor lo facilita y tiene interacciones frecuentes con los participantes. La mayor\u00eda de estos cursos tienen fecha de apertura y cierre para cada lecci\u00f3n de la clase. Suele haber metodolog\u00eda de aprendizaje social en estos cursos. Puedes hacer preguntas al instructor y te estar\u00e1 respondiendo \u00a0en 72 horas laborables o menos. En los cursos moderados una vez pasas por el proceso de pago, tendr\u00e1s acceso al Sistema de Gerencia de Aprendizaje del curso, pero no al curso, hasta la fecha de comienzo de este.<\/p>\n<p>Instrucciones para realizar tu pago:<\/p>\n<ol>\n<li>Coloca este art\u00edculo en el carrito de compras.<\/li>\n<li>Dir\u00edgete al bot\u00f3n titulado MI CUENTA, que est\u00e1 en la parte superior de esta p\u00e1gina.<\/li>\n<li>Presiona: No tienes una cuenta<\/li>\n<li>Crea tu cuenta colocando: Nombre, Apellido y Correo electr\u00f3nico<\/li>\n<li>Presiona: Registrarse<\/li>\n<li>Ve al carrito de compras<\/li>\n<li>Presiona: proceder a pagar<\/li>\n<li>Coloca la informaci\u00f3n de tu tarjeta American Express, Visa o MasterCard.<\/li>\n<li>Al finalizar, recibir\u00e1s un recibo de pago en el correo electr\u00f3nico con el que te registraste.<\/li>\n<\/ol>\n<p>&nbsp;<\/p>\n<p>El siguiente tutorial explicar\u00e1 paso a paso c\u00f3mo hacer tu pago:<\/p>\n<p>&nbsp;<\/p>\n<p><iframe loading=\"lazy\" title=\"Video pago examen ingle\u0301s final\" width=\"800\" height=\"450\" src=\"https:\/\/www.youtube.com\/embed\/U_HDK7mLuGA?feature=oembed\" frameborder=\"0\" allow=\"accelerometer; autoplay; clipboard-write; encrypted-media; gyroscope; picture-in-picture; web-share\" allowfullscreen><\/iframe><\/p>\n<p>&nbsp;<\/p>\n<p>&nbsp;<\/p>\n<p>&nbsp;<\/p>\n","protected":false},"excerpt":{"rendered":"<p><strong>Horario:<\/strong> Curso en l\u00ednea &#8211; MODERADO por Prof. Carlos Jim\u00e9nez Cordero<\/p>\n<p><b>Fecha del curso:<\/b>\u00a0 Lista de reservaci\u00f3n. Favor escribir a cread@uprm.edu<\/p>\n<p><b>Matr\u00edcula:<\/b>\u00a0 Puedes reservar espacio desde el este momento (mientras duren los espacios).<\/p>\n<p><strong>Equivalencia de horas contacto:<\/strong> 21<\/p>\n<p><strong>Espacios:<\/strong> 20<\/p>\n","protected":false},"featured_media":37200,"comment_status":"closed","ping_status":"closed","template":"","meta":{"_links_to":"","_links_to_target":""},"product_brand":[],"product_cat":[17,11147],"product_tag":[],"class_list":{"0":"post-37198","1":"product","2":"type-product","3":"status-publish","4":"has-post-thumbnail","6":"product_cat-uncategorized","7":"product_cat-cursos2025","9":"first","10":"instock","11":"sold-individually","12":"shipping-taxable","13":"purchasable","14":"product-type-simple"},"_links":{"self":[{"href":"https:\/\/decepenlinea.uprm.edu\/index.php\/wp-json\/wp\/v2\/product\/37198","targetHints":{"allow":["GET"]}}],"collection":[{"href":"https:\/\/decepenlinea.uprm.edu\/index.php\/wp-json\/wp\/v2\/product"}],"about":[{"href":"https:\/\/decepenlinea.uprm.edu\/index.php\/wp-json\/wp\/v2\/types\/product"}],"replies":[{"embeddable":true,"href":"https:\/\/decepenlinea.uprm.edu\/index.php\/wp-json\/wp\/v2\/comments?post=37198"}],"wp:featuredmedia":[{"embeddable":true,"href":"https:\/\/decepenlinea.uprm.edu\/index.php\/wp-json\/wp\/v2\/media\/37200"}],"wp:attachment":[{"href":"https:\/\/decepenlinea.uprm.edu\/index.php\/wp-json\/wp\/v2\/media?parent=37198"}],"wp:term":[{"taxonomy":"product_brand","embeddable":true,"href":"https:\/\/decepenlinea.uprm.edu\/index.php\/wp-json\/wp\/v2\/product_brand?post=37198"},{"taxonomy":"product_cat","embeddable":true,"href":"https:\/\/decepenlinea.uprm.edu\/index.php\/wp-json\/wp\/v2\/product_cat?post=37198"},{"taxonomy":"product_tag","embeddable":true,"href":"https:\/\/decepenlinea.uprm.edu\/index.php\/wp-json\/wp\/v2\/product_tag?post=37198"}],"curies":[{"name":"wp","href":"https:\/\/api.w.org\/{rel}","templated":true}]}}