{"id":34971,"date":"2023-05-25T15:28:28","date_gmt":"2023-05-25T19:28:28","guid":{"rendered":"https:\/\/decepenlinea.uprm.edu\/?post_type=product&#038;p=34971"},"modified":"2023-06-28T17:47:10","modified_gmt":"2023-06-28T21:47:10","slug":"taller-practico-virtual-acelerando-tu-rendimiento-con-inteligencia-artificial","status":"publish","type":"product","link":"https:\/\/decepenlinea.uprm.edu\/index.php\/product\/taller-practico-virtual-acelerando-tu-rendimiento-con-inteligencia-artificial\/","title":{"rendered":"Taller Pr\u00e1ctico Virtual: Acelerando tu Rendimiento con Inteligencia Artificial"},"content":{"rendered":"<p><span style=\"font-weight: 400;\">Te invitamos a participar en nuestro &#8216;<b>Taller Pr\u00e1ctico Virtual: Acelerando tu Rendimiento con Inteligencia Artificial<\/b>&#8216;, una oportunidad \u00fanica de aprendizaje conducida por el Dr. Jos\u00e9 R. Ferrer, catedr\u00e1tico de la Universidad de Puerto Rico Recinto Universitario de Mayag\u00fcez (UPRM) y director del Centro de Recursos para la Educaci\u00f3n a Distancia (CREAD). Este seminario de Inteligencia Artificial (IA), un taller interactivo de tres horas, transmitido por videoconferencia, te permitir\u00e1 explorar c\u00f3mo la IA puede revolucionar tu productividad y eficiencia.<\/span><\/p>\n<p><span style=\"font-weight: 400;\">Durante dos horas y media, el Dr. Ferrer te acompa\u00f1ar\u00e1 en un viaje de aprendizaje a trav\u00e9s de demostraciones en vivo y ejercicios pr\u00e1cticos con aplicaciones de IA. Podr\u00e1s probar en tiempo real estas herramientas en tu propio dispositivo, proporcion\u00e1ndote una experiencia de aprendizaje inmersiva y pr\u00e1ctica. Posteriormente, tendr\u00e1s la oportunidad de participar en una sesi\u00f3n de preguntas y respuestas de 30 minutos, donde podr\u00e1s aclarar cualquier duda que puedas tener sobre la IA y su aplicaci\u00f3n en el mundo real.<\/span><\/p>\n<p><span style=\"font-weight: 400;\">Al concluir el taller, recibir\u00e1s un certificado de participaci\u00f3n que acredita tres horas de contacto con la IA, el cual ser\u00e1 enviado inmediatamente. No dejes pasar esta valiosa oportunidad de potenciar tus habilidades y acelerar tu desempe\u00f1o con el poder de la Inteligencia Artificial, una herramienta esencial en el mundo tecnol\u00f3gico actual.&#8221;<\/span><\/p>\n<p>&nbsp;<\/p>\n<p><b>Problemas con el pago<\/b>: Si tienes problemas para realizar tu pago, debes escribir a cread@uprm.edu. Este ser\u00e1 el correo electr\u00f3nico oficial para cualquier ayuda t\u00e9cnica (cread@uprm.edu).<\/p>\n<p>&nbsp;<\/p>\n<p>Instrucciones para realizar tu pago:<\/p>\n<ol>\n<li>Coloca este art\u00edculo en el carrito de compras.<\/li>\n<li>Dir\u00edgete al bot\u00f3n titulado MI CUENTA, que est\u00e1 en la parte superior de esta p\u00e1gina.<\/li>\n<li>Presiona: No tienes una cuenta<\/li>\n<li>Crea tu cuenta colocando: Nombre, Apellido y Correo electr\u00f3nico<\/li>\n<li>Presiona: Registrarse<\/li>\n<li>Ve al carrito de compras<\/li>\n<li>Presiona: proceder a pagar<\/li>\n<li>Coloca la informaci\u00f3n de tu tarjeta American Express, Visa o MasterCard.<\/li>\n<li>Al finalizar, recibir\u00e1s un recibo de pago en el correo electr\u00f3nico con el que te registraste.<\/li>\n<\/ol>\n<p>&nbsp;<\/p>\n<p>El siguiente tutorial explicar\u00e1 paso a paso c\u00f3mo hacer tu pago:<\/p>\n<p>&nbsp;<\/p>\n<p><iframe loading=\"lazy\" title=\"Video pago examen ingle\u0301s final\" width=\"800\" height=\"450\" src=\"https:\/\/www.youtube.com\/embed\/U_HDK7mLuGA?feature=oembed\" frameborder=\"0\" allow=\"accelerometer; autoplay; clipboard-write; encrypted-media; gyroscope; picture-in-picture; web-share\" allowfullscreen><\/iframe><\/p>\n<p>&nbsp;<\/p>\n","protected":false},"excerpt":{"rendered":"<p><strong>Recurso:<\/strong> Dr. Jos\u00e9 R. Ferrer<\/p>\n<p><b>Fecha del seminario:<\/b> Mi\u00e9rcoles, 28 de junio de 2023<\/p>\n<p><strong>Horario:<\/strong> Live- 6:00 &#8211; 9:00 pm<\/p>\n<p><strong>Plataforma:<\/strong> Microsoft Teams<\/p>\n<p><strong>Equivalencia de horas contacto:<\/strong> 3<\/p>\n<p><strong>Espacios:<\/strong> Limitados<\/p>\n","protected":false},"featured_media":34972,"comment_status":"closed","ping_status":"closed","template":"","meta":{"_links_to":"","_links_to_target":""},"product_brand":[],"product_cat":[17],"product_tag":[],"class_list":{"0":"post-34971","1":"product","2":"type-product","3":"status-publish","4":"has-post-thumbnail","6":"product_cat-uncategorized","8":"first","9":"outofstock","10":"shipping-taxable","11":"purchasable","12":"product-type-simple"},"_links":{"self":[{"href":"https:\/\/decepenlinea.uprm.edu\/index.php\/wp-json\/wp\/v2\/product\/34971","targetHints":{"allow":["GET"]}}],"collection":[{"href":"https:\/\/decepenlinea.uprm.edu\/index.php\/wp-json\/wp\/v2\/product"}],"about":[{"href":"https:\/\/decepenlinea.uprm.edu\/index.php\/wp-json\/wp\/v2\/types\/product"}],"replies":[{"embeddable":true,"href":"https:\/\/decepenlinea.uprm.edu\/index.php\/wp-json\/wp\/v2\/comments?post=34971"}],"wp:featuredmedia":[{"embeddable":true,"href":"https:\/\/decepenlinea.uprm.edu\/index.php\/wp-json\/wp\/v2\/media\/34972"}],"wp:attachment":[{"href":"https:\/\/decepenlinea.uprm.edu\/index.php\/wp-json\/wp\/v2\/media?parent=34971"}],"wp:term":[{"taxonomy":"product_brand","embeddable":true,"href":"https:\/\/decepenlinea.uprm.edu\/index.php\/wp-json\/wp\/v2\/product_brand?post=34971"},{"taxonomy":"product_cat","embeddable":true,"href":"https:\/\/decepenlinea.uprm.edu\/index.php\/wp-json\/wp\/v2\/product_cat?post=34971"},{"taxonomy":"product_tag","embeddable":true,"href":"https:\/\/decepenlinea.uprm.edu\/index.php\/wp-json\/wp\/v2\/product_tag?post=34971"}],"curies":[{"name":"wp","href":"https:\/\/api.w.org\/{rel}","templated":true}]}}